{"id":1200,"date":"2025-10-07T17:55:04","date_gmt":"2025-10-07T22:55:04","guid":{"rendered":"https:\/\/monterosacoffeecol.com\/?post_type=product&#038;p=1200"},"modified":"2025-10-07T17:56:57","modified_gmt":"2025-10-07T22:56:57","slug":"dripper-con-valvula-switch","status":"publish","type":"product","link":"https:\/\/monterosacoffeecol.com\/?product=dripper-con-valvula-switch","title":{"rendered":"Dripper con V\u00e1lvula SWITCH"},"content":{"rendered":"<p>Disfruta del mejor caf\u00e9 con la cafetera V60, ideal para preparar de 1 a 4 tazas. Este elegante y funcional dripper manual es perfecto para los amantes del caf\u00e9 que buscan un m\u00e9todo de extracci\u00f3n preciso y delicioso.<\/p>\n","protected":false},"excerpt":{"rendered":"<p>Disfruta del mejor caf\u00e9 con la cafetera V60, ideal para preparar de 1 a 4 tazas. Este elegante y funcional dripper manual es perfecto para los amantes del caf\u00e9 que buscan un m\u00e9todo de extracci\u00f3n preciso y delicioso.<\/p>\n","protected":false},"featured_media":1201,"comment_status":"open","ping_status":"closed","template":"","meta":{"_joinchat":[]},"product_brand":[],"product_cat":[45],"product_tag":[],"class_list":{"0":"post-1200","1":"product","2":"type-product","3":"status-publish","4":"has-post-thumbnail","6":"product_cat-v60","8":"first","9":"instock","10":"sale","11":"taxable","12":"shipping-taxable","13":"purchasable","14":"product-type-simple"},"jetpack_sharing_enabled":true,"_links":{"self":[{"href":"https:\/\/monterosacoffeecol.com\/index.php?rest_route=\/wp\/v2\/product\/1200","targetHints":{"allow":["GET"]}}],"collection":[{"href":"https:\/\/monterosacoffeecol.com\/index.php?rest_route=\/wp\/v2\/product"}],"about":[{"href":"https:\/\/monterosacoffeecol.com\/index.php?rest_route=\/wp\/v2\/types\/product"}],"replies":[{"embeddable":true,"href":"https:\/\/monterosacoffeecol.com\/index.php?rest_route=%2Fwp%2Fv2%2Fcomments&post=1200"}],"wp:featuredmedia":[{"embeddable":true,"href":"https:\/\/monterosacoffeecol.com\/index.php?rest_route=\/wp\/v2\/media\/1201"}],"wp:attachment":[{"href":"https:\/\/monterosacoffeecol.com\/index.php?rest_route=%2Fwp%2Fv2%2Fmedia&parent=1200"}],"wp:term":[{"taxonomy":"product_brand","embeddable":true,"href":"https:\/\/monterosacoffeecol.com\/index.php?rest_route=%2Fwp%2Fv2%2Fproduct_brand&post=1200"},{"taxonomy":"product_cat","embeddable":true,"href":"https:\/\/monterosacoffeecol.com\/index.php?rest_route=%2Fwp%2Fv2%2Fproduct_cat&post=1200"},{"taxonomy":"product_tag","embeddable":true,"href":"https:\/\/monterosacoffeecol.com\/index.php?rest_route=%2Fwp%2Fv2%2Fproduct_tag&post=1200"}],"curies":[{"name":"wp","href":"https:\/\/api.w.org\/{rel}","templated":true}]}}