{"id":1182,"date":"2025-10-07T17:20:08","date_gmt":"2025-10-07T22:20:08","guid":{"rendered":"https:\/\/monterosacoffeecol.com\/?post_type=product&#038;p=1182"},"modified":"2025-10-07T17:41:19","modified_gmt":"2025-10-07T22:41:19","slug":"chemex-cafe-metodo-cafe-filtrado-800ml","status":"publish","type":"product","link":"https:\/\/monterosacoffeecol.com\/?product=chemex-cafe-metodo-cafe-filtrado-800ml","title":{"rendered":"Chemex Cafe  M\u00e9todo Caf\u00e9 Filtrado 800ml"},"content":{"rendered":"<p>Chemex de 800ml .<br \/>\nMateriales: Vidrio y Madera.<br \/>\nCapacidad: 800ML<\/p>\n<p>-Cafetera emplea todos los m\u00e9todos qu\u00edmicamente correctos para la elaboraci\u00f3n del caf\u00e9. &#8212;-Frasco en forma de reloj de arena est\u00e1 hecha de vidrio qu\u00edmicamente inerte que no absorben olores ni residuos qu\u00edmicos.<br \/>\n-Incluye un collar de madera pulido con lazo de cuero<\/p>\n","protected":false},"excerpt":{"rendered":"<p>Chemex de 800ml . Materiales: Vidrio y Madera. Capacidad: 800ML -Cafetera emplea todos los m\u00e9todos qu\u00edmicamente correctos para la elaboraci\u00f3n del caf\u00e9. &#8212;-Frasco en forma de reloj de arena est\u00e1 hecha de vidrio qu\u00edmicamente inerte que no absorben olores ni residuos qu\u00edmicos. -Incluye un collar de madera pulido con lazo de cuero<\/p>\n","protected":false},"featured_media":1183,"comment_status":"open","ping_status":"closed","template":"","meta":{"_joinchat":[]},"product_brand":[],"product_cat":[44],"product_tag":[],"class_list":{"0":"post-1182","1":"product","2":"type-product","3":"status-publish","4":"has-post-thumbnail","6":"product_cat-chemex","8":"first","9":"instock","10":"sale","11":"taxable","12":"shipping-taxable","13":"purchasable","14":"product-type-simple"},"jetpack_sharing_enabled":true,"_links":{"self":[{"href":"https:\/\/monterosacoffeecol.com\/index.php?rest_route=\/wp\/v2\/product\/1182","targetHints":{"allow":["GET"]}}],"collection":[{"href":"https:\/\/monterosacoffeecol.com\/index.php?rest_route=\/wp\/v2\/product"}],"about":[{"href":"https:\/\/monterosacoffeecol.com\/index.php?rest_route=\/wp\/v2\/types\/product"}],"replies":[{"embeddable":true,"href":"https:\/\/monterosacoffeecol.com\/index.php?rest_route=%2Fwp%2Fv2%2Fcomments&post=1182"}],"wp:featuredmedia":[{"embeddable":true,"href":"https:\/\/monterosacoffeecol.com\/index.php?rest_route=\/wp\/v2\/media\/1183"}],"wp:attachment":[{"href":"https:\/\/monterosacoffeecol.com\/index.php?rest_route=%2Fwp%2Fv2%2Fmedia&parent=1182"}],"wp:term":[{"taxonomy":"product_brand","embeddable":true,"href":"https:\/\/monterosacoffeecol.com\/index.php?rest_route=%2Fwp%2Fv2%2Fproduct_brand&post=1182"},{"taxonomy":"product_cat","embeddable":true,"href":"https:\/\/monterosacoffeecol.com\/index.php?rest_route=%2Fwp%2Fv2%2Fproduct_cat&post=1182"},{"taxonomy":"product_tag","embeddable":true,"href":"https:\/\/monterosacoffeecol.com\/index.php?rest_route=%2Fwp%2Fv2%2Fproduct_tag&post=1182"}],"curies":[{"name":"wp","href":"https:\/\/api.w.org\/{rel}","templated":true}]}}