{"id":1171,"date":"2025-10-07T16:06:57","date_gmt":"2025-10-07T21:06:57","guid":{"rendered":"https:\/\/monterosacoffeecol.com\/?post_type=product&#038;p=1171"},"modified":"2025-10-07T16:34:35","modified_gmt":"2025-10-07T21:34:35","slug":"cuello-de-cisne-600ml-negro","status":"publish","type":"product","link":"https:\/\/monterosacoffeecol.com\/?product=cuello-de-cisne-600ml-negro","title":{"rendered":"Cuello de Cisne 600ml &#8211; Negro"},"content":{"rendered":"<p>Es una elegante tetera de color negro con una capacidad de 600 ml, perfecta para preparar caf\u00e9 o t\u00e9. Fabricada en acero inoxidable, esta tetera cuenta con un dise\u00f1o de punta fina que permite un flujo controlado del l\u00edquido. Su mango es c\u00f3modo y proporciona seguridad al agarrarlo, aunque se recomienda siempre usar un guante de cocina resistente al calor cuando la tetera est\u00e1 caliente. Para su mantenimiento, se aconseja lavar despu\u00e9s de cada uso y guardar en un lugar fresco y sin humedad.<\/p>\n","protected":false},"excerpt":{"rendered":"<p>Es una elegante tetera de color negro con una capacidad de 600 ml, perfecta para preparar caf\u00e9 o t\u00e9. Fabricada en acero inoxidable, esta tetera cuenta con un dise\u00f1o de punta fina que permite un flujo controlado del l\u00edquido. Su mango es c\u00f3modo y proporciona seguridad al agarrarlo, aunque se recomienda siempre usar un guante [&hellip;]<\/p>\n","protected":false},"featured_media":1169,"comment_status":"open","ping_status":"closed","template":"","meta":{"_joinchat":[]},"product_brand":[],"product_cat":[43],"product_tag":[],"class_list":{"0":"post-1171","1":"product","2":"type-product","3":"status-publish","4":"has-post-thumbnail","6":"product_cat-cuello-de-cisne-metodos-de-preparacion","8":"first","9":"instock","10":"sale","11":"taxable","12":"shipping-taxable","13":"purchasable","14":"product-type-simple"},"jetpack_sharing_enabled":true,"_links":{"self":[{"href":"https:\/\/monterosacoffeecol.com\/index.php?rest_route=\/wp\/v2\/product\/1171","targetHints":{"allow":["GET"]}}],"collection":[{"href":"https:\/\/monterosacoffeecol.com\/index.php?rest_route=\/wp\/v2\/product"}],"about":[{"href":"https:\/\/monterosacoffeecol.com\/index.php?rest_route=\/wp\/v2\/types\/product"}],"replies":[{"embeddable":true,"href":"https:\/\/monterosacoffeecol.com\/index.php?rest_route=%2Fwp%2Fv2%2Fcomments&post=1171"}],"wp:featuredmedia":[{"embeddable":true,"href":"https:\/\/monterosacoffeecol.com\/index.php?rest_route=\/wp\/v2\/media\/1169"}],"wp:attachment":[{"href":"https:\/\/monterosacoffeecol.com\/index.php?rest_route=%2Fwp%2Fv2%2Fmedia&parent=1171"}],"wp:term":[{"taxonomy":"product_brand","embeddable":true,"href":"https:\/\/monterosacoffeecol.com\/index.php?rest_route=%2Fwp%2Fv2%2Fproduct_brand&post=1171"},{"taxonomy":"product_cat","embeddable":true,"href":"https:\/\/monterosacoffeecol.com\/index.php?rest_route=%2Fwp%2Fv2%2Fproduct_cat&post=1171"},{"taxonomy":"product_tag","embeddable":true,"href":"https:\/\/monterosacoffeecol.com\/index.php?rest_route=%2Fwp%2Fv2%2Fproduct_tag&post=1171"}],"curies":[{"name":"wp","href":"https:\/\/api.w.org\/{rel}","templated":true}]}}