{"id":962,"date":"2025-08-28T17:10:14","date_gmt":"2025-08-28T22:10:14","guid":{"rendered":"https:\/\/monterosacoffeecol.com\/?page_id=962"},"modified":"2025-10-07T21:12:00","modified_gmt":"2025-10-08T02:12:00","slug":"v60","status":"publish","type":"page","link":"https:\/\/monterosacoffeecol.com\/?page_id=962","title":{"rendered":"V60"},"content":{"rendered":"\n<blockquote class=\"wp-block-quote is-layout-flow wp-block-quote-is-layout-flow\">\n<p><\/p>\n<\/blockquote>\n\n\n\n<div class=\"wp-block-cover alignfull is-light\"><img loading=\"lazy\" decoding=\"async\" width=\"407\" height=\"277\" class=\"wp-block-cover__image-background wp-image-1098 size-full\" alt=\"\" src=\"https:\/\/monterosacoffeecol.com\/wp-content\/uploads\/2025\/10\/54.png\" data-object-fit=\"cover\" srcset=\"https:\/\/monterosacoffeecol.com\/wp-content\/uploads\/2025\/10\/54.png 407w, https:\/\/monterosacoffeecol.com\/wp-content\/uploads\/2025\/10\/54-300x204.png 300w\" sizes=\"auto, (max-width: 407px) 100vw, 407px\" \/><span aria-hidden=\"true\" class=\"wp-block-cover__background has-background-dim\" style=\"background-color:#878077\"><\/span><div class=\"wp-block-cover__inner-container is-layout-flow wp-block-cover-is-layout-flow\">\n<div class=\"wp-block-group alignfull is-layout-constrained wp-block-group-is-layout-constrained\">\n<h1 class=\"wp-block-heading\"><span style=\"color: #eee7e7;\" class=\"stk-highlight\">Caf\u00e9 Monte Rosa<\/span><\/h1>\n\n\n\n<div class=\"wp-block-stackable-heading stk-block-heading stk-block-heading--v2 stk-block stk-f609ca9\" id=\"span-style-color-fffffe-class-stk-highlight-metodos-de-preparacion-span\" data-block-id=\"f609ca9\"><h2 class=\"stk-block-heading__text\"><span style=\"color: #fffffe;\" class=\"stk-highlight\">M\u00e9todos de preparaci\u00f3n<\/span><\/h2><\/div>\n\n\n\n<div class=\"wp-block-buttons is-layout-flex wp-block-buttons-is-layout-flex\">\n<div class=\"wp-block-button\"><a class=\"wp-block-button__link wp-element-button\" href=\"https:\/\/monterosacoffeecol.com\/?product_cat=variedad-bourbon-rosado\">Comprar ahora<\/a><\/div>\n\n\n\n<div class=\"wp-block-button\"><a class=\"wp-block-button__link wp-element-button\" href=\"https:\/\/monterosacoffeecol.com\/?page_id=758\">Conoce nuestros m\u00e9todos<\/a><\/div>\n<\/div>\n<\/div>\n<\/div><\/div>\n\n\n\n<div class=\"wp-block-stackable-divider stk-block-divider stk-block stk-147f1fc\" data-block-id=\"147f1fc\"><hr class=\"stk-block-divider__hr\"\/><\/div>\n\n\n\n<div class=\"wp-block-stackable-heading stk-block-heading stk-block-heading--v2 stk-block stk-4db4440\" id=\"v-60\" data-block-id=\"4db4440\"><h2 class=\"stk-block-heading__text has-text-align-center\">V60<\/h2><\/div>\n\n\n\n<blockquote class=\"wp-block-quote has-text-align-center is-layout-flow wp-block-quote-is-layout-flow\">\n<p class=\"has-text-align-left\">El <strong>V60<\/strong> es uno de los m\u00e9todos de filtrado m\u00e1s reconocidos en el mundo del caf\u00e9 de especialidad. Su nombre proviene de su dise\u00f1o en forma de cono con un \u00e1ngulo de <strong>60 grados<\/strong>, que, junto a sus espirales internas y un orificio amplio en la base, permite que el agua fluya de manera controlada, resaltando los matices m\u00e1s finos del caf\u00e9.<\/p>\n\n\n\n<p class=\"has-text-align-left\">Este m\u00e9todo ofrece una taza <strong>limpia, arom\u00e1tica y balanceada<\/strong>, donde la precisi\u00f3n en el vertido del agua es clave para lograr un perfil brillante y expresivo. Con el V60 puedes ajustar variables como la molienda, la temperatura del agua y la velocidad de vertido, convirti\u00e9ndolo en una herramienta vers\u00e1til para quienes buscan explorar la riqueza sensorial de cada grano.<\/p>\n\n\n\n<p class=\"has-text-align-left\">Preparar en V60 es un ritual que combina sencillez y t\u00e9cnica: solo necesitas un cono V60, filtro de papel, caf\u00e9 reci\u00e9n molido, agua caliente y una jarra cuello de cisne para controlar el vertido. El resultado es un caf\u00e9 vibrante, con gran claridad en sus notas y un equilibrio perfecto entre cuerpo y acidez.<\/p>\n\n\n\n<p class=\"has-text-align-left\">En Monte Rosa lo recomendamos a quienes disfrutan descubrir todos los matices de un buen caf\u00e9 de origen, con una preparaci\u00f3n artesanal y precisa.<\/p>\n<\/blockquote>\n\n\n\n<div class=\"wp-block-stackable-divider stk-block-divider stk-block stk-ec88408\" data-block-id=\"ec88408\"><hr class=\"stk-block-divider__hr\"\/><\/div>\n\n\n\n<h3 class=\"wp-block-heading\">C\u00f3mo preparar caf\u00e9 en V60<\/h3>\n\n\n\n<p><strong>Lo que necesitas:<\/strong><\/p>\n\n\n\n<ul class=\"wp-block-list\">\n<li>Cono V60<\/li>\n\n\n\n<li>Filtro de papel V60<\/li>\n\n\n\n<li>Caf\u00e9 Monte Rosa molido medio-fino<\/li>\n\n\n\n<li>Agua caliente (90\u201396 \u00b0C)<\/li>\n\n\n\n<li>Jarra cuello de cisne<\/li>\n\n\n\n<li>Balanza y cron\u00f3metro (opcional, pero recomendado)<\/li>\n<\/ul>\n\n\n\n<p><strong>Preparaci\u00f3n:<\/strong><\/p>\n\n\n\n<ol class=\"wp-block-list\">\n<li><strong>Coloca el filtro<\/strong> en el cono V60 y enju\u00e1galo con agua caliente para eliminar sabores a papel y precalentar la taza o jarra. Retira esa agua.<\/li>\n\n\n\n<li><strong>A\u00f1ade el caf\u00e9 molido<\/strong> (aprox. 15 g para 250 ml de agua, ajusta seg\u00fan tu gusto).<\/li>\n\n\n\n<li><strong>Preinfusi\u00f3n<\/strong>: vierte lentamente el doble de agua que la cantidad de caf\u00e9 (30 ml), humedeciendo todo el caf\u00e9 y deja reposar 30 segundos.<\/li>\n\n\n\n<li><strong>Primer vertido<\/strong>: contin\u00faa agregando agua en movimientos circulares desde el centro hacia afuera, sin tocar las paredes del filtro.<\/li>\n\n\n\n<li><strong>Mant\u00e9n el flujo constante<\/strong> hasta alcanzar el volumen de agua deseado. El tiempo total de filtrado debe estar entre 2:30 y 3:30 minutos.<\/li>\n\n\n\n<li><strong>Deja que el agua filtre por completo<\/strong>, retira el V60 y disfruta de un caf\u00e9 limpio, arom\u00e1tico y lleno de matices.<\/li>\n<\/ol>\n\n\n\n<div class=\"wp-block-stackable-separator alignfull stk-block-separator stk--no-padding stk-block stk-a1d342f\" data-block-id=\"a1d342f\"><div class=\"stk-block-separator__inner\"><svg xmlns=\"http:\/\/www.w3.org\/2000\/svg\" viewBox=\"0 0 1600 200\" class=\"stk-separator__layer-1\" preserveAspectRatio=\"none\" aria-hidden=\"true\"><path class=\"wave-1_svg__st2\" d=\"M1341.4 48.9c-182.4 0-254.2 80.4-429.4 80.4-117.8 0-209.7-67.5-393.5-67.5-142.2 0-212.6 38.8-324.6 38.8S-10 64.7-10 64.7V210h1620V102c-110.6-40.2-181-53.1-268.6-53.1z\"><\/path><\/svg><\/div><\/div>\n\n\n\n<div class=\"wp-block-stackable-heading stk-block-heading stk-block-heading--v2 stk-block stk-815344a\" id=\"heading-placeholder\" data-block-id=\"815344a\"><style>.stk-815344a .stk-block-heading__bottom-line{height:2px !important;margin-top:21px !important;margin-left:auto !important;margin-right:auto !important;}<\/style><h2 class=\"stk-block-heading__text has-text-align-center\">V60<\/h2><div class=\"stk-block-heading__bottom-line\"><\/div><\/div>\n\n\n\n<div class=\"wp-block-stackable-carousel stk-block-carousel stk--is-slide stk--arrows-justify-space-between stk--arrows-align-center stk-block stk-a5e0694\" data-slides-to-show=\"3\" data-block-id=\"a5e0694\"><style>.stk-a5e0694 {--slides-to-show:3 !important;}@media screen and (max-width:689px){.stk-a5e0694 {--slides-to-show:1 !important;}}<\/style><div class=\"stk-block-carousel__content-wrapper\"><div class=\"stk-row stk-inner-blocks stk-block-content stk-block-carousel__slider-wrapper stk-content-align stk-a5e0694-column\"><div class=\"stk-block-carousel__slider\" role=\"list\" data-autoplay=\"4000\" data-label-slide-of=\"Slide %%d of %%d\" tabindex=\"0\">\n<div class=\"wp-block-stackable-column stk-block-column stk-column stk-block stk-cd5e0cf\" data-v=\"4\" data-block-id=\"cd5e0cf\"><div class=\"stk-column-wrapper stk-block-column__content stk-container stk-cd5e0cf-container stk-hover-parent\"><div class=\"stk-block-content stk-inner-blocks stk-cd5e0cf-inner-blocks\">\n<div class=\"wp-block-stackable-image stk-block-image stk-block stk-cecfc31\" data-block-id=\"cecfc31\"><figure><span class=\"stk-img-wrapper stk-image--shape-stretch\"><img loading=\"lazy\" decoding=\"async\" class=\"stk-img wp-image-1193\" src=\"https:\/\/monterosacoffeecol.com\/wp-content\/uploads\/2025\/10\/Captura-de-pantalla-2025-10-07-174445.png\" width=\"602\" height=\"468\" srcset=\"https:\/\/monterosacoffeecol.com\/wp-content\/uploads\/2025\/10\/Captura-de-pantalla-2025-10-07-174445.png 602w, https:\/\/monterosacoffeecol.com\/wp-content\/uploads\/2025\/10\/Captura-de-pantalla-2025-10-07-174445-300x233.png 300w, https:\/\/monterosacoffeecol.com\/wp-content\/uploads\/2025\/10\/Captura-de-pantalla-2025-10-07-174445-600x466.png 600w\" sizes=\"auto, (max-width: 602px) 100vw, 602px\" \/><\/span><\/figure><\/div>\n\n\n\n<div class=\"wp-block-stackable-heading stk-block-heading stk-block-heading--v2 stk-block stk-a0ca848\" id=\"title-1-placeholder\" data-block-id=\"a0ca848\"><style>.stk-a0ca848 .stk-block-heading__text{font-weight:bold !important;}<\/style><h3 class=\"stk-block-heading__text has-text-align-center\">Dripper V60 Policarbonato<\/h3><\/div>\n\n\n\n<div class=\"wp-block-buttons alignwide is-content-justification-center is-layout-flex wp-container-core-buttons-is-layout-a89b3969 wp-block-buttons-is-layout-flex\">\n<div class=\"wp-block-button\"><a class=\"wp-block-button__link wp-element-button\" href=\"https:\/\/monterosacoffeecol.com\/?product=dripper-v60-policarbonato\">Comprar ahora<\/a><\/div>\n<\/div>\n<\/div><\/div><\/div>\n\n\n\n<div class=\"wp-block-stackable-column stk-block-column stk-column stk-block stk-3c272e3\" data-v=\"4\" data-block-id=\"3c272e3\"><div class=\"stk-column-wrapper stk-block-column__content stk-container stk-3c272e3-container stk-hover-parent\"><div class=\"stk-block-content stk-inner-blocks stk-3c272e3-inner-blocks\">\n<div class=\"wp-block-stackable-image stk-block-image stk-block stk-2aa0fa3\" data-block-id=\"2aa0fa3\"><style>.stk-2aa0fa3 .stk-img-wrapper{width:82% !important;height:261px !important;}<\/style><figure><span class=\"stk-img-wrapper stk-image--shape-stretch\"><img loading=\"lazy\" decoding=\"async\" class=\"stk-img wp-image-1195\" src=\"https:\/\/monterosacoffeecol.com\/wp-content\/uploads\/2025\/10\/Captura-de-pantalla-2025-10-07-174815.png\" width=\"637\" height=\"585\" srcset=\"https:\/\/monterosacoffeecol.com\/wp-content\/uploads\/2025\/10\/Captura-de-pantalla-2025-10-07-174815.png 637w, https:\/\/monterosacoffeecol.com\/wp-content\/uploads\/2025\/10\/Captura-de-pantalla-2025-10-07-174815-300x276.png 300w, https:\/\/monterosacoffeecol.com\/wp-content\/uploads\/2025\/10\/Captura-de-pantalla-2025-10-07-174815-600x551.png 600w\" sizes=\"auto, (max-width: 637px) 100vw, 637px\" \/><\/span><\/figure><\/div>\n\n\n\n<div class=\"wp-block-stackable-heading stk-block-heading stk-block-heading--v2 stk-block stk-b83993a\" id=\"title-2-placeholder\" data-block-id=\"b83993a\"><style>.stk-b83993a .stk-block-heading__text{font-weight:bold !important;}<\/style><h3 class=\"stk-block-heading__text has-text-align-center\">Dripper V60 Cer\u00e1mico<\/h3><\/div>\n\n\n\n<div class=\"wp-block-buttons is-content-justification-center is-layout-flex wp-container-core-buttons-is-layout-a89b3969 wp-block-buttons-is-layout-flex\">\n<div class=\"wp-block-button\"><a class=\"wp-block-button__link wp-element-button\" href=\"https:\/\/monterosacoffeecol.com\/?product=dripper-v60-ceramico\">Comprar ahora<\/a><\/div>\n<\/div>\n<\/div><\/div><\/div>\n\n\n\n<div class=\"wp-block-stackable-column stk-block-column stk-column stk-block stk-389d8df\" data-v=\"4\" data-block-id=\"389d8df\"><div class=\"stk-column-wrapper stk-block-column__content stk-container stk-389d8df-container stk-hover-parent\"><div class=\"stk-block-content stk-inner-blocks stk-389d8df-inner-blocks\">\n<div class=\"wp-block-stackable-image stk-block-image stk-block stk-e1a5d42\" data-block-id=\"e1a5d42\"><style>.stk-e1a5d42 .stk-img-wrapper{width:358px !important;}<\/style><figure><span class=\"stk-img-wrapper stk-image--shape-stretch\"><img loading=\"lazy\" decoding=\"async\" class=\"stk-img wp-image-1197\" src=\"https:\/\/monterosacoffeecol.com\/wp-content\/uploads\/2025\/10\/Captura-de-pantalla-2025-10-07-174954.png\" width=\"547\" height=\"432\" srcset=\"https:\/\/monterosacoffeecol.com\/wp-content\/uploads\/2025\/10\/Captura-de-pantalla-2025-10-07-174954.png 547w, https:\/\/monterosacoffeecol.com\/wp-content\/uploads\/2025\/10\/Captura-de-pantalla-2025-10-07-174954-300x237.png 300w\" sizes=\"auto, (max-width: 547px) 100vw, 547px\" \/><\/span><\/figure><\/div>\n\n\n\n<div class=\"wp-block-stackable-heading stk-block-heading stk-block-heading--v2 stk-block stk-56cfaa1\" id=\"title-3-placeholder\" data-block-id=\"56cfaa1\"><style>.stk-56cfaa1 .stk-block-heading__text{font-weight:bold !important;}<\/style><h3 class=\"stk-block-heading__text has-text-align-center\">Dripper V60 Acero<br><\/h3><\/div>\n\n\n\n<div class=\"wp-block-buttons is-content-justification-center is-layout-flex wp-container-core-buttons-is-layout-a89b3969 wp-block-buttons-is-layout-flex\">\n<div class=\"wp-block-button\"><a class=\"wp-block-button__link wp-element-button\" href=\"https:\/\/monterosacoffeecol.com\/?product=dripper-v60-acero\">Comprar ahora<\/a><\/div>\n<\/div>\n<\/div><\/div><\/div>\n\n\n\n<div class=\"wp-block-stackable-column stk-block-column stk-column stk-block stk-afa2cc8\" data-v=\"4\" data-block-id=\"afa2cc8\"><div class=\"stk-column-wrapper stk-block-column__content stk-container stk-afa2cc8-container stk-hover-parent\"><div class=\"stk-block-content stk-inner-blocks stk-afa2cc8-inner-blocks\">\n<div class=\"wp-block-stackable-image stk-block-image stk-block stk-d2d35ac\" data-block-id=\"d2d35ac\"><style>.stk-d2d35ac .stk-img-wrapper{width:358px !important;}<\/style><figure><span class=\"stk-img-wrapper stk-image--shape-stretch\"><img loading=\"lazy\" decoding=\"async\" class=\"stk-img wp-image-1199\" src=\"https:\/\/monterosacoffeecol.com\/wp-content\/uploads\/2025\/10\/Captura-de-pantalla-2025-10-07-175307.png\" width=\"383\" height=\"320\" srcset=\"https:\/\/monterosacoffeecol.com\/wp-content\/uploads\/2025\/10\/Captura-de-pantalla-2025-10-07-175307.png 383w, https:\/\/monterosacoffeecol.com\/wp-content\/uploads\/2025\/10\/Captura-de-pantalla-2025-10-07-175307-300x251.png 300w\" sizes=\"auto, (max-width: 383px) 100vw, 383px\" \/><\/span><\/figure><\/div>\n\n\n\n<div class=\"wp-block-stackable-heading stk-block-heading stk-block-heading--v2 stk-block stk-6d8658d\" id=\"title-3-placeholder\" data-block-id=\"6d8658d\"><style>.stk-6d8658d .stk-block-heading__text{font-weight:bold !important;}<\/style><h3 class=\"stk-block-heading__text has-text-align-center\">Dripper V60 Origami<\/h3><\/div>\n\n\n\n<div class=\"wp-block-buttons is-content-justification-center is-layout-flex wp-container-core-buttons-is-layout-a89b3969 wp-block-buttons-is-layout-flex\">\n<div class=\"wp-block-button\"><a class=\"wp-block-button__link wp-element-button\" href=\"https:\/\/monterosacoffeecol.com\/?product=dripper-v60-origami\">Comprar ahora<\/a><\/div>\n<\/div>\n<\/div><\/div><\/div>\n\n\n\n<div class=\"wp-block-stackable-column stk-block-column stk-column stk-block stk-8f94d52\" data-v=\"4\" data-block-id=\"8f94d52\"><div class=\"stk-column-wrapper stk-block-column__content stk-container stk-8f94d52-container stk-hover-parent\"><div class=\"stk-block-content stk-inner-blocks stk-8f94d52-inner-blocks\">\n<div class=\"wp-block-stackable-image stk-block-image stk-block stk-e870481\" data-block-id=\"e870481\"><style>.stk-e870481 .stk-img-wrapper{width:292px !important;height:278px !important;}<\/style><figure><span class=\"stk-img-wrapper stk-image--shape-stretch\"><img loading=\"lazy\" decoding=\"async\" class=\"stk-img wp-image-1201\" src=\"https:\/\/monterosacoffeecol.com\/wp-content\/uploads\/2025\/10\/Captura-de-pantalla-2025-10-07-175545.png\" width=\"567\" height=\"540\" srcset=\"https:\/\/monterosacoffeecol.com\/wp-content\/uploads\/2025\/10\/Captura-de-pantalla-2025-10-07-175545.png 567w, https:\/\/monterosacoffeecol.com\/wp-content\/uploads\/2025\/10\/Captura-de-pantalla-2025-10-07-175545-300x286.png 300w\" sizes=\"auto, (max-width: 567px) 100vw, 567px\" \/><\/span><\/figure><\/div>\n\n\n\n<div class=\"wp-block-stackable-heading stk-block-heading stk-block-heading--v2 stk-block stk-3c6cacd\" id=\"title-3-placeholder\" data-block-id=\"3c6cacd\"><style>.stk-3c6cacd .stk-block-heading__text{font-weight:bold !important;}<\/style><h3 class=\"stk-block-heading__text has-text-align-center\">Dripper con V\u00e1lvula SWITCH<\/h3><\/div>\n\n\n\n<div class=\"wp-block-buttons is-content-justification-center is-layout-flex wp-container-core-buttons-is-layout-a89b3969 wp-block-buttons-is-layout-flex\">\n<div class=\"wp-block-button\"><a class=\"wp-block-button__link wp-element-button\" href=\"https:\/\/monterosacoffeecol.com\/?product=dripper-con-valvula-switch\">Comprar ahora<\/a><\/div>\n<\/div>\n<\/div><\/div><\/div>\n\n\n\n<div class=\"wp-block-stackable-column stk-block-column stk-column stk-block stk-4900376\" data-v=\"4\" data-block-id=\"4900376\"><div class=\"stk-column-wrapper stk-block-column__content stk-container stk-4900376-container stk-hover-parent\"><div class=\"stk-block-content stk-inner-blocks stk-4900376-inner-blocks\">\n<div class=\"wp-block-stackable-image stk-block-image stk-block stk-4250459\" data-block-id=\"4250459\"><style>.stk-4250459 .stk-img-wrapper{width:100% !important;height:289px !important;}<\/style><figure><span class=\"stk-img-wrapper stk-image--shape-stretch\"><img loading=\"lazy\" decoding=\"async\" class=\"stk-img wp-image-1203\" src=\"https:\/\/monterosacoffeecol.com\/wp-content\/uploads\/2025\/10\/Captura-de-pantalla-2025-10-07-175933.png\" width=\"468\" height=\"396\" srcset=\"https:\/\/monterosacoffeecol.com\/wp-content\/uploads\/2025\/10\/Captura-de-pantalla-2025-10-07-175933.png 468w, https:\/\/monterosacoffeecol.com\/wp-content\/uploads\/2025\/10\/Captura-de-pantalla-2025-10-07-175933-300x254.png 300w\" sizes=\"auto, (max-width: 468px) 100vw, 468px\" \/><\/span><\/figure><\/div>\n\n\n\n<div class=\"wp-block-stackable-heading stk-block-heading stk-block-heading--v2 stk-block stk-21700a5\" id=\"title-3-placeholder\" data-block-id=\"21700a5\"><style>.stk-21700a5 .stk-block-heading__text{font-weight:bold !important;}<\/style><h3 class=\"stk-block-heading__text has-text-align-center\">Dripper con Sencillo<br><\/h3><\/div>\n\n\n\n<div class=\"wp-block-buttons is-content-justification-center is-layout-flex wp-container-core-buttons-is-layout-a89b3969 wp-block-buttons-is-layout-flex\">\n<div class=\"wp-block-button\"><a class=\"wp-block-button__link wp-element-button\" href=\"https:\/\/monterosacoffeecol.com\/?product=dripper-con-sencillo\">Comprar ahora<\/a><\/div>\n<\/div>\n<\/div><\/div><\/div>\n\n\n\n<div class=\"wp-block-stackable-column stk-block-column stk-column stk-block stk-18487e0\" data-v=\"4\" data-block-id=\"18487e0\"><div class=\"stk-column-wrapper stk-block-column__content stk-container stk-18487e0-container stk-hover-parent\"><div class=\"stk-block-content stk-inner-blocks stk-18487e0-inner-blocks\">\n<div class=\"wp-block-stackable-image stk-block-image stk-block stk-547bb08\" data-block-id=\"547bb08\"><style>.stk-547bb08 .stk-img-wrapper{width:358px !important;}<\/style><figure><span class=\"stk-img-wrapper stk-image--shape-stretch\"><img loading=\"lazy\" decoding=\"async\" class=\"stk-img wp-image-1205\" src=\"https:\/\/monterosacoffeecol.com\/wp-content\/uploads\/2025\/10\/Captura-de-pantalla-2025-10-07-180219.png\" width=\"462\" height=\"396\" srcset=\"https:\/\/monterosacoffeecol.com\/wp-content\/uploads\/2025\/10\/Captura-de-pantalla-2025-10-07-180219.png 462w, https:\/\/monterosacoffeecol.com\/wp-content\/uploads\/2025\/10\/Captura-de-pantalla-2025-10-07-180219-300x257.png 300w\" sizes=\"auto, (max-width: 462px) 100vw, 462px\" \/><\/span><\/figure><\/div>\n\n\n\n<div class=\"wp-block-stackable-heading stk-block-heading stk-block-heading--v2 stk-block stk-ae05204\" id=\"title-3-placeholder\" data-block-id=\"ae05204\"><style>.stk-ae05204 .stk-block-heading__text{font-weight:bold !important;}<\/style><h3 class=\"stk-block-heading__text has-text-align-center\">Dripper con base de madera y caucho<\/h3><\/div>\n\n\n\n<div class=\"wp-block-buttons is-content-justification-center is-layout-flex wp-container-core-buttons-is-layout-a89b3969 wp-block-buttons-is-layout-flex\">\n<div class=\"wp-block-button\"><a class=\"wp-block-button__link wp-element-button\" href=\"https:\/\/monterosacoffeecol.com\/?product=dripper-con-base-de-madera-y-caucho-2\">Comprar ahora<\/a><\/div>\n<\/div>\n<\/div><\/div><\/div>\n\n\n\n<div class=\"wp-block-stackable-column stk-block-column stk-column stk-block stk-bec0435\" data-v=\"4\" data-block-id=\"bec0435\"><div class=\"stk-column-wrapper stk-block-column__content stk-container stk-bec0435-container stk-hover-parent\"><div class=\"stk-block-content stk-inner-blocks stk-bec0435-inner-blocks\">\n<div class=\"wp-block-stackable-image stk-block-image stk-block stk-b1a7ee1\" data-block-id=\"b1a7ee1\"><style>.stk-b1a7ee1 .stk-img-wrapper{width:215px !important;height:300px !important;}<\/style><figure><span class=\"stk-img-wrapper stk-image--shape-stretch\"><img loading=\"lazy\" decoding=\"async\" class=\"stk-img wp-image-1207\" src=\"https:\/\/monterosacoffeecol.com\/wp-content\/uploads\/2025\/10\/Captura-de-pantalla-2025-10-07-180509.png\" width=\"315\" height=\"440\" srcset=\"https:\/\/monterosacoffeecol.com\/wp-content\/uploads\/2025\/10\/Captura-de-pantalla-2025-10-07-180509.png 315w, https:\/\/monterosacoffeecol.com\/wp-content\/uploads\/2025\/10\/Captura-de-pantalla-2025-10-07-180509-215x300.png 215w, https:\/\/monterosacoffeecol.com\/wp-content\/uploads\/2025\/10\/Captura-de-pantalla-2025-10-07-180509-300x419.png 300w\" sizes=\"auto, (max-width: 315px) 100vw, 315px\" \/><\/span><\/figure><\/div>\n\n\n\n<div class=\"wp-block-stackable-heading stk-block-heading stk-block-heading--v2 stk-block stk-3e56f3e\" id=\"title-3-placeholder\" data-block-id=\"3e56f3e\"><style>.stk-3e56f3e .stk-block-heading__text{font-weight:bold !important;}<\/style><h3 class=\"stk-block-heading__text has-text-align-center\">Set Cafetera V60 Cer\u00e1mica Servidor<\/h3><\/div>\n\n\n\n<div class=\"wp-block-buttons is-content-justification-center is-layout-flex wp-container-core-buttons-is-layout-a89b3969 wp-block-buttons-is-layout-flex\">\n<div class=\"wp-block-button\"><a class=\"wp-block-button__link wp-element-button\" href=\"https:\/\/monterosacoffeecol.com\/?product=dripper-con-base-de-madera-y-caucho\">Comprar ahora<\/a><\/div>\n<\/div>\n<\/div><\/div><\/div>\n<\/div><div class=\"stk-block-carousel__buttons\"><button class=\"stk-block-carousel__button stk-block-carousel__button__prev\" aria-label=\"Previous slide\"><svg aria-hidden=\"true\" focusable=\"false\" data-prefix=\"fas\" data-icon=\"chevron-left\" class=\"svg-inline--fa fa-chevron-left\" xmlns=\"http:\/\/www.w3.org\/2000\/svg\" viewBox=\"0 0 320 512\" width=\"32\" height=\"32\"><path d=\"M34.52 239.03L228.87 44.69c9.37-9.37 24.57-9.37 33.94 0l22.67 22.67c9.36 9.36 9.37 24.52.04 33.9L131.49 256l154.02 154.75c9.34 9.38 9.32 24.54-.04 33.9l-22.67 22.67c-9.37 9.37-24.57 9.37-33.94 0L34.52 272.97c-9.37-9.37-9.37-24.57 0-33.94z\"><\/path><\/svg><\/button><button class=\"stk-block-carousel__button stk-block-carousel__button__next\" aria-label=\"Next slide\"><svg aria-hidden=\"true\" focusable=\"false\" data-prefix=\"fas\" data-icon=\"chevron-right\" class=\"svg-inline--fa fa-chevron-right\" xmlns=\"http:\/\/www.w3.org\/2000\/svg\" viewBox=\"0 0 320 512\" width=\"32\" height=\"32\"><path d=\"M285.476 272.971L91.132 467.314c-9.373 9.373-24.569 9.373-33.941 0l-22.667-22.667c-9.357-9.357-9.375-24.522-.04-33.901L188.505 256 34.484 101.255c-9.335-9.379-9.317-24.544.04-33.901l22.667-22.667c9.373-9.373 24.569-9.373 33.941 0L285.475 239.03c9.373 9.372 9.373 24.568.001 33.941z\"><\/path><\/svg><\/button><\/div><\/div><div class=\"stk-block-carousel__dots\" role=\"list\" data-label=\"Slide %%d\"><\/div><\/div><\/div>\n","protected":false},"excerpt":{"rendered":"<p>V60 El V60 es uno de los m\u00e9todos de filtrado m\u00e1s reconocidos en el mundo del caf\u00e9 de especialidad. Su nombre proviene de su dise\u00f1o en forma de cono con un \u00e1ngulo de 60 grados, que, junto a sus espirales internas y un orificio amplio en la base, permite que el agua fluya de manera [&hellip;]<\/p>\n","protected":false},"author":1,"featured_media":0,"parent":0,"menu_order":0,"comment_status":"closed","ping_status":"closed","template":"","meta":{"_joinchat":[],"footnotes":""},"class_list":["post-962","page","type-page","status-publish","hentry"],"blocksy_meta":[],"jetpack_sharing_enabled":true,"_links":{"self":[{"href":"https:\/\/monterosacoffeecol.com\/index.php?rest_route=\/wp\/v2\/pages\/962","targetHints":{"allow":["GET"]}}],"collection":[{"href":"https:\/\/monterosacoffeecol.com\/index.php?rest_route=\/wp\/v2\/pages"}],"about":[{"href":"https:\/\/monterosacoffeecol.com\/index.php?rest_route=\/wp\/v2\/types\/page"}],"author":[{"embeddable":true,"href":"https:\/\/monterosacoffeecol.com\/index.php?rest_route=\/wp\/v2\/users\/1"}],"replies":[{"embeddable":true,"href":"https:\/\/monterosacoffeecol.com\/index.php?rest_route=%2Fwp%2Fv2%2Fcomments&post=962"}],"version-history":[{"count":4,"href":"https:\/\/monterosacoffeecol.com\/index.php?rest_route=\/wp\/v2\/pages\/962\/revisions"}],"predecessor-version":[{"id":1267,"href":"https:\/\/monterosacoffeecol.com\/index.php?rest_route=\/wp\/v2\/pages\/962\/revisions\/1267"}],"wp:attachment":[{"href":"https:\/\/monterosacoffeecol.com\/index.php?rest_route=%2Fwp%2Fv2%2Fmedia&parent=962"}],"curies":[{"name":"wp","href":"https:\/\/api.w.org\/{rel}","templated":true}]}}