{"id":960,"date":"2025-08-28T17:08:11","date_gmt":"2025-08-28T22:08:11","guid":{"rendered":"https:\/\/monterosacoffeecol.com\/?page_id=960"},"modified":"2025-10-07T20:23:04","modified_gmt":"2025-10-08T01:23:04","slug":"cuello-de-cisne","status":"publish","type":"page","link":"https:\/\/monterosacoffeecol.com\/?page_id=960","title":{"rendered":"Cuello de Cisne"},"content":{"rendered":"\n<blockquote class=\"wp-block-quote is-layout-flow wp-block-quote-is-layout-flow\">\n<p><\/p>\n<\/blockquote>\n\n\n\n<div class=\"wp-block-cover alignfull is-light\"><img loading=\"lazy\" decoding=\"async\" width=\"426\" height=\"472\" class=\"wp-block-cover__image-background wp-image-1078 size-full\" alt=\"\" src=\"https:\/\/monterosacoffeecol.com\/wp-content\/uploads\/2025\/10\/50-.png\" data-object-fit=\"cover\" srcset=\"https:\/\/monterosacoffeecol.com\/wp-content\/uploads\/2025\/10\/50-.png 426w, https:\/\/monterosacoffeecol.com\/wp-content\/uploads\/2025\/10\/50--271x300.png 271w, https:\/\/monterosacoffeecol.com\/wp-content\/uploads\/2025\/10\/50--300x332.png 300w\" sizes=\"auto, (max-width: 426px) 100vw, 426px\" \/><span aria-hidden=\"true\" class=\"wp-block-cover__background has-background-dim\" style=\"background-color:#897e72\"><\/span><div class=\"wp-block-cover__inner-container is-layout-flow wp-block-cover-is-layout-flow\">\n<div class=\"wp-block-group alignfull is-layout-constrained wp-block-group-is-layout-constrained\">\n<h1 class=\"wp-block-heading\"><span style=\"color: #eee7e7;\" class=\"stk-highlight\">Caf\u00e9 Monte Rosa<\/span><\/h1>\n\n\n\n<div class=\"wp-block-stackable-heading stk-block-heading stk-block-heading--v2 stk-block stk-f609ca9\" id=\"span-style-color-fffffe-class-stk-highlight-metodos-de-preparacion-span\" data-block-id=\"f609ca9\"><h2 class=\"stk-block-heading__text\"><span style=\"color: #fffffe;\" class=\"stk-highlight\">M\u00e9todos de preparaci\u00f3n<\/span><\/h2><\/div>\n\n\n\n<div class=\"wp-block-buttons is-layout-flex wp-block-buttons-is-layout-flex\">\n<div class=\"wp-block-button\"><a class=\"wp-block-button__link wp-element-button\" href=\"https:\/\/monterosacoffeecol.com\/?product_cat=variedad-bourbon-rosado\">Comprar ahora<\/a><\/div>\n\n\n\n<div class=\"wp-block-button\"><a class=\"wp-block-button__link wp-element-button\" href=\"https:\/\/monterosacoffeecol.com\/?page_id=758\">Conoce nuestros m\u00e9todos<\/a><\/div>\n<\/div>\n<\/div>\n<\/div><\/div>\n\n\n\n<div class=\"wp-block-stackable-divider stk-block-divider stk-block stk-147f1fc\" data-block-id=\"147f1fc\"><hr class=\"stk-block-divider__hr\"\/><\/div>\n\n\n\n<div class=\"wp-block-stackable-heading stk-block-heading stk-block-heading--v2 stk-block stk-4db4440\" id=\"jarra-cuello-de-cisne\" data-block-id=\"4db4440\"><h2 class=\"stk-block-heading__text has-text-align-center\">Jarra Cuello de Cisne <\/h2><\/div>\n\n\n\n<blockquote class=\"wp-block-quote has-text-align-center is-layout-flow wp-block-quote-is-layout-flow\">\n<p class=\"has-text-align-left\"><strong>Jarra cuello de cisne<\/strong> est\u00e1 pensada para m\u00e9todos de <strong>caf\u00e9 filtrado o de goteo manual<\/strong>, donde el vertido del agua marca la diferencia en la extracci\u00f3n. Los m\u00e1s comunes son:<\/p>\n\n\n\n<p class=\"has-text-align-left\"><strong>AeroPress (en versi\u00f3n invertida con vertido controlado)<\/strong> \u2192 no es lo m\u00e1s com\u00fan, pero una jarra cuello de cisne ayuda en la precisi\u00f3n.<\/p>\n\n\n\n<p class=\"has-text-align-left\"><strong>V60<\/strong> \u2192 uno de los m\u00e1s populares, resalta la claridad y acidez del caf\u00e9.<\/p>\n\n\n\n<p class=\"has-text-align-left\"><strong>Chemex<\/strong> \u2192 ideal para preparar varias tazas con un perfil limpio y arom\u00e1tico.<\/p>\n\n\n\n<p class=\"has-text-align-left\"><strong>Kalita Wave<\/strong> \u2192 ofrece una extracci\u00f3n balanceada y f\u00e1cil de controlar.<\/p>\n\n\n\n<p class=\"has-text-align-left\"><strong>Drippers de cer\u00e1mica, vidrio o metal<\/strong> \u2192 similares al V60 pero con variaciones en el dise\u00f1o.<\/p>\n<\/blockquote>\n\n\n\n<div class=\"wp-block-stackable-divider stk-block-divider stk-block stk-ec88408\" data-block-id=\"ec88408\"><hr class=\"stk-block-divider__hr\"\/><\/div>\n\n\n\n<p>Convierte cada preparaci\u00f3n en una experiencia \u00fanica. Gracias a su pico delgado y curvado, tendr\u00e1s el control perfecto del vertido para resaltar la dulzura, acidez y cuerpo de tu caf\u00e9 de especialidad. Un accesorio indispensable para quienes buscan precisi\u00f3n y excelencia en cada taza.<\/p>\n\n\n\n<ul class=\"wp-block-list\">\n<li>Calienta el agua entre 90 \u00b0C y 96 \u00b0C.<\/li>\n\n\n\n<li>Coloca tu m\u00e9todo de filtrado (V60, Chemex, Kalita, etc.) con el caf\u00e9 molido.<\/li>\n\n\n\n<li>Realiza una preinfusi\u00f3n: vierte un poco de agua en c\u00edrculos hasta humedecer todo el caf\u00e9 y espera 30 segundos.<\/li>\n\n\n\n<li>Vierte lentamente en movimientos circulares desde el centro hacia afuera.<\/li>\n\n\n\n<li>Mant\u00e9n un flujo constante y controlado hasta llegar a la cantidad de agua deseada.<\/li>\n\n\n\n<li>Con este control lograr\u00e1s una extracci\u00f3n pareja, resaltando los mejores sabores de tu caf\u00e9 de especialidad.<\/li>\n<\/ul>\n\n\n\n<div class=\"wp-block-stackable-separator alignfull stk-block-separator stk--no-padding stk-block stk-a1d342f\" data-block-id=\"a1d342f\"><div class=\"stk-block-separator__inner\"><svg xmlns=\"http:\/\/www.w3.org\/2000\/svg\" viewBox=\"0 0 1600 200\" class=\"stk-separator__layer-1\" preserveAspectRatio=\"none\" aria-hidden=\"true\"><path class=\"wave-1_svg__st2\" d=\"M1341.4 48.9c-182.4 0-254.2 80.4-429.4 80.4-117.8 0-209.7-67.5-393.5-67.5-142.2 0-212.6 38.8-324.6 38.8S-10 64.7-10 64.7V210h1620V102c-110.6-40.2-181-53.1-268.6-53.1z\"><\/path><\/svg><\/div><\/div>\n\n\n\n<div class=\"wp-block-stackable-heading stk-block-heading stk-block-heading--v2 stk-block stk-815344a\" id=\"heading-placeholder\" data-block-id=\"815344a\"><style>.stk-815344a .stk-block-heading__bottom-line{height:2px !important;margin-top:21px !important;margin-left:auto !important;margin-right:auto !important;}<\/style><h2 class=\"stk-block-heading__text has-text-align-center\">Jarras Cuello de Cisne<\/h2><div class=\"stk-block-heading__bottom-line\"><\/div><\/div>\n\n\n\n<div class=\"wp-block-stackable-carousel stk-block-carousel stk--is-slide stk--arrows-justify-space-between stk--arrows-align-center stk-block stk-a5e0694\" data-slides-to-show=\"3\" data-block-id=\"a5e0694\"><style>.stk-a5e0694 {--slides-to-show:3 !important;}@media screen and (max-width:689px){.stk-a5e0694 {--slides-to-show:1 !important;}}<\/style><div class=\"stk-block-carousel__content-wrapper\"><div class=\"stk-row stk-inner-blocks stk-block-content stk-block-carousel__slider-wrapper stk-content-align stk-a5e0694-column\"><div class=\"stk-block-carousel__slider\" role=\"list\" data-autoplay=\"4000\" data-label-slide-of=\"Slide %%d of %%d\" tabindex=\"0\">\n<div class=\"wp-block-stackable-column stk-block-column stk-column stk-block stk-cd5e0cf\" data-v=\"4\" data-block-id=\"cd5e0cf\"><div class=\"stk-column-wrapper stk-block-column__content stk-container stk-cd5e0cf-container stk-hover-parent\"><div class=\"stk-block-content stk-inner-blocks stk-cd5e0cf-inner-blocks\">\n<div class=\"wp-block-stackable-image stk-block-image stk-block stk-cecfc31\" data-block-id=\"cecfc31\"><figure><span class=\"stk-img-wrapper stk-image--shape-stretch\"><img loading=\"lazy\" decoding=\"async\" class=\"stk-img wp-image-1165\" src=\"https:\/\/monterosacoffeecol.com\/wp-content\/uploads\/2025\/10\/Captura-de-pantalla-2025-10-07-154203.png\" width=\"842\" height=\"613\" srcset=\"https:\/\/monterosacoffeecol.com\/wp-content\/uploads\/2025\/10\/Captura-de-pantalla-2025-10-07-154203.png 842w, https:\/\/monterosacoffeecol.com\/wp-content\/uploads\/2025\/10\/Captura-de-pantalla-2025-10-07-154203-300x218.png 300w, https:\/\/monterosacoffeecol.com\/wp-content\/uploads\/2025\/10\/Captura-de-pantalla-2025-10-07-154203-768x559.png 768w, https:\/\/monterosacoffeecol.com\/wp-content\/uploads\/2025\/10\/Captura-de-pantalla-2025-10-07-154203-600x437.png 600w\" sizes=\"auto, (max-width: 842px) 100vw, 842px\" \/><\/span><\/figure><\/div>\n\n\n\n<div class=\"wp-block-stackable-heading stk-block-heading stk-block-heading--v2 stk-block stk-a0ca848\" id=\"title-1-placeholder\" data-block-id=\"a0ca848\"><style>.stk-a0ca848 .stk-block-heading__text{font-weight:bold !important;}<\/style><h3 class=\"stk-block-heading__text has-text-align-center\">Cuello de Cisne 600ml<\/h3><\/div>\n\n\n\n<div class=\"wp-block-buttons alignwide is-content-justification-center is-layout-flex wp-container-core-buttons-is-layout-a89b3969 wp-block-buttons-is-layout-flex\">\n<div class=\"wp-block-button\"><a class=\"wp-block-button__link wp-element-button\" href=\"https:\/\/monterosacoffeecol.com\/?product=cuello-de-cisne-600ml\">Comprar ahora<\/a><\/div>\n<\/div>\n<\/div><\/div><\/div>\n\n\n\n<div class=\"wp-block-stackable-column stk-block-column stk-column stk-block stk-3c272e3\" data-v=\"4\" data-block-id=\"3c272e3\"><div class=\"stk-column-wrapper stk-block-column__content stk-container stk-3c272e3-container stk-hover-parent\"><div class=\"stk-block-content stk-inner-blocks stk-3c272e3-inner-blocks\">\n<div class=\"wp-block-stackable-image stk-block-image stk-block stk-2aa0fa3\" data-block-id=\"2aa0fa3\"><style>.stk-2aa0fa3 .stk-img-wrapper{width:75% !important;height:257px !important;}<\/style><figure><span class=\"stk-img-wrapper stk-image--shape-stretch\"><img loading=\"lazy\" decoding=\"async\" class=\"stk-img wp-image-1169\" src=\"https:\/\/monterosacoffeecol.com\/wp-content\/uploads\/2025\/10\/Captura-de-pantalla-2025-10-07-160417.png\" width=\"423\" height=\"420\" srcset=\"https:\/\/monterosacoffeecol.com\/wp-content\/uploads\/2025\/10\/Captura-de-pantalla-2025-10-07-160417.png 423w, https:\/\/monterosacoffeecol.com\/wp-content\/uploads\/2025\/10\/Captura-de-pantalla-2025-10-07-160417-300x298.png 300w, https:\/\/monterosacoffeecol.com\/wp-content\/uploads\/2025\/10\/Captura-de-pantalla-2025-10-07-160417-150x150.png 150w, https:\/\/monterosacoffeecol.com\/wp-content\/uploads\/2025\/10\/Captura-de-pantalla-2025-10-07-160417-100x100.png 100w\" sizes=\"auto, (max-width: 423px) 100vw, 423px\" \/><\/span><\/figure><\/div>\n\n\n\n<div class=\"wp-block-stackable-heading stk-block-heading stk-block-heading--v2 stk-block stk-b83993a\" id=\"title-2-placeholder\" data-block-id=\"b83993a\"><style>.stk-b83993a .stk-block-heading__text{font-weight:bold !important;}<\/style><h3 class=\"stk-block-heading__text has-text-align-center\">Cuello de Cisne 600ml \u2013 Negro<\/h3><\/div>\n\n\n\n<div class=\"wp-block-buttons is-content-justification-center is-layout-flex wp-container-core-buttons-is-layout-a89b3969 wp-block-buttons-is-layout-flex\">\n<div class=\"wp-block-button\"><a class=\"wp-block-button__link wp-element-button\" href=\"https:\/\/monterosacoffeecol.com\/?product=cuello-de-cisne-600ml-negro\">Comprar ahora<\/a><\/div>\n<\/div>\n<\/div><\/div><\/div>\n\n\n\n<div class=\"wp-block-stackable-column stk-block-column stk-column stk-block stk-389d8df\" data-v=\"4\" data-block-id=\"389d8df\"><div class=\"stk-column-wrapper stk-block-column__content stk-container stk-389d8df-container stk-hover-parent\"><div class=\"stk-block-content stk-inner-blocks stk-389d8df-inner-blocks\">\n<div class=\"wp-block-stackable-image stk-block-image stk-block stk-e1a5d42\" data-block-id=\"e1a5d42\"><style>.stk-e1a5d42 .stk-img-wrapper{width:362px !important;height:241px !important;}<\/style><figure><span class=\"stk-img-wrapper stk-image--shape-stretch\"><img loading=\"lazy\" decoding=\"async\" class=\"stk-img wp-image-1173\" src=\"https:\/\/monterosacoffeecol.com\/wp-content\/uploads\/2025\/10\/Captura-de-pantalla-2025-10-07-161424.png\" width=\"778\" height=\"521\" srcset=\"https:\/\/monterosacoffeecol.com\/wp-content\/uploads\/2025\/10\/Captura-de-pantalla-2025-10-07-161424.png 778w, https:\/\/monterosacoffeecol.com\/wp-content\/uploads\/2025\/10\/Captura-de-pantalla-2025-10-07-161424-300x201.png 300w, https:\/\/monterosacoffeecol.com\/wp-content\/uploads\/2025\/10\/Captura-de-pantalla-2025-10-07-161424-768x514.png 768w, https:\/\/monterosacoffeecol.com\/wp-content\/uploads\/2025\/10\/Captura-de-pantalla-2025-10-07-161424-600x402.png 600w\" sizes=\"auto, (max-width: 778px) 100vw, 778px\" \/><\/span><\/figure><\/div>\n\n\n\n<div class=\"wp-block-stackable-heading stk-block-heading stk-block-heading--v2 stk-block stk-56cfaa1\" id=\"title-3-placeholder\" data-block-id=\"56cfaa1\"><style>.stk-56cfaa1 .stk-block-heading__text{font-weight:bold !important;}<\/style><h3 class=\"stk-block-heading__text has-text-align-center\">Cuello de Cisne 1200ml con Term\u00f3metro<\/h3><\/div>\n\n\n\n<div class=\"wp-block-buttons is-content-justification-center is-layout-flex wp-container-core-buttons-is-layout-a89b3969 wp-block-buttons-is-layout-flex\">\n<div class=\"wp-block-button\"><a class=\"wp-block-button__link wp-element-button\" href=\"https:\/\/monterosacoffeecol.com\/?product=cuello-de-cisne-1200ml-con-termometro\">Comprar ahora<\/a><\/div>\n<\/div>\n<\/div><\/div><\/div>\n\n\n\n<div class=\"wp-block-stackable-column stk-block-column stk-column stk-block stk-afa2cc8\" data-v=\"4\" data-block-id=\"afa2cc8\"><div class=\"stk-column-wrapper stk-block-column__content stk-container stk-afa2cc8-container stk-hover-parent\"><div class=\"stk-block-content stk-inner-blocks stk-afa2cc8-inner-blocks\">\n<div class=\"wp-block-stackable-image stk-block-image stk-block stk-d2d35ac\" data-block-id=\"d2d35ac\"><style>.stk-d2d35ac .stk-img-wrapper{width:358px !important;}<\/style><figure><span class=\"stk-img-wrapper stk-image--shape-stretch\"><img loading=\"lazy\" decoding=\"async\" class=\"stk-img wp-image-1175\" src=\"https:\/\/monterosacoffeecol.com\/wp-content\/uploads\/2025\/10\/Captura-de-pantalla-2025-10-07-161826.png\" width=\"770\" height=\"616\" srcset=\"https:\/\/monterosacoffeecol.com\/wp-content\/uploads\/2025\/10\/Captura-de-pantalla-2025-10-07-161826.png 770w, https:\/\/monterosacoffeecol.com\/wp-content\/uploads\/2025\/10\/Captura-de-pantalla-2025-10-07-161826-300x240.png 300w, https:\/\/monterosacoffeecol.com\/wp-content\/uploads\/2025\/10\/Captura-de-pantalla-2025-10-07-161826-768x614.png 768w, https:\/\/monterosacoffeecol.com\/wp-content\/uploads\/2025\/10\/Captura-de-pantalla-2025-10-07-161826-600x480.png 600w\" sizes=\"auto, (max-width: 770px) 100vw, 770px\" \/><\/span><\/figure><\/div>\n\n\n\n<div class=\"wp-block-stackable-heading stk-block-heading stk-block-heading--v2 stk-block stk-6d8658d\" id=\"title-3-placeholder\" data-block-id=\"6d8658d\"><style>.stk-6d8658d .stk-block-heading__text{font-weight:bold !important;}<\/style><h3 class=\"stk-block-heading__text has-text-align-center\">Cuello de Cisne El\u00e9ctrica1200ml<\/h3><\/div>\n\n\n\n<div class=\"wp-block-buttons is-content-justification-center is-layout-flex wp-container-core-buttons-is-layout-a89b3969 wp-block-buttons-is-layout-flex\">\n<div class=\"wp-block-button\"><a class=\"wp-block-button__link wp-element-button\" href=\"https:\/\/monterosacoffeecol.com\/?product=cuello-de-cisne-electrica1200ml\">Comprar ahora<\/a><\/div>\n<\/div>\n<\/div><\/div><\/div>\n\n\n\n<div class=\"wp-block-stackable-column stk-block-column stk-column stk-block stk-8f94d52\" data-v=\"4\" data-block-id=\"8f94d52\"><div class=\"stk-column-wrapper stk-block-column__content stk-container stk-8f94d52-container stk-hover-parent\"><div class=\"stk-block-content stk-inner-blocks stk-8f94d52-inner-blocks\">\n<div class=\"wp-block-stackable-image stk-block-image stk-block stk-e870481\" data-block-id=\"e870481\"><style>.stk-e870481 .stk-img-wrapper{width:358px !important;}<\/style><figure><span class=\"stk-img-wrapper stk-image--shape-stretch\"><img loading=\"lazy\" decoding=\"async\" class=\"stk-img wp-image-1177\" src=\"https:\/\/monterosacoffeecol.com\/wp-content\/uploads\/2025\/10\/Captura-de-pantalla-2025-10-07-162300.png\" width=\"781\" height=\"588\" srcset=\"https:\/\/monterosacoffeecol.com\/wp-content\/uploads\/2025\/10\/Captura-de-pantalla-2025-10-07-162300.png 781w, https:\/\/monterosacoffeecol.com\/wp-content\/uploads\/2025\/10\/Captura-de-pantalla-2025-10-07-162300-300x226.png 300w, https:\/\/monterosacoffeecol.com\/wp-content\/uploads\/2025\/10\/Captura-de-pantalla-2025-10-07-162300-768x578.png 768w, https:\/\/monterosacoffeecol.com\/wp-content\/uploads\/2025\/10\/Captura-de-pantalla-2025-10-07-162300-600x452.png 600w\" sizes=\"auto, (max-width: 781px) 100vw, 781px\" \/><\/span><\/figure><\/div>\n\n\n\n<div class=\"wp-block-stackable-heading stk-block-heading stk-block-heading--v2 stk-block stk-3c6cacd\" id=\"title-3-placeholder\" data-block-id=\"3c6cacd\"><style>.stk-3c6cacd .stk-block-heading__text{font-weight:bold !important;}<\/style><h3 class=\"stk-block-heading__text has-text-align-center\">Cuello de Cisne El\u00e9ctrica PREMIUM 1000ml<br><\/h3><\/div>\n\n\n\n<div class=\"wp-block-buttons is-content-justification-center is-layout-flex wp-container-core-buttons-is-layout-a89b3969 wp-block-buttons-is-layout-flex\">\n<div class=\"wp-block-button\"><a class=\"wp-block-button__link wp-element-button\" href=\"https:\/\/monterosacoffeecol.com\/?product=cuello-de-cisne-electrica-premium-1000ml\">Comprar ahora<\/a><\/div>\n<\/div>\n<\/div><\/div><\/div>\n\n\n\n<div class=\"wp-block-stackable-column stk-block-column stk-column stk-block stk-4900376\" data-v=\"4\" data-block-id=\"4900376\"><div class=\"stk-column-wrapper stk-block-column__content stk-container stk-4900376-container stk-hover-parent\"><div class=\"stk-block-content stk-inner-blocks stk-4900376-inner-blocks\">\n<div class=\"wp-block-stackable-image stk-block-image stk-block stk-4250459\" data-block-id=\"4250459\"><style>.stk-4250459 .stk-img-wrapper{width:100% !important;height:261px !important;}<\/style><figure><span class=\"stk-img-wrapper stk-image--shape-stretch\"><img loading=\"lazy\" decoding=\"async\" class=\"stk-img wp-image-1179\" src=\"https:\/\/monterosacoffeecol.com\/wp-content\/uploads\/2025\/10\/Captura-de-pantalla-2025-10-07-162658.png\" width=\"778\" height=\"583\" srcset=\"https:\/\/monterosacoffeecol.com\/wp-content\/uploads\/2025\/10\/Captura-de-pantalla-2025-10-07-162658.png 778w, https:\/\/monterosacoffeecol.com\/wp-content\/uploads\/2025\/10\/Captura-de-pantalla-2025-10-07-162658-300x225.png 300w, https:\/\/monterosacoffeecol.com\/wp-content\/uploads\/2025\/10\/Captura-de-pantalla-2025-10-07-162658-768x576.png 768w, https:\/\/monterosacoffeecol.com\/wp-content\/uploads\/2025\/10\/Captura-de-pantalla-2025-10-07-162658-600x450.png 600w\" sizes=\"auto, (max-width: 778px) 100vw, 778px\" \/><\/span><\/figure><\/div>\n\n\n\n<div class=\"wp-block-stackable-heading stk-block-heading stk-block-heading--v2 stk-block stk-21700a5\" id=\"title-3-placeholder\" data-block-id=\"21700a5\"><style>.stk-21700a5 .stk-block-heading__text{font-weight:bold !important;}<\/style><h3 class=\"stk-block-heading__text has-text-align-center\">Cuello de Cisne El\u00e9ctrica PRO 900ml<\/h3><\/div>\n\n\n\n<div class=\"wp-block-buttons is-content-justification-center is-layout-flex wp-container-core-buttons-is-layout-a89b3969 wp-block-buttons-is-layout-flex\">\n<div class=\"wp-block-button\"><a class=\"wp-block-button__link wp-element-button\" href=\"https:\/\/monterosacoffeecol.com\/?product=cuello-de-cisne-electrica-pro-900ml\">Comprar ahora<\/a><\/div>\n<\/div>\n<\/div><\/div><\/div>\n\n\n\n<div class=\"wp-block-stackable-column stk-block-column stk-column stk-block stk-18487e0\" data-v=\"4\" data-block-id=\"18487e0\"><div class=\"stk-column-wrapper stk-block-column__content stk-container stk-18487e0-container stk-hover-parent\"><div class=\"stk-block-content stk-inner-blocks stk-18487e0-inner-blocks\">\n<div class=\"wp-block-stackable-image stk-block-image stk-block stk-547bb08\" data-block-id=\"547bb08\"><style>.stk-547bb08 .stk-img-wrapper{width:358px !important;}<\/style><figure><span class=\"stk-img-wrapper stk-image--shape-stretch\"><img loading=\"lazy\" decoding=\"async\" class=\"stk-img wp-image-1169\" src=\"https:\/\/monterosacoffeecol.com\/wp-content\/uploads\/2025\/10\/Captura-de-pantalla-2025-10-07-160417.png\" width=\"423\" height=\"420\" srcset=\"https:\/\/monterosacoffeecol.com\/wp-content\/uploads\/2025\/10\/Captura-de-pantalla-2025-10-07-160417.png 423w, https:\/\/monterosacoffeecol.com\/wp-content\/uploads\/2025\/10\/Captura-de-pantalla-2025-10-07-160417-300x298.png 300w, https:\/\/monterosacoffeecol.com\/wp-content\/uploads\/2025\/10\/Captura-de-pantalla-2025-10-07-160417-150x150.png 150w, https:\/\/monterosacoffeecol.com\/wp-content\/uploads\/2025\/10\/Captura-de-pantalla-2025-10-07-160417-100x100.png 100w\" sizes=\"auto, (max-width: 423px) 100vw, 423px\" \/><\/span><\/figure><\/div>\n\n\n\n<div class=\"wp-block-stackable-heading stk-block-heading stk-block-heading--v2 stk-block stk-ae05204\" id=\"title-3-placeholder\" data-block-id=\"ae05204\"><style>.stk-ae05204 .stk-block-heading__text{font-weight:bold !important;}<\/style><h3 class=\"stk-block-heading__text has-text-align-center\">Cuello de Cisne 400ml \u2013 Negro<\/h3><\/div>\n\n\n\n<div class=\"wp-block-buttons is-content-justification-center is-layout-flex wp-container-core-buttons-is-layout-a89b3969 wp-block-buttons-is-layout-flex\">\n<div class=\"wp-block-button\"><a class=\"wp-block-button__link wp-element-button\">Comprar ahora<\/a><\/div>\n<\/div>\n<\/div><\/div><\/div>\n\n\n\n<div class=\"wp-block-stackable-column stk-block-column stk-column stk-block stk-bec0435\" data-v=\"4\" data-block-id=\"bec0435\"><div class=\"stk-column-wrapper stk-block-column__content stk-container stk-bec0435-container stk-hover-parent\"><div class=\"stk-block-content stk-inner-blocks stk-bec0435-inner-blocks\">\n<div class=\"wp-block-stackable-image stk-block-image stk-block stk-b1a7ee1\" data-block-id=\"b1a7ee1\"><style>.stk-b1a7ee1 .stk-img-wrapper{width:350px !important;height:349px !important;}<\/style><figure><span class=\"stk-img-wrapper stk-image--shape-stretch\"><img loading=\"lazy\" decoding=\"async\" class=\"stk-img wp-image-1165\" src=\"https:\/\/monterosacoffeecol.com\/wp-content\/uploads\/2025\/10\/Captura-de-pantalla-2025-10-07-154203.png\" width=\"842\" height=\"613\" srcset=\"https:\/\/monterosacoffeecol.com\/wp-content\/uploads\/2025\/10\/Captura-de-pantalla-2025-10-07-154203.png 842w, https:\/\/monterosacoffeecol.com\/wp-content\/uploads\/2025\/10\/Captura-de-pantalla-2025-10-07-154203-300x218.png 300w, https:\/\/monterosacoffeecol.com\/wp-content\/uploads\/2025\/10\/Captura-de-pantalla-2025-10-07-154203-768x559.png 768w, https:\/\/monterosacoffeecol.com\/wp-content\/uploads\/2025\/10\/Captura-de-pantalla-2025-10-07-154203-600x437.png 600w\" sizes=\"auto, (max-width: 842px) 100vw, 842px\" \/><\/span><\/figure><\/div>\n\n\n\n<div class=\"wp-block-stackable-heading stk-block-heading stk-block-heading--v2 stk-block stk-3e56f3e\" id=\"title-3-placeholder\" data-block-id=\"3e56f3e\"><style>.stk-3e56f3e .stk-block-heading__text{font-weight:bold !important;}<\/style><h3 class=\"stk-block-heading__text has-text-align-center\">Cuello de Cisne 400ml<\/h3><\/div>\n\n\n\n<div class=\"wp-block-buttons is-content-justification-center is-layout-flex wp-container-core-buttons-is-layout-a89b3969 wp-block-buttons-is-layout-flex\">\n<div class=\"wp-block-button\"><a class=\"wp-block-button__link wp-element-button\" href=\"https:\/\/monterosacoffeecol.com\/?product=cuello-de-cisne-400ml\">Comprar ahora<\/a><\/div>\n<\/div>\n<\/div><\/div><\/div>\n<\/div><div class=\"stk-block-carousel__buttons\"><button class=\"stk-block-carousel__button stk-block-carousel__button__prev\" aria-label=\"Previous slide\"><svg aria-hidden=\"true\" focusable=\"false\" data-prefix=\"fas\" data-icon=\"chevron-left\" class=\"svg-inline--fa fa-chevron-left\" xmlns=\"http:\/\/www.w3.org\/2000\/svg\" viewBox=\"0 0 320 512\" width=\"32\" height=\"32\"><path d=\"M34.52 239.03L228.87 44.69c9.37-9.37 24.57-9.37 33.94 0l22.67 22.67c9.36 9.36 9.37 24.52.04 33.9L131.49 256l154.02 154.75c9.34 9.38 9.32 24.54-.04 33.9l-22.67 22.67c-9.37 9.37-24.57 9.37-33.94 0L34.52 272.97c-9.37-9.37-9.37-24.57 0-33.94z\"><\/path><\/svg><\/button><button class=\"stk-block-carousel__button stk-block-carousel__button__next\" aria-label=\"Next slide\"><svg aria-hidden=\"true\" focusable=\"false\" data-prefix=\"fas\" data-icon=\"chevron-right\" class=\"svg-inline--fa fa-chevron-right\" xmlns=\"http:\/\/www.w3.org\/2000\/svg\" viewBox=\"0 0 320 512\" width=\"32\" height=\"32\"><path d=\"M285.476 272.971L91.132 467.314c-9.373 9.373-24.569 9.373-33.941 0l-22.667-22.667c-9.357-9.357-9.375-24.522-.04-33.901L188.505 256 34.484 101.255c-9.335-9.379-9.317-24.544.04-33.901l22.667-22.667c9.373-9.373 24.569-9.373 33.941 0L285.475 239.03c9.373 9.372 9.373 24.568.001 33.941z\"><\/path><\/svg><\/button><\/div><\/div><div class=\"stk-block-carousel__dots\" role=\"list\" data-label=\"Slide %%d\"><\/div><\/div><\/div>\n","protected":false},"excerpt":{"rendered":"<p>Jarra Cuello de Cisne Jarra cuello de cisne est\u00e1 pensada para m\u00e9todos de caf\u00e9 filtrado o de goteo manual, donde el vertido del agua marca la diferencia en la extracci\u00f3n. Los m\u00e1s comunes son: AeroPress (en versi\u00f3n invertida con vertido controlado) \u2192 no es lo m\u00e1s com\u00fan, pero una jarra cuello de cisne ayuda en [&hellip;]<\/p>\n","protected":false},"author":1,"featured_media":0,"parent":0,"menu_order":0,"comment_status":"closed","ping_status":"closed","template":"","meta":{"_joinchat":[],"footnotes":""},"class_list":["post-960","page","type-page","status-publish","hentry"],"blocksy_meta":[],"jetpack_sharing_enabled":true,"_links":{"self":[{"href":"https:\/\/monterosacoffeecol.com\/index.php?rest_route=\/wp\/v2\/pages\/960","targetHints":{"allow":["GET"]}}],"collection":[{"href":"https:\/\/monterosacoffeecol.com\/index.php?rest_route=\/wp\/v2\/pages"}],"about":[{"href":"https:\/\/monterosacoffeecol.com\/index.php?rest_route=\/wp\/v2\/types\/page"}],"author":[{"embeddable":true,"href":"https:\/\/monterosacoffeecol.com\/index.php?rest_route=\/wp\/v2\/users\/1"}],"replies":[{"embeddable":true,"href":"https:\/\/monterosacoffeecol.com\/index.php?rest_route=%2Fwp%2Fv2%2Fcomments&post=960"}],"version-history":[{"count":5,"href":"https:\/\/monterosacoffeecol.com\/index.php?rest_route=\/wp\/v2\/pages\/960\/revisions"}],"predecessor-version":[{"id":1258,"href":"https:\/\/monterosacoffeecol.com\/index.php?rest_route=\/wp\/v2\/pages\/960\/revisions\/1258"}],"wp:attachment":[{"href":"https:\/\/monterosacoffeecol.com\/index.php?rest_route=%2Fwp%2Fv2%2Fmedia&parent=960"}],"curies":[{"name":"wp","href":"https:\/\/api.w.org\/{rel}","templated":true}]}}