{"id":954,"date":"2025-08-28T17:04:15","date_gmt":"2025-08-28T22:04:15","guid":{"rendered":"https:\/\/monterosacoffeecol.com\/?page_id=954"},"modified":"2025-10-07T19:52:59","modified_gmt":"2025-10-08T00:52:59","slug":"molinos","status":"publish","type":"page","link":"https:\/\/monterosacoffeecol.com\/?page_id=954","title":{"rendered":"Molino de Caf\u00e9"},"content":{"rendered":"\n<blockquote class=\"wp-block-quote is-layout-flow wp-block-quote-is-layout-flow\">\n<p><\/p>\n<\/blockquote>\n\n\n\n<div class=\"wp-block-cover alignfull is-light\"><img loading=\"lazy\" decoding=\"async\" width=\"421\" height=\"342\" class=\"wp-block-cover__image-background wp-image-1088 size-full\" alt=\"\" src=\"https:\/\/monterosacoffeecol.com\/wp-content\/uploads\/2025\/10\/41.png\" data-object-fit=\"cover\" srcset=\"https:\/\/monterosacoffeecol.com\/wp-content\/uploads\/2025\/10\/41.png 421w, https:\/\/monterosacoffeecol.com\/wp-content\/uploads\/2025\/10\/41-300x244.png 300w\" sizes=\"auto, (max-width: 421px) 100vw, 421px\" \/><span aria-hidden=\"true\" class=\"wp-block-cover__background has-background-dim\" style=\"background-color:#877f75\"><\/span><div class=\"wp-block-cover__inner-container is-layout-flow wp-block-cover-is-layout-flow\">\n<div class=\"wp-block-group alignfull is-layout-constrained wp-block-group-is-layout-constrained\">\n<h1 class=\"wp-block-heading\"><span style=\"color: #eee7e7;\" class=\"stk-highlight\">Caf\u00e9 Monte Rosa<\/span><\/h1>\n\n\n\n<div class=\"wp-block-stackable-heading stk-block-heading stk-block-heading--v2 stk-block stk-f609ca9\" id=\"span-style-color-fffffe-class-stk-highlight-metodos-de-preparacion-span\" data-block-id=\"f609ca9\"><h2 class=\"stk-block-heading__text\"><span style=\"color: #fffffe;\" class=\"stk-highlight\">M\u00e9todos de preparaci\u00f3n<\/span><\/h2><\/div>\n\n\n\n<div class=\"wp-block-buttons is-layout-flex wp-block-buttons-is-layout-flex\">\n<div class=\"wp-block-button\"><a class=\"wp-block-button__link wp-element-button\" href=\"https:\/\/monterosacoffeecol.com\/?product_cat=variedad-bourbon-rosado\">Comprar ahora<\/a><\/div>\n\n\n\n<div class=\"wp-block-button\"><a class=\"wp-block-button__link wp-element-button\" href=\"https:\/\/monterosacoffeecol.com\/?page_id=758\">Conoce nuestros m\u00e9todos<\/a><\/div>\n<\/div>\n<\/div>\n<\/div><\/div>\n\n\n\n<div class=\"wp-block-stackable-divider stk-block-divider stk-block stk-147f1fc\" data-block-id=\"147f1fc\"><hr class=\"stk-block-divider__hr\"\/><\/div>\n\n\n\n<div class=\"wp-block-stackable-heading stk-block-heading stk-block-heading--v2 stk-block stk-4db4440\" id=\"molino-manual-de-cafe\" data-block-id=\"4db4440\"><h2 class=\"stk-block-heading__text has-text-align-center\">Molino Manual de Caf\u00e9<\/h2><\/div>\n\n\n\n<div class=\"wp-block-stackable-divider stk-block-divider stk-block stk-ec88408\" data-block-id=\"ec88408\"><hr class=\"stk-block-divider__hr\"\/><\/div>\n\n\n\n<p>Tener un molino manual es una de las mejores decisiones para quienes buscan vivir la experiencia del caf\u00e9 de especialidad en todo su esplendor. Al moler los granos justo antes de la preparaci\u00f3n, garantizas que cada taza conserve la frescura, los aromas y los sabores que se pierden r\u00e1pidamente en un caf\u00e9 ya molido.<\/p>\n\n\n\n<p>Un buen molino manual te ofrece control absoluto sobre el grosor de la molienda, adapt\u00e1ndose a distintos m\u00e9todos: desde una molienda gruesa para prensa francesa, hasta una fina para espresso o un punto medio para V60 y Chemex. Esa versatilidad asegura que cada preparaci\u00f3n resalte lo mejor de la variedad que elijas.<\/p>\n\n\n\n<p>Adem\u00e1s de su practicidad y portabilidad \u2014pues no requiere electricidad y lo puedes llevar a cualquier lugar\u2014, el molino manual convierte la rutina en un ritual. El simple acto de girar la manivela te conecta con el caf\u00e9, con el tiempo y con el momento, transformando una preparaci\u00f3n en una experiencia m\u00e1s consciente y placentera.<\/p>\n\n\n\n<p>En Monte Rosa creemos que un molino manual no es solo un accesorio: es una herramienta esencial para quienes valoran la frescura, la precisi\u00f3n y la magia detr\u00e1s de cada taza.<\/p>\n\n\n\n<div class=\"wp-block-stackable-separator alignfull stk-block-separator stk--no-padding stk-block stk-a1d342f\" data-block-id=\"a1d342f\"><div class=\"stk-block-separator__inner\"><svg xmlns=\"http:\/\/www.w3.org\/2000\/svg\" viewBox=\"0 0 1600 200\" class=\"stk-separator__layer-1\" preserveAspectRatio=\"none\" aria-hidden=\"true\"><path class=\"wave-1_svg__st2\" d=\"M1341.4 48.9c-182.4 0-254.2 80.4-429.4 80.4-117.8 0-209.7-67.5-393.5-67.5-142.2 0-212.6 38.8-324.6 38.8S-10 64.7-10 64.7V210h1620V102c-110.6-40.2-181-53.1-268.6-53.1z\"><\/path><\/svg><\/div><\/div>\n\n\n\n<div class=\"wp-block-stackable-heading stk-block-heading stk-block-heading--v2 stk-block stk-815344a\" id=\"heading-placeholder\" data-block-id=\"815344a\"><style>.stk-815344a .stk-block-heading__bottom-line{height:2px !important;margin-top:21px !important;margin-left:auto !important;margin-right:auto !important;}<\/style><h2 class=\"stk-block-heading__text has-text-align-center\">Molinos<\/h2><div class=\"stk-block-heading__bottom-line\"><\/div><\/div>\n\n\n\n<div class=\"wp-block-stackable-carousel stk-block-carousel stk--is-slide stk--arrows-justify-space-between stk--arrows-align-center stk-block stk-a5e0694\" data-slides-to-show=\"3\" data-block-id=\"a5e0694\"><style>.stk-a5e0694 {--slides-to-show:3 !important;}@media screen and (max-width:689px){.stk-a5e0694 {--slides-to-show:1 !important;}}<\/style><div class=\"stk-block-carousel__content-wrapper\"><div class=\"stk-row stk-inner-blocks stk-block-content stk-block-carousel__slider-wrapper stk-content-align stk-a5e0694-column\"><div class=\"stk-block-carousel__slider\" role=\"list\" data-autoplay=\"4000\" data-label-slide-of=\"Slide %%d of %%d\" tabindex=\"0\">\n<div class=\"wp-block-stackable-column stk-block-column stk-column stk-block stk-cd5e0cf\" data-v=\"4\" data-block-id=\"cd5e0cf\"><div class=\"stk-column-wrapper stk-block-column__content stk-container stk-cd5e0cf-container stk-hover-parent\"><div class=\"stk-block-content stk-inner-blocks stk-cd5e0cf-inner-blocks\">\n<div class=\"wp-block-stackable-image stk-block-image stk-block stk-cecfc31\" data-block-id=\"cecfc31\"><figure><span class=\"stk-img-wrapper stk-image--shape-stretch\"><img loading=\"lazy\" decoding=\"async\" class=\"stk-img wp-image-1150\" src=\"https:\/\/monterosacoffeecol.com\/wp-content\/uploads\/2025\/10\/Captura-de-pantalla-2025-10-07-122119.png\" width=\"682\" height=\"728\" srcset=\"https:\/\/monterosacoffeecol.com\/wp-content\/uploads\/2025\/10\/Captura-de-pantalla-2025-10-07-122119.png 682w, https:\/\/monterosacoffeecol.com\/wp-content\/uploads\/2025\/10\/Captura-de-pantalla-2025-10-07-122119-281x300.png 281w, https:\/\/monterosacoffeecol.com\/wp-content\/uploads\/2025\/10\/Captura-de-pantalla-2025-10-07-122119-300x320.png 300w, https:\/\/monterosacoffeecol.com\/wp-content\/uploads\/2025\/10\/Captura-de-pantalla-2025-10-07-122119-600x640.png 600w\" sizes=\"auto, (max-width: 682px) 100vw, 682px\" \/><\/span><\/figure><\/div>\n\n\n\n<div class=\"wp-block-stackable-heading stk-block-heading stk-block-heading--v2 stk-block stk-a0ca848\" id=\"title-1-placeholder\" data-block-id=\"a0ca848\"><style>.stk-a0ca848 .stk-block-heading__text{font-weight:bold !important;}<\/style><h3 class=\"stk-block-heading__text has-text-align-center\">Molino de Acero Inoxidable \u2013 Peque\u00f1o<\/h3><\/div>\n\n\n\n<div class=\"wp-block-buttons alignwide is-content-justification-center is-layout-flex wp-container-core-buttons-is-layout-a89b3969 wp-block-buttons-is-layout-flex\">\n<div class=\"wp-block-button\"><a class=\"wp-block-button__link wp-element-button\" href=\"https:\/\/monterosacoffeecol.com\/?product=molinode-acero-inoxidable-pequeno\">Comprar ahora<\/a><\/div>\n<\/div>\n<\/div><\/div><\/div>\n\n\n\n<div class=\"wp-block-stackable-column stk-block-column stk-column stk-block stk-3c272e3\" data-v=\"4\" data-block-id=\"3c272e3\"><div class=\"stk-column-wrapper stk-block-column__content stk-container stk-3c272e3-container stk-hover-parent\"><div class=\"stk-block-content stk-inner-blocks stk-3c272e3-inner-blocks\">\n<div class=\"wp-block-stackable-image stk-block-image stk-block stk-2aa0fa3\" data-block-id=\"2aa0fa3\"><style>.stk-2aa0fa3 {margin-bottom:29px !important;}.stk-2aa0fa3 .stk-img-wrapper{width:100% !important;height:368px !important;}<\/style><figure><span class=\"stk-img-wrapper stk-image--shape-stretch\"><img loading=\"lazy\" decoding=\"async\" class=\"stk-img wp-image-1153\" src=\"https:\/\/monterosacoffeecol.com\/wp-content\/uploads\/2025\/10\/Captura-de-pantalla-2025-10-07-123143.png\" width=\"688\" height=\"682\" srcset=\"https:\/\/monterosacoffeecol.com\/wp-content\/uploads\/2025\/10\/Captura-de-pantalla-2025-10-07-123143.png 688w, https:\/\/monterosacoffeecol.com\/wp-content\/uploads\/2025\/10\/Captura-de-pantalla-2025-10-07-123143-300x297.png 300w, https:\/\/monterosacoffeecol.com\/wp-content\/uploads\/2025\/10\/Captura-de-pantalla-2025-10-07-123143-150x150.png 150w, https:\/\/monterosacoffeecol.com\/wp-content\/uploads\/2025\/10\/Captura-de-pantalla-2025-10-07-123143-600x595.png 600w, https:\/\/monterosacoffeecol.com\/wp-content\/uploads\/2025\/10\/Captura-de-pantalla-2025-10-07-123143-100x100.png 100w\" sizes=\"auto, (max-width: 688px) 100vw, 688px\" \/><\/span><\/figure><\/div>\n\n\n\n<div class=\"wp-block-stackable-heading stk-block-heading stk-block-heading--v2 stk-block stk-b83993a\" id=\"title-2-placeholder\" data-block-id=\"b83993a\"><style>.stk-b83993a .stk-block-heading__text{font-weight:bold !important;}<\/style><h3 class=\"stk-block-heading__text has-text-align-center\">Molino de Polietileno Negro<\/h3><\/div>\n\n\n\n<div class=\"wp-block-buttons is-content-justification-center is-layout-flex wp-container-core-buttons-is-layout-a89b3969 wp-block-buttons-is-layout-flex\">\n<div class=\"wp-block-button\"><a class=\"wp-block-button__link wp-element-button\" href=\"https:\/\/monterosacoffeecol.com\/?product=molino-de-polietileno-negro\">Comprar ahora<\/a><\/div>\n<\/div>\n<\/div><\/div><\/div>\n\n\n\n<div class=\"wp-block-stackable-column stk-block-column stk-column stk-block stk-389d8df\" data-v=\"4\" data-block-id=\"389d8df\"><div class=\"stk-column-wrapper stk-block-column__content stk-container stk-389d8df-container stk-hover-parent\"><div class=\"stk-block-content stk-inner-blocks stk-389d8df-inner-blocks\">\n<div class=\"wp-block-stackable-image stk-block-image stk-block stk-e1a5d42\" data-block-id=\"e1a5d42\"><style>.stk-e1a5d42 .stk-img-wrapper{width:350px !important;height:379px !important;}<\/style><figure><span class=\"stk-img-wrapper stk-image--shape-stretch\"><img loading=\"lazy\" decoding=\"async\" class=\"stk-img wp-image-1155\" src=\"https:\/\/monterosacoffeecol.com\/wp-content\/uploads\/2025\/10\/Captura-de-pantalla-2025-10-07-123442.png\" width=\"785\" height=\"600\" srcset=\"https:\/\/monterosacoffeecol.com\/wp-content\/uploads\/2025\/10\/Captura-de-pantalla-2025-10-07-123442.png 785w, https:\/\/monterosacoffeecol.com\/wp-content\/uploads\/2025\/10\/Captura-de-pantalla-2025-10-07-123442-300x229.png 300w, https:\/\/monterosacoffeecol.com\/wp-content\/uploads\/2025\/10\/Captura-de-pantalla-2025-10-07-123442-768x587.png 768w, https:\/\/monterosacoffeecol.com\/wp-content\/uploads\/2025\/10\/Captura-de-pantalla-2025-10-07-123442-600x459.png 600w\" sizes=\"auto, (max-width: 785px) 100vw, 785px\" \/><\/span><\/figure><\/div>\n\n\n\n<div class=\"wp-block-stackable-heading stk-block-heading stk-block-heading--v2 stk-block stk-56cfaa1\" id=\"title-3-placeholder\" data-block-id=\"56cfaa1\"><style>.stk-56cfaa1 .stk-block-heading__text{font-weight:bold !important;}<\/style><h3 class=\"stk-block-heading__text has-text-align-center\">Molino Manual Premium<\/h3><\/div>\n\n\n\n<div class=\"wp-block-buttons is-content-justification-center is-layout-flex wp-container-core-buttons-is-layout-a89b3969 wp-block-buttons-is-layout-flex\">\n<div class=\"wp-block-button\"><a class=\"wp-block-button__link wp-element-button\" href=\"https:\/\/monterosacoffeecol.com\/?product=molino-manual-premium\">Comprar ahora<\/a><\/div>\n<\/div>\n<\/div><\/div><\/div>\n\n\n\n<div class=\"wp-block-stackable-column stk-block-column stk-column stk-block stk-afa2cc8\" data-v=\"4\" data-block-id=\"afa2cc8\"><div class=\"stk-column-wrapper stk-block-column__content stk-container stk-afa2cc8-container stk-hover-parent\"><div class=\"stk-block-content stk-inner-blocks stk-afa2cc8-inner-blocks\">\n<div class=\"wp-block-stackable-image stk-block-image stk-block stk-d2d35ac\" data-block-id=\"d2d35ac\"><style>.stk-d2d35ac .stk-img-wrapper{width:350px !important;height:378px !important;}<\/style><figure><span class=\"stk-img-wrapper stk-image--shape-stretch\"><img loading=\"lazy\" decoding=\"async\" class=\"stk-img wp-image-1157\" src=\"https:\/\/monterosacoffeecol.com\/wp-content\/uploads\/2025\/10\/Captura-de-pantalla-2025-10-07-123601.png\" width=\"777\" height=\"635\" srcset=\"https:\/\/monterosacoffeecol.com\/wp-content\/uploads\/2025\/10\/Captura-de-pantalla-2025-10-07-123601.png 777w, https:\/\/monterosacoffeecol.com\/wp-content\/uploads\/2025\/10\/Captura-de-pantalla-2025-10-07-123601-300x245.png 300w, https:\/\/monterosacoffeecol.com\/wp-content\/uploads\/2025\/10\/Captura-de-pantalla-2025-10-07-123601-768x628.png 768w, https:\/\/monterosacoffeecol.com\/wp-content\/uploads\/2025\/10\/Captura-de-pantalla-2025-10-07-123601-600x490.png 600w\" sizes=\"auto, (max-width: 777px) 100vw, 777px\" \/><\/span><\/figure><\/div>\n\n\n\n<div class=\"wp-block-stackable-heading stk-block-heading stk-block-heading--v2 stk-block stk-6d8658d\" id=\"title-3-placeholder\" data-block-id=\"6d8658d\"><style>.stk-6d8658d .stk-block-heading__text{font-weight:bold !important;}<\/style><h3 class=\"stk-block-heading__text has-text-align-center\">Molino Manual PRO<\/h3><\/div>\n\n\n\n<div class=\"wp-block-buttons is-content-justification-center is-layout-flex wp-container-core-buttons-is-layout-a89b3969 wp-block-buttons-is-layout-flex\">\n<div class=\"wp-block-button\"><a class=\"wp-block-button__link wp-element-button\" href=\"https:\/\/monterosacoffeecol.com\/?product=molino-manual-pro\">Comprar ahora<\/a><\/div>\n<\/div>\n<\/div><\/div><\/div>\n\n\n\n<div class=\"wp-block-stackable-column stk-block-column stk-column stk-block stk-8f94d52\" data-v=\"4\" data-block-id=\"8f94d52\"><div class=\"stk-column-wrapper stk-block-column__content stk-container stk-8f94d52-container stk-hover-parent\"><div class=\"stk-block-content stk-inner-blocks stk-8f94d52-inner-blocks\">\n<div class=\"wp-block-stackable-image stk-block-image stk-block stk-e870481\" data-block-id=\"e870481\"><style>.stk-e870481 .stk-img-wrapper{width:350px !important;height:380px !important;}<\/style><figure><span class=\"stk-img-wrapper stk-image--shape-stretch\"><img loading=\"lazy\" decoding=\"async\" class=\"stk-img wp-image-1159\" src=\"https:\/\/monterosacoffeecol.com\/wp-content\/uploads\/2025\/10\/Captura-de-pantalla-2025-10-07-151823.png\" width=\"756\" height=\"716\" srcset=\"https:\/\/monterosacoffeecol.com\/wp-content\/uploads\/2025\/10\/Captura-de-pantalla-2025-10-07-151823.png 756w, https:\/\/monterosacoffeecol.com\/wp-content\/uploads\/2025\/10\/Captura-de-pantalla-2025-10-07-151823-300x284.png 300w, https:\/\/monterosacoffeecol.com\/wp-content\/uploads\/2025\/10\/Captura-de-pantalla-2025-10-07-151823-600x568.png 600w\" sizes=\"auto, (max-width: 756px) 100vw, 756px\" \/><\/span><\/figure><\/div>\n\n\n\n<div class=\"wp-block-stackable-heading stk-block-heading stk-block-heading--v2 stk-block stk-3c6cacd\" id=\"title-3-placeholder\" data-block-id=\"3c6cacd\"><style>.stk-3c6cacd .stk-block-heading__text{font-weight:bold !important;}<\/style><h3 class=\"stk-block-heading__text has-text-align-center\">Molino USB<\/h3><\/div>\n\n\n\n<div class=\"wp-block-buttons is-content-justification-center is-layout-flex wp-container-core-buttons-is-layout-a89b3969 wp-block-buttons-is-layout-flex\">\n<div class=\"wp-block-button\"><a class=\"wp-block-button__link wp-element-button\" href=\"https:\/\/monterosacoffeecol.com\/?product=molino-usb\">Comprar ahora<\/a><\/div>\n<\/div>\n<\/div><\/div><\/div>\n\n\n\n<div class=\"wp-block-stackable-column stk-block-column stk-column stk-block stk-4900376\" data-v=\"4\" data-block-id=\"4900376\"><div class=\"stk-column-wrapper stk-block-column__content stk-container stk-4900376-container stk-hover-parent\"><div class=\"stk-block-content stk-inner-blocks stk-4900376-inner-blocks\">\n<div class=\"wp-block-stackable-image stk-block-image stk-block stk-4250459\" data-block-id=\"4250459\"><style>.stk-4250459 .stk-img-wrapper{width:100% !important;height:380px !important;}<\/style><figure><span class=\"stk-img-wrapper stk-image--shape-stretch\"><img loading=\"lazy\" decoding=\"async\" class=\"stk-img wp-image-1162\" src=\"https:\/\/monterosacoffeecol.com\/wp-content\/uploads\/2025\/10\/Captura-de-pantalla-2025-10-07-152157.png\" width=\"421\" height=\"427\" srcset=\"https:\/\/monterosacoffeecol.com\/wp-content\/uploads\/2025\/10\/Captura-de-pantalla-2025-10-07-152157.png 421w, https:\/\/monterosacoffeecol.com\/wp-content\/uploads\/2025\/10\/Captura-de-pantalla-2025-10-07-152157-296x300.png 296w, https:\/\/monterosacoffeecol.com\/wp-content\/uploads\/2025\/10\/Captura-de-pantalla-2025-10-07-152157-300x304.png 300w, https:\/\/monterosacoffeecol.com\/wp-content\/uploads\/2025\/10\/Captura-de-pantalla-2025-10-07-152157-100x100.png 100w\" sizes=\"auto, (max-width: 421px) 100vw, 421px\" \/><\/span><\/figure><\/div>\n\n\n\n<div class=\"wp-block-stackable-heading stk-block-heading stk-block-heading--v2 stk-block stk-21700a5\" id=\"title-3-placeholder\" data-block-id=\"21700a5\"><style>.stk-21700a5 .stk-block-heading__text{font-weight:bold !important;}<\/style><h3 class=\"stk-block-heading__text has-text-align-center\">UND MOLINO ELECTRICO RECARGABLE NEGRO 40CLIPS<\/h3><\/div>\n\n\n\n<div class=\"wp-block-buttons is-content-justification-center is-layout-flex wp-container-core-buttons-is-layout-a89b3969 wp-block-buttons-is-layout-flex\">\n<div class=\"wp-block-button\"><a class=\"wp-block-button__link wp-element-button\" href=\"https:\/\/monterosacoffeecol.com\/?product=und-molino-electrico-recargable-negro-40clips\">Comprar ahora<\/a><\/div>\n<\/div>\n<\/div><\/div><\/div>\n\n\n\n<div class=\"wp-block-stackable-column stk-block-column stk-column stk-block stk-18487e0\" data-v=\"4\" data-block-id=\"18487e0\"><div class=\"stk-column-wrapper stk-block-column__content stk-container stk-18487e0-container stk-hover-parent\"><div class=\"stk-block-content stk-inner-blocks stk-18487e0-inner-blocks\">\n<div class=\"wp-block-stackable-image stk-block-image stk-block stk-547bb08\" data-block-id=\"547bb08\"><style>.stk-547bb08 .stk-img-wrapper{width:358px !important;}<\/style><figure><span class=\"stk-img-wrapper stk-image--shape-stretch\"><img loading=\"lazy\" decoding=\"async\" class=\"stk-img wp-image-1150\" src=\"https:\/\/monterosacoffeecol.com\/wp-content\/uploads\/2025\/10\/Captura-de-pantalla-2025-10-07-122119.png\" width=\"682\" height=\"728\" srcset=\"https:\/\/monterosacoffeecol.com\/wp-content\/uploads\/2025\/10\/Captura-de-pantalla-2025-10-07-122119.png 682w, https:\/\/monterosacoffeecol.com\/wp-content\/uploads\/2025\/10\/Captura-de-pantalla-2025-10-07-122119-281x300.png 281w, https:\/\/monterosacoffeecol.com\/wp-content\/uploads\/2025\/10\/Captura-de-pantalla-2025-10-07-122119-300x320.png 300w, https:\/\/monterosacoffeecol.com\/wp-content\/uploads\/2025\/10\/Captura-de-pantalla-2025-10-07-122119-600x640.png 600w\" sizes=\"auto, (max-width: 682px) 100vw, 682px\" \/><\/span><\/figure><\/div>\n\n\n\n<div class=\"wp-block-stackable-heading stk-block-heading stk-block-heading--v2 stk-block stk-ae05204\" id=\"title-3-placeholder\" data-block-id=\"ae05204\"><style>.stk-ae05204 .stk-block-heading__text{font-weight:bold !important;}<\/style><h3 class=\"stk-block-heading__text has-text-align-center\">Molino de Acero Inoxidable \u2013 Grande<\/h3><\/div>\n\n\n\n<div class=\"wp-block-buttons is-content-justification-center is-layout-flex wp-container-core-buttons-is-layout-a89b3969 wp-block-buttons-is-layout-flex\">\n<div class=\"wp-block-button\"><a class=\"wp-block-button__link wp-element-button\" href=\"https:\/\/monterosacoffeecol.com\/?product=molino-de-acero-inoxidable-grande\">Comprar ahora<\/a><\/div>\n<\/div>\n<\/div><\/div><\/div>\n\n\n\n<div class=\"wp-block-stackable-column stk-block-column stk-column stk-block stk-bec0435\" data-v=\"4\" data-block-id=\"bec0435\"><div class=\"stk-column-wrapper stk-block-column__content stk-container stk-bec0435-container stk-hover-parent\"><div class=\"stk-block-content stk-inner-blocks stk-bec0435-inner-blocks\">\n<div class=\"wp-block-stackable-image stk-block-image stk-block stk-b1a7ee1\" data-block-id=\"b1a7ee1\"><style>.stk-b1a7ee1 .stk-img-wrapper{width:358px !important;}<\/style><figure><span class=\"stk-img-wrapper stk-image--shape-stretch\"><img loading=\"lazy\" decoding=\"async\" class=\"stk-img wp-image-1150\" src=\"https:\/\/monterosacoffeecol.com\/wp-content\/uploads\/2025\/10\/Captura-de-pantalla-2025-10-07-122119.png\" width=\"682\" height=\"728\" srcset=\"https:\/\/monterosacoffeecol.com\/wp-content\/uploads\/2025\/10\/Captura-de-pantalla-2025-10-07-122119.png 682w, https:\/\/monterosacoffeecol.com\/wp-content\/uploads\/2025\/10\/Captura-de-pantalla-2025-10-07-122119-281x300.png 281w, https:\/\/monterosacoffeecol.com\/wp-content\/uploads\/2025\/10\/Captura-de-pantalla-2025-10-07-122119-300x320.png 300w, https:\/\/monterosacoffeecol.com\/wp-content\/uploads\/2025\/10\/Captura-de-pantalla-2025-10-07-122119-600x640.png 600w\" sizes=\"auto, (max-width: 682px) 100vw, 682px\" \/><\/span><\/figure><\/div>\n\n\n\n<div class=\"wp-block-stackable-heading stk-block-heading stk-block-heading--v2 stk-block stk-3e56f3e\" id=\"title-3-placeholder\" data-block-id=\"3e56f3e\"><style>.stk-3e56f3e .stk-block-heading__text{font-weight:bold !important;}<\/style><h3 class=\"stk-block-heading__text has-text-align-center\">Molino de Acero Inoxidable \u2013 Peque\u00f1o<\/h3><\/div>\n\n\n\n<div class=\"wp-block-buttons is-content-justification-center is-layout-flex wp-container-core-buttons-is-layout-a89b3969 wp-block-buttons-is-layout-flex\">\n<div class=\"wp-block-button\"><a class=\"wp-block-button__link wp-element-button\" href=\"https:\/\/monterosacoffeecol.com\/?product=molinode-acero-inoxidable-pequeno\">Comprar ahora<\/a><\/div>\n<\/div>\n<\/div><\/div><\/div>\n<\/div><div class=\"stk-block-carousel__buttons\"><button class=\"stk-block-carousel__button stk-block-carousel__button__prev\" aria-label=\"Previous slide\"><svg aria-hidden=\"true\" focusable=\"false\" data-prefix=\"fas\" data-icon=\"chevron-left\" class=\"svg-inline--fa fa-chevron-left\" xmlns=\"http:\/\/www.w3.org\/2000\/svg\" viewBox=\"0 0 320 512\" width=\"32\" height=\"32\"><path d=\"M34.52 239.03L228.87 44.69c9.37-9.37 24.57-9.37 33.94 0l22.67 22.67c9.36 9.36 9.37 24.52.04 33.9L131.49 256l154.02 154.75c9.34 9.38 9.32 24.54-.04 33.9l-22.67 22.67c-9.37 9.37-24.57 9.37-33.94 0L34.52 272.97c-9.37-9.37-9.37-24.57 0-33.94z\"><\/path><\/svg><\/button><button class=\"stk-block-carousel__button stk-block-carousel__button__next\" aria-label=\"Next slide\"><svg aria-hidden=\"true\" focusable=\"false\" data-prefix=\"fas\" data-icon=\"chevron-right\" class=\"svg-inline--fa fa-chevron-right\" xmlns=\"http:\/\/www.w3.org\/2000\/svg\" viewBox=\"0 0 320 512\" width=\"32\" height=\"32\"><path d=\"M285.476 272.971L91.132 467.314c-9.373 9.373-24.569 9.373-33.941 0l-22.667-22.667c-9.357-9.357-9.375-24.522-.04-33.901L188.505 256 34.484 101.255c-9.335-9.379-9.317-24.544.04-33.901l22.667-22.667c9.373-9.373 24.569-9.373 33.941 0L285.475 239.03c9.373 9.372 9.373 24.568.001 33.941z\"><\/path><\/svg><\/button><\/div><\/div><div class=\"stk-block-carousel__dots\" role=\"list\" data-label=\"Slide %%d\"><\/div><\/div><\/div>\n","protected":false},"excerpt":{"rendered":"<p>Molino Manual de Caf\u00e9 Tener un molino manual es una de las mejores decisiones para quienes buscan vivir la experiencia del caf\u00e9 de especialidad en todo su esplendor. Al moler los granos justo antes de la preparaci\u00f3n, garantizas que cada taza conserve la frescura, los aromas y los sabores que se pierden r\u00e1pidamente en un [&hellip;]<\/p>\n","protected":false},"author":1,"featured_media":0,"parent":0,"menu_order":0,"comment_status":"closed","ping_status":"closed","template":"","meta":{"_joinchat":[],"footnotes":""},"class_list":["post-954","page","type-page","status-publish","hentry"],"blocksy_meta":[],"jetpack_sharing_enabled":true,"_links":{"self":[{"href":"https:\/\/monterosacoffeecol.com\/index.php?rest_route=\/wp\/v2\/pages\/954","targetHints":{"allow":["GET"]}}],"collection":[{"href":"https:\/\/monterosacoffeecol.com\/index.php?rest_route=\/wp\/v2\/pages"}],"about":[{"href":"https:\/\/monterosacoffeecol.com\/index.php?rest_route=\/wp\/v2\/types\/page"}],"author":[{"embeddable":true,"href":"https:\/\/monterosacoffeecol.com\/index.php?rest_route=\/wp\/v2\/users\/1"}],"replies":[{"embeddable":true,"href":"https:\/\/monterosacoffeecol.com\/index.php?rest_route=%2Fwp%2Fv2%2Fcomments&post=954"}],"version-history":[{"count":5,"href":"https:\/\/monterosacoffeecol.com\/index.php?rest_route=\/wp\/v2\/pages\/954\/revisions"}],"predecessor-version":[{"id":1254,"href":"https:\/\/monterosacoffeecol.com\/index.php?rest_route=\/wp\/v2\/pages\/954\/revisions\/1254"}],"wp:attachment":[{"href":"https:\/\/monterosacoffeecol.com\/index.php?rest_route=%2Fwp%2Fv2%2Fmedia&parent=954"}],"curies":[{"name":"wp","href":"https:\/\/api.w.org\/{rel}","templated":true}]}}