{"id":811,"date":"2025-08-24T16:08:30","date_gmt":"2025-08-24T21:08:30","guid":{"rendered":"https:\/\/monterosacoffeecol.com\/?page_id=811"},"modified":"2025-10-01T17:07:56","modified_gmt":"2025-10-01T22:07:56","slug":"variedad-caturra","status":"publish","type":"page","link":"https:\/\/monterosacoffeecol.com\/?page_id=811","title":{"rendered":"Variedad Caturra"},"content":{"rendered":"\n<div class=\"wp-block-cover alignfull is-light\"><img loading=\"lazy\" decoding=\"async\" width=\"854\" height=\"1108\" class=\"wp-block-cover__image-background wp-image-1054 size-full\" alt=\"\" src=\"https:\/\/monterosacoffeecol.com\/wp-content\/uploads\/2025\/10\/37-2.png\" data-object-fit=\"cover\" srcset=\"https:\/\/monterosacoffeecol.com\/wp-content\/uploads\/2025\/10\/37-2.png 854w, https:\/\/monterosacoffeecol.com\/wp-content\/uploads\/2025\/10\/37-2-231x300.png 231w, https:\/\/monterosacoffeecol.com\/wp-content\/uploads\/2025\/10\/37-2-789x1024.png 789w, https:\/\/monterosacoffeecol.com\/wp-content\/uploads\/2025\/10\/37-2-768x996.png 768w, https:\/\/monterosacoffeecol.com\/wp-content\/uploads\/2025\/10\/37-2-300x389.png 300w, https:\/\/monterosacoffeecol.com\/wp-content\/uploads\/2025\/10\/37-2-600x778.png 600w\" sizes=\"auto, (max-width: 854px) 100vw, 854px\" \/><span aria-hidden=\"true\" class=\"wp-block-cover__background has-background-dim\" style=\"background-color:#9d9282\"><\/span><div class=\"wp-block-cover__inner-container is-layout-flow wp-block-cover-is-layout-flow\">\n<div class=\"wp-block-group alignfull is-layout-constrained wp-block-group-is-layout-constrained\">\n<h1 class=\"wp-block-heading\"><span style=\"color: #eee7e7;\" class=\"stk-highlight\">Caf\u00e9 Monte Rosa<\/span><\/h1>\n\n\n\n<div class=\"wp-block-stackable-heading stk-block-heading stk-block-heading--v2 stk-block stk-f609ca9\" id=\"strong-span-style-color-fffffe-class-stk-highlight-variedad-caturra-span-strong\" data-block-id=\"f609ca9\"><h2 class=\"stk-block-heading__text\"><strong><span style=\"color: #fffffe;\" class=\"stk-highlight\">Variedad Caturra<\/span><\/strong><\/h2><\/div>\n\n\n\n<div class=\"wp-block-buttons is-layout-flex wp-block-buttons-is-layout-flex\">\n<div class=\"wp-block-button\"><a class=\"wp-block-button__link wp-element-button\" href=\"https:\/\/monterosacoffeecol.com\/?product_cat=variedad-caturra\">Comprar ahora<\/a><\/div>\n\n\n\n<div class=\"wp-block-button\"><a class=\"wp-block-button__link wp-element-button\" href=\"https:\/\/monterosacoffeecol.com\/?page_id=758\">Conoce nuestras variedades<\/a><\/div>\n<\/div>\n<\/div>\n<\/div><\/div>\n\n\n\n<div class=\"wp-block-stackable-columns alignwide stk-block-columns stk-block stk-a296141\" data-block-id=\"a296141\"><div class=\"stk-row stk-inner-blocks has-text-align-center stk-block-content stk-content-align stk-a296141-column alignwide\">\n<div class=\"wp-block-stackable-column stk-block-column stk-column stk-block stk-172b9d7\" data-v=\"4\" data-block-id=\"172b9d7\"><div class=\"stk-column-wrapper stk-block-column__content stk-container stk-172b9d7-container stk--no-background stk--no-padding\"><div class=\"stk-block-content stk-inner-blocks stk-172b9d7-inner-blocks\"><\/div><\/div><\/div>\n<\/div><\/div>\n\n\n\n<div class=\"wp-block-stackable-separator alignfull stk-block-separator stk--no-padding stk-block stk-a1d342f\" data-block-id=\"a1d342f\"><div class=\"stk-block-separator__inner\"><svg xmlns=\"http:\/\/www.w3.org\/2000\/svg\" viewBox=\"0 0 1600 200\" class=\"stk-separator__layer-1\" preserveAspectRatio=\"none\" aria-hidden=\"true\"><path class=\"wave-1_svg__st2\" d=\"M1341.4 48.9c-182.4 0-254.2 80.4-429.4 80.4-117.8 0-209.7-67.5-393.5-67.5-142.2 0-212.6 38.8-324.6 38.8S-10 64.7-10 64.7V210h1620V102c-110.6-40.2-181-53.1-268.6-53.1z\"><\/path><\/svg><\/div><\/div>\n\n\n\n<div class=\"wp-block-stackable-divider stk-block-divider stk-block stk-52893bd\" data-block-id=\"52893bd\"><hr class=\"stk-block-divider__hr\"\/><\/div>\n\n\n\n<figure class=\"wp-block-image size-large is-resized\"><img loading=\"lazy\" decoding=\"async\" width=\"1024\" height=\"512\" src=\"https:\/\/monterosacoffeecol.com\/wp-content\/uploads\/2025\/08\/Agregar-un-titulo-1-1024x512.png\" alt=\"\" class=\"wp-image-983\" style=\"width:1290px;height:auto\" srcset=\"https:\/\/monterosacoffeecol.com\/wp-content\/uploads\/2025\/08\/Agregar-un-titulo-1-1024x512.png 1024w, https:\/\/monterosacoffeecol.com\/wp-content\/uploads\/2025\/08\/Agregar-un-titulo-1-300x150.png 300w, https:\/\/monterosacoffeecol.com\/wp-content\/uploads\/2025\/08\/Agregar-un-titulo-1-768x384.png 768w, https:\/\/monterosacoffeecol.com\/wp-content\/uploads\/2025\/08\/Agregar-un-titulo-1-1536x768.png 1536w, https:\/\/monterosacoffeecol.com\/wp-content\/uploads\/2025\/08\/Agregar-un-titulo-1-2048x1024.png 2048w, https:\/\/monterosacoffeecol.com\/wp-content\/uploads\/2025\/08\/Agregar-un-titulo-1-600x300.png 600w\" sizes=\"auto, (max-width: 1024px) 100vw, 1024px\" \/><\/figure>\n\n\n\n<div class=\"wp-block-stackable-divider stk-block-divider stk-block stk-ce1b552\" data-block-id=\"ce1b552\"><hr class=\"stk-block-divider__hr\"\/><\/div>\n\n\n\n<p>La variedad Caturra Monte Rosa es un homenaje vivo a la tradici\u00f3n cafetera colombiana. Nacida en nuestras monta\u00f1as, cultivada a gran altitud y bajo condiciones privilegiadas, esta joya es el resultado de un cuidado minucioso y una selecci\u00f3n artesanal que garantizan una taza limpia, brillante y llena de car\u00e1cter.<\/p>\n\n\n\n<p>Su perfil sensorial es cautivador: una dulzura natural que envuelve, acidez viva y balanceada, y un cuerpo armonioso que se combina con notas de caramelo, delicados matices c\u00edtricos y un aroma fresco que despierta los sentidos desde el primer instante.<\/p>\n\n\n\n<p>Gracias a su proceso de beneficio lavado con fermentaci\u00f3n prolongada, el Caturra Monte Rosa alcanza una expresi\u00f3n \u00fanica en la taza: evocaciones de t\u00e9 de rosas, sutiles toques a frutos amarillos, una acidez jugosa y vibrante, y una textura sedosa con matices cremosos que acarician el paladar.<\/p>\n\n\n\n<p>Cada grano es un reflejo de la pasi\u00f3n y el respeto por la tierra, un caf\u00e9 que honra sus ra\u00edces y se transforma en una experiencia sensorial inolvidable, pensada para quienes buscan descubrir lo mejor del caf\u00e9 especial colombiano.<\/p>\n\n\n\n<div class=\"wp-block-stackable-divider stk-block-divider stk-block stk-8755152\" data-block-id=\"8755152\"><style>.stk-8755152 {margin-bottom:44px !important;}<\/style><hr class=\"stk-block-divider__hr\"\/><\/div>\n\n\n\n<div class=\"wp-block-stackable-columns alignfull stk-block-columns stk-block stk-6c751ff\" data-block-id=\"6c751ff\"><style>.stk-6c751ff {margin-top:var(--stk--preset--spacing--70, 3.38rem) !important;margin-bottom:var(--stk--preset--spacing--70, 3.38rem) !important;}.stk-6c751ff-column{flex-wrap:wrap !important;--stk-flex-grow:0 !important;}<\/style><div class=\"stk-row stk-inner-blocks stk-block-content stk-content-align stk-6c751ff-column alignwide\">\n<div class=\"wp-block-stackable-column stk-block-column stk-column stk-block stk-f0ee089\" data-v=\"4\" data-block-id=\"f0ee089\"><style>.stk-f0ee089-inner-blocks{justify-content:center !important;}@media screen and (min-width:690px){.stk-f0ee089 {flex:var(--stk-flex-grow, 1) 1 calc(33.33% - var(--stk-column-gap, 0px) * 2 \/ 3 ) !important;}}<\/style><div class=\"stk-column-wrapper stk-block-column__content stk-container stk-f0ee089-container stk--no-background stk--no-padding\"><div class=\"stk--column-flex stk-block-content stk-inner-blocks stk-f0ee089-inner-blocks\">\n<div class=\"wp-block-stackable-image-box stk-block-image-box stk-hover-parent stk-block stk-53251ea is-style-default\" data-block-id=\"53251ea\"><div class=\"stk-block-content stk-inner-blocks has-text-align-center stk-row stk-block-image-box__content\">\n<div class=\"wp-block-stackable-image stk-block-image stk-block stk-fc47078 is-style-default\" data-block-id=\"fc47078\"><style>.stk-fc47078 .stk-img-wrapper::after{background-color:#000000 !important;}<\/style><figure><span class=\"stk-img-wrapper stk-image--shape-stretch\"><img loading=\"lazy\" decoding=\"async\" class=\"stk-img wp-image-762\" src=\"https:\/\/monterosacoffeecol.com\/wp-content\/uploads\/2025\/08\/Caturra.jpg\" width=\"531\" height=\"444\" srcset=\"https:\/\/monterosacoffeecol.com\/wp-content\/uploads\/2025\/08\/Caturra.jpg 531w, https:\/\/monterosacoffeecol.com\/wp-content\/uploads\/2025\/08\/Caturra-300x251.jpg 300w\" sizes=\"auto, (max-width: 531px) 100vw, 531px\" \/><\/span><\/figure><\/div>\n\n\n\n<div class=\"wp-block-stackable-column stk-block-column stk-column stk-block stk-2063e7b\" data-v=\"4\" data-block-id=\"2063e7b\"><style>.stk-2063e7b {align-items:center !important;display:flex !important;}<\/style><div class=\"stk-column-wrapper stk-block-column__content stk-container stk-2063e7b-container stk--no-background stk--no-padding\"><div class=\"stk-block-content stk-inner-blocks stk-2063e7b-inner-blocks\">\n<div class=\"wp-block-stackable-heading stk-block-heading stk-block-heading--v2 stk-block stk-6890600\" id=\"span-style-color-f-6-f-0-f-0-class-stk-highlight-variedad-caturra-400-gr-grano-span\" data-block-id=\"6890600\"><h2 class=\"stk-block-heading__text\"><span style=\"color: #f6f0f0;\" class=\"stk-highlight\">Variedad Caturra 400 Gr Grano<\/span><\/h2><\/div>\n<\/div><\/div><\/div>\n<\/div><\/div>\n\n\n\n<div class=\"wp-block-buttons is-content-justification-center is-layout-flex wp-container-core-buttons-is-layout-a89b3969 wp-block-buttons-is-layout-flex\">\n<div class=\"wp-block-button\"><a class=\"wp-block-button__link wp-element-button\" href=\"https:\/\/monterosacoffeecol.com\/?product=variedad-caturra-200-gr\">Comprar ahora<\/a><\/div>\n<\/div>\n<\/div><\/div><\/div>\n\n\n\n<div class=\"wp-block-stackable-column stk-block-column stk-column stk-block stk-f635209\" data-v=\"4\" data-block-id=\"f635209\"><style>.stk-f635209-inner-blocks{justify-content:center !important;}@media screen and (min-width:690px){.stk-f635209 {flex:var(--stk-flex-grow, 1) 1 calc(33.33% - var(--stk-column-gap, 0px) * 2 \/ 3 ) !important;}}<\/style><div class=\"stk-column-wrapper stk-block-column__content stk-container stk-f635209-container stk--no-background stk--no-padding\"><div class=\"stk--column-flex stk-block-content stk-inner-blocks stk-f635209-inner-blocks\">\n<div class=\"wp-block-stackable-image-box stk-block-image-box stk-hover-parent stk-block stk-52c9090 is-style-default\" data-block-id=\"52c9090\"><div class=\"stk-block-content stk-inner-blocks has-text-align-center stk-row stk-block-image-box__content\">\n<div class=\"wp-block-stackable-image stk-block-image stk-block stk-7478990 is-style-default\" data-block-id=\"7478990\"><style>.stk-7478990 .stk-img-wrapper::after{background-color:#000000 !important;}<\/style><figure><span class=\"stk-img-wrapper stk-image--shape-stretch\"><img loading=\"lazy\" decoding=\"async\" class=\"stk-img wp-image-762\" src=\"https:\/\/monterosacoffeecol.com\/wp-content\/uploads\/2025\/08\/Caturra.jpg\" width=\"531\" height=\"444\" srcset=\"https:\/\/monterosacoffeecol.com\/wp-content\/uploads\/2025\/08\/Caturra.jpg 531w, https:\/\/monterosacoffeecol.com\/wp-content\/uploads\/2025\/08\/Caturra-300x251.jpg 300w\" sizes=\"auto, (max-width: 531px) 100vw, 531px\" \/><\/span><\/figure><\/div>\n\n\n\n<div class=\"wp-block-stackable-column stk-block-column stk-column stk-block stk-53ef7ab\" data-v=\"4\" data-block-id=\"53ef7ab\"><style>.stk-53ef7ab {align-items:center !important;display:flex !important;}<\/style><div class=\"stk-column-wrapper stk-block-column__content stk-container stk-53ef7ab-container stk--no-background stk--no-padding\"><div class=\"stk-block-content stk-inner-blocks stk-53ef7ab-inner-blocks\">\n<h2 class=\"wp-block-heading\"><span style=\"color: #f4efef;\" class=\"stk-highlight\">Variedad Caturra 200 Gr Grano<\/span><\/h2>\n<\/div><\/div><\/div>\n<\/div><\/div>\n\n\n\n<div class=\"wp-block-buttons is-content-justification-center is-layout-flex wp-container-core-buttons-is-layout-a89b3969 wp-block-buttons-is-layout-flex\">\n<div class=\"wp-block-button\"><a class=\"wp-block-button__link wp-element-button\" href=\"https:\/\/monterosacoffeecol.com\/?product=variedad-caturra-200-gr\">Comprar ahora<\/a><\/div>\n<\/div>\n<\/div><\/div><\/div>\n\n\n\n<div class=\"wp-block-stackable-column stk-block-column stk-column stk-block stk-93809ea\" data-v=\"4\" data-block-id=\"93809ea\"><style>.stk-93809ea-inner-blocks{justify-content:center !important;}@media screen and (min-width:690px){.stk-93809ea {flex:var(--stk-flex-grow, 1) 1 calc(33.33% - var(--stk-column-gap, 0px) * 2 \/ 3 ) !important;}}<\/style><div class=\"stk-column-wrapper stk-block-column__content stk-container stk-93809ea-container stk--no-background stk--no-padding\"><div class=\"stk--column-flex stk-block-content stk-inner-blocks stk-93809ea-inner-blocks\">\n<div class=\"wp-block-stackable-image-box stk-block-image-box stk-hover-parent stk-block stk-b7782ad is-style-default\" data-block-id=\"b7782ad\"><div class=\"stk-block-content stk-inner-blocks has-text-align-left stk-row stk-block-image-box__content\">\n<div class=\"wp-block-stackable-image stk-block-image stk-block stk-a0da28e\" data-block-id=\"a0da28e\"><style>.stk-a0da28e .stk-img-wrapper::after{background-color:#000000 !important;}<\/style><figure><span class=\"stk-img-wrapper stk-image--shape-stretch\"><img loading=\"lazy\" decoding=\"async\" class=\"stk-img wp-image-762\" src=\"https:\/\/monterosacoffeecol.com\/wp-content\/uploads\/2025\/08\/Caturra.jpg\" width=\"531\" height=\"444\" srcset=\"https:\/\/monterosacoffeecol.com\/wp-content\/uploads\/2025\/08\/Caturra.jpg 531w, https:\/\/monterosacoffeecol.com\/wp-content\/uploads\/2025\/08\/Caturra-300x251.jpg 300w\" sizes=\"auto, (max-width: 531px) 100vw, 531px\" \/><\/span><\/figure><\/div>\n\n\n\n<div class=\"wp-block-stackable-column stk-block-column stk-column stk-block stk-9b3f0ac\" data-v=\"4\" data-block-id=\"9b3f0ac\"><style>.stk-9b3f0ac {align-items:center !important;display:flex !important;}<\/style><div class=\"stk-column-wrapper stk-block-column__content stk-container stk-9b3f0ac-container stk--no-background stk--no-padding\"><div class=\"stk-block-content stk-inner-blocks stk-9b3f0ac-inner-blocks\">\n<h2 class=\"wp-block-heading has-text-align-center\"><span style=\"color: #f5f2f2;\" class=\"stk-highlight\">Variedad Caturra  100 Gr Grano<\/span><\/h2>\n<\/div><\/div><\/div>\n<\/div><\/div>\n\n\n\n<div class=\"wp-block-buttons is-content-justification-center is-layout-flex wp-container-core-buttons-is-layout-a89b3969 wp-block-buttons-is-layout-flex\">\n<div class=\"wp-block-button\"><a class=\"wp-block-button__link wp-element-button\" href=\"https:\/\/monterosacoffeecol.com\/?product=variedad-caturra-100-gr\">Comprar ahora<\/a><\/div>\n<\/div>\n<\/div><\/div><\/div>\n\n\n\n<div class=\"wp-block-stackable-column stk-block-column stk-column stk-block stk-91b8f72\" data-v=\"4\" data-block-id=\"91b8f72\"><style>.stk-91b8f72-inner-blocks{justify-content:center !important;}@media screen and (min-width:690px){.stk-91b8f72 {flex:var(--stk-flex-grow, 1) 1 calc(33.33% - var(--stk-column-gap, 0px) * 2 \/ 3 ) !important;}}<\/style><div class=\"stk-column-wrapper stk-block-column__content stk-container stk-91b8f72-container stk--no-background stk--no-padding\"><div class=\"stk--column-flex stk-block-content stk-inner-blocks stk-91b8f72-inner-blocks\">\n<div class=\"wp-block-stackable-image-box stk-block-image-box stk-hover-parent stk-block stk-a6824c0 is-style-default\" data-block-id=\"a6824c0\"><div class=\"stk-block-content stk-inner-blocks has-text-align-left stk-row stk-block-image-box__content\">\n<div class=\"wp-block-stackable-image stk-block-image stk-block stk-e3894e1\" data-block-id=\"e3894e1\"><style>.stk-e3894e1 .stk-img-wrapper::after{background-color:#000000 !important;}<\/style><figure><span class=\"stk-img-wrapper stk-image--shape-stretch\"><img loading=\"lazy\" decoding=\"async\" class=\"stk-img wp-image-789\" src=\"https:\/\/monterosacoffeecol.com\/wp-content\/uploads\/2025\/08\/Caturra-Molido.jpg\" width=\"588\" height=\"405\" srcset=\"https:\/\/monterosacoffeecol.com\/wp-content\/uploads\/2025\/08\/Caturra-Molido.jpg 588w, https:\/\/monterosacoffeecol.com\/wp-content\/uploads\/2025\/08\/Caturra-Molido-300x207.jpg 300w\" sizes=\"auto, (max-width: 588px) 100vw, 588px\" \/><\/span><\/figure><\/div>\n\n\n\n<div class=\"wp-block-stackable-column stk-block-column stk-column stk-block stk-31a4c17\" data-v=\"4\" data-block-id=\"31a4c17\"><style>.stk-31a4c17 {align-items:center !important;display:flex !important;}<\/style><div class=\"stk-column-wrapper stk-block-column__content stk-container stk-31a4c17-container stk--no-background stk--no-padding\"><div class=\"stk-block-content stk-inner-blocks stk-31a4c17-inner-blocks\">\n<div class=\"wp-block-stackable-heading stk-block-heading stk-block-heading--v2 stk-block stk-1ec02ac\" id=\"img-title-4-placeholder\" data-block-id=\"1ec02ac\"><style>.stk-1ec02ac .stk-block-heading__text{color:#FFFFFF !important;}<\/style><h3 class=\"stk-block-heading__text has-text-color has-white-color has-text-align-center\">Variedad Caturra 400 Gr Molido<\/h3><\/div>\n<\/div><\/div><\/div>\n<\/div><\/div>\n\n\n\n<div class=\"wp-block-buttons is-content-justification-center is-layout-flex wp-container-core-buttons-is-layout-a89b3969 wp-block-buttons-is-layout-flex\">\n<div class=\"wp-block-button\"><a class=\"wp-block-button__link wp-element-button\" href=\"https:\/\/monterosacoffeecol.com\/?product=variedad-caturra-400-gr-molido\">Comprar ahora<\/a><\/div>\n<\/div>\n<\/div><\/div><\/div>\n\n\n\n<div class=\"wp-block-stackable-column stk-block-column stk-column stk-block stk-4c80612\" data-v=\"4\" data-block-id=\"4c80612\"><style>.stk-4c80612-inner-blocks{justify-content:center !important;}@media screen and (min-width:690px){.stk-4c80612 {flex:var(--stk-flex-grow, 1) 1 calc(33.33% - var(--stk-column-gap, 0px) * 2 \/ 3 ) !important;}}<\/style><div class=\"stk-column-wrapper stk-block-column__content stk-container stk-4c80612-container stk--no-background stk--no-padding\"><div class=\"stk--column-flex stk-block-content stk-inner-blocks stk-4c80612-inner-blocks\">\n<div class=\"wp-block-stackable-image-box stk-block-image-box stk-hover-parent stk-block stk-c66750a is-style-default\" data-block-id=\"c66750a\"><div class=\"stk-block-content stk-inner-blocks has-text-align-left stk-row stk-block-image-box__content\">\n<div class=\"wp-block-stackable-image stk-block-image stk-block stk-10e209a\" data-block-id=\"10e209a\"><style>.stk-10e209a .stk-img-wrapper::after{background-color:#000000 !important;}<\/style><figure><span class=\"stk-img-wrapper stk-image--shape-stretch\"><img loading=\"lazy\" decoding=\"async\" class=\"stk-img wp-image-789\" src=\"https:\/\/monterosacoffeecol.com\/wp-content\/uploads\/2025\/08\/Caturra-Molido.jpg\" width=\"588\" height=\"405\" srcset=\"https:\/\/monterosacoffeecol.com\/wp-content\/uploads\/2025\/08\/Caturra-Molido.jpg 588w, https:\/\/monterosacoffeecol.com\/wp-content\/uploads\/2025\/08\/Caturra-Molido-300x207.jpg 300w\" sizes=\"auto, (max-width: 588px) 100vw, 588px\" \/><\/span><\/figure><\/div>\n\n\n\n<div class=\"wp-block-stackable-column stk-block-column stk-column stk-block stk-543ca50\" data-v=\"4\" data-block-id=\"543ca50\"><style>.stk-543ca50 {align-items:center !important;display:flex !important;}<\/style><div class=\"stk-column-wrapper stk-block-column__content stk-container stk-543ca50-container stk--no-background stk--no-padding\"><div class=\"stk-block-content stk-inner-blocks stk-543ca50-inner-blocks\">\n<div class=\"wp-block-stackable-heading stk-block-heading stk-block-heading--v2 stk-block stk-b7be1f3\" id=\"img-title-5-placeholder\" data-block-id=\"b7be1f3\"><style>.stk-b7be1f3 .stk-block-heading__text{color:#FFFFFF !important;}<\/style><h3 class=\"stk-block-heading__text has-text-color has-white-color has-text-align-center\">Variedad Caturra 200 Gr Molido<\/h3><\/div>\n<\/div><\/div><\/div>\n<\/div><\/div>\n\n\n\n<div class=\"wp-block-buttons is-content-justification-center is-layout-flex wp-container-core-buttons-is-layout-a89b3969 wp-block-buttons-is-layout-flex\">\n<div class=\"wp-block-button\"><a class=\"wp-block-button__link wp-element-button\" href=\"https:\/\/monterosacoffeecol.com\/?product=variedad-caturra-200-gr-molido\">Comprar ahora<\/a><\/div>\n<\/div>\n<\/div><\/div><\/div>\n\n\n\n<div class=\"wp-block-stackable-column stk-block-column stk-column stk-block stk-20f249e\" data-v=\"4\" data-block-id=\"20f249e\"><style>.stk-20f249e-inner-blocks{justify-content:center !important;}@media screen and (min-width:690px){.stk-20f249e {flex:var(--stk-flex-grow, 1) 1 calc(33.33% - var(--stk-column-gap, 0px) * 2 \/ 3 ) !important;}}<\/style><div class=\"stk-column-wrapper stk-block-column__content stk-container stk-20f249e-container stk--no-background stk--no-padding\"><div class=\"stk--column-flex stk-block-content stk-inner-blocks stk-20f249e-inner-blocks\">\n<div class=\"wp-block-stackable-image-box stk-block-image-box stk-hover-parent stk-block stk-eb5c173 is-style-default\" data-block-id=\"eb5c173\"><div class=\"stk-block-content stk-inner-blocks has-text-align-left stk-row stk-block-image-box__content\">\n<div class=\"wp-block-stackable-image stk-block-image stk-block stk-9b07249\" data-block-id=\"9b07249\"><style>.stk-9b07249 .stk-img-wrapper::after{background-color:#000000 !important;}<\/style><figure><span class=\"stk-img-wrapper stk-image--shape-stretch\"><img loading=\"lazy\" decoding=\"async\" class=\"stk-img wp-image-789\" src=\"https:\/\/monterosacoffeecol.com\/wp-content\/uploads\/2025\/08\/Caturra-Molido.jpg\" width=\"588\" height=\"405\" srcset=\"https:\/\/monterosacoffeecol.com\/wp-content\/uploads\/2025\/08\/Caturra-Molido.jpg 588w, https:\/\/monterosacoffeecol.com\/wp-content\/uploads\/2025\/08\/Caturra-Molido-300x207.jpg 300w\" sizes=\"auto, (max-width: 588px) 100vw, 588px\" \/><\/span><\/figure><\/div>\n\n\n\n<div class=\"wp-block-stackable-column stk-block-column stk-column stk-block stk-7a698f0\" data-v=\"4\" data-block-id=\"7a698f0\"><style>.stk-7a698f0 {align-items:center !important;display:flex !important;}<\/style><div class=\"stk-column-wrapper stk-block-column__content stk-container stk-7a698f0-container stk--no-background stk--no-padding\"><div class=\"stk-block-content stk-inner-blocks stk-7a698f0-inner-blocks\">\n<div class=\"wp-block-stackable-heading stk-block-heading stk-block-heading--v2 stk-block stk-c9f6f65\" id=\"img-title-6-placeholder\" data-block-id=\"c9f6f65\"><style>.stk-c9f6f65 .stk-block-heading__text{color:#FFFFFF !important;}<\/style><h3 class=\"stk-block-heading__text has-text-color has-white-color has-text-align-center\">Variedad Caturra 100 Gr Molido<\/h3><\/div>\n<\/div><\/div><\/div>\n<\/div><\/div>\n\n\n\n<div class=\"wp-block-buttons is-content-justification-center is-layout-flex wp-container-core-buttons-is-layout-a89b3969 wp-block-buttons-is-layout-flex\">\n<div class=\"wp-block-button\"><a class=\"wp-block-button__link wp-element-button\" href=\"https:\/\/monterosacoffeecol.com\/?product=variedad-caturra-100-gr-molido\">Comprar ahora<\/a><\/div>\n<\/div>\n<\/div><\/div><\/div>\n<\/div><\/div>\n\n\n\n<div class=\"wp-block-stackable-divider stk-block-divider stk-block stk-2e44dc5\" data-block-id=\"2e44dc5\"><hr class=\"stk-block-divider__hr\"\/><\/div>\n\n\n\n<p><\/p>\n","protected":false},"excerpt":{"rendered":"<p>La variedad Caturra Monte Rosa es un homenaje vivo a la tradici\u00f3n cafetera colombiana. Nacida en nuestras monta\u00f1as, cultivada a gran altitud y bajo condiciones privilegiadas, esta joya es el resultado de un cuidado minucioso y una selecci\u00f3n artesanal que garantizan una taza limpia, brillante y llena de car\u00e1cter. Su perfil sensorial es cautivador: una [&hellip;]<\/p>\n","protected":false},"author":1,"featured_media":0,"parent":0,"menu_order":0,"comment_status":"closed","ping_status":"closed","template":"","meta":{"_joinchat":[],"footnotes":""},"class_list":["post-811","page","type-page","status-publish","hentry"],"blocksy_meta":[],"jetpack_sharing_enabled":true,"_links":{"self":[{"href":"https:\/\/monterosacoffeecol.com\/index.php?rest_route=\/wp\/v2\/pages\/811","targetHints":{"allow":["GET"]}}],"collection":[{"href":"https:\/\/monterosacoffeecol.com\/index.php?rest_route=\/wp\/v2\/pages"}],"about":[{"href":"https:\/\/monterosacoffeecol.com\/index.php?rest_route=\/wp\/v2\/types\/page"}],"author":[{"embeddable":true,"href":"https:\/\/monterosacoffeecol.com\/index.php?rest_route=\/wp\/v2\/users\/1"}],"replies":[{"embeddable":true,"href":"https:\/\/monterosacoffeecol.com\/index.php?rest_route=%2Fwp%2Fv2%2Fcomments&post=811"}],"version-history":[{"count":8,"href":"https:\/\/monterosacoffeecol.com\/index.php?rest_route=\/wp\/v2\/pages\/811\/revisions"}],"predecessor-version":[{"id":1055,"href":"https:\/\/monterosacoffeecol.com\/index.php?rest_route=\/wp\/v2\/pages\/811\/revisions\/1055"}],"wp:attachment":[{"href":"https:\/\/monterosacoffeecol.com\/index.php?rest_route=%2Fwp%2Fv2%2Fmedia&parent=811"}],"curies":[{"name":"wp","href":"https:\/\/api.w.org\/{rel}","templated":true}]}}