{"id":805,"date":"2025-08-24T16:00:50","date_gmt":"2025-08-24T21:00:50","guid":{"rendered":"https:\/\/monterosacoffeecol.com\/?page_id=805"},"modified":"2025-10-01T17:06:12","modified_gmt":"2025-10-01T22:06:12","slug":"variedad-geisha","status":"publish","type":"page","link":"https:\/\/monterosacoffeecol.com\/?page_id=805","title":{"rendered":"Variedad Geisha"},"content":{"rendered":"\n<p><\/p>\n\n\n\n<div class=\"wp-block-cover alignfull is-light\"><img loading=\"lazy\" decoding=\"async\" width=\"854\" height=\"1108\" class=\"wp-block-cover__image-background wp-image-1050 size-full\" alt=\"\" src=\"https:\/\/monterosacoffeecol.com\/wp-content\/uploads\/2025\/10\/37.png\" data-object-fit=\"cover\" srcset=\"https:\/\/monterosacoffeecol.com\/wp-content\/uploads\/2025\/10\/37.png 854w, https:\/\/monterosacoffeecol.com\/wp-content\/uploads\/2025\/10\/37-231x300.png 231w, https:\/\/monterosacoffeecol.com\/wp-content\/uploads\/2025\/10\/37-789x1024.png 789w, https:\/\/monterosacoffeecol.com\/wp-content\/uploads\/2025\/10\/37-768x996.png 768w, https:\/\/monterosacoffeecol.com\/wp-content\/uploads\/2025\/10\/37-300x389.png 300w, https:\/\/monterosacoffeecol.com\/wp-content\/uploads\/2025\/10\/37-600x778.png 600w\" sizes=\"auto, (max-width: 854px) 100vw, 854px\" \/><span aria-hidden=\"true\" class=\"wp-block-cover__background has-background-dim\" style=\"background-color:#9d9282\"><\/span><div class=\"wp-block-cover__inner-container is-layout-flow wp-block-cover-is-layout-flow\">\n<div class=\"wp-block-group alignfull is-layout-constrained wp-block-group-is-layout-constrained\">\n<h1 class=\"wp-block-heading\"><span style=\"color: #eee7e7;\" class=\"stk-highlight\">Caf\u00e9 Monte Rosa<\/span><\/h1>\n\n\n\n<div class=\"wp-block-stackable-heading stk-block-heading stk-block-heading--v2 stk-block stk-f609ca9\" id=\"strong-span-style-color-fffffe-class-stk-highlight-variedad-geisha-span-strong\" data-block-id=\"f609ca9\"><h2 class=\"stk-block-heading__text has-text-align-left\"><strong><span style=\"color: #fffffe;\" class=\"stk-highlight\">Variedad Geisha<\/span><\/strong><\/h2><\/div>\n\n\n\n<div class=\"wp-block-buttons is-layout-flex wp-block-buttons-is-layout-flex\">\n<div class=\"wp-block-button\"><a class=\"wp-block-button__link wp-element-button\" href=\"https:\/\/monterosacoffeecol.com\/?page_id=805\">Comprar ahora<\/a><\/div>\n\n\n\n<div class=\"wp-block-button\"><a class=\"wp-block-button__link wp-element-button\" href=\"https:\/\/monterosacoffeecol.com\/?page_id=758\">Conoce nuestras variedades<\/a><\/div>\n<\/div>\n<\/div>\n<\/div><\/div>\n\n\n\n<div class=\"wp-block-stackable-columns alignfull stk-block-columns stk-block stk-5d8f027\" data-block-id=\"5d8f027\"><div class=\"stk-row stk-inner-blocks has-text-align-center stk-block-content stk-content-align stk-5d8f027-column alignfull\">\n<div class=\"wp-block-stackable-column stk-block-column stk-column stk-block stk-8979f88\" data-v=\"4\" data-block-id=\"8979f88\"><div class=\"stk-column-wrapper stk-block-column__content stk-container stk-8979f88-container stk--no-background stk--no-padding\"><div class=\"stk-block-content stk-inner-blocks stk-8979f88-inner-blocks\"><\/div><\/div><\/div>\n<\/div><\/div>\n\n\n\n<div class=\"wp-block-group is-layout-constrained wp-block-group-is-layout-constrained\">\n<div class=\"wp-block-group is-layout-constrained wp-block-group-is-layout-constrained\"><\/div>\n<\/div>\n\n\n\n<div class=\"wp-block-stackable-separator alignfull stk-block-separator stk--no-padding stk-block stk-3cce330\" data-block-id=\"3cce330\"><div class=\"stk-block-separator__inner\"><svg xmlns=\"http:\/\/www.w3.org\/2000\/svg\" viewBox=\"0 0 1600 200\" class=\"stk-separator__layer-1\" preserveAspectRatio=\"none\" aria-hidden=\"true\"><path class=\"wave-1_svg__st2\" d=\"M1341.4 48.9c-182.4 0-254.2 80.4-429.4 80.4-117.8 0-209.7-67.5-393.5-67.5-142.2 0-212.6 38.8-324.6 38.8S-10 64.7-10 64.7V210h1620V102c-110.6-40.2-181-53.1-268.6-53.1z\"><\/path><\/svg><\/div><\/div>\n\n\n\n<figure class=\"wp-block-image alignwide size-full\"><img loading=\"lazy\" decoding=\"async\" width=\"2560\" height=\"1280\" src=\"https:\/\/monterosacoffeecol.com\/wp-content\/uploads\/2025\/08\/Agregar-un-titulo-scaled.png\" alt=\"\" class=\"wp-image-977\" srcset=\"https:\/\/monterosacoffeecol.com\/wp-content\/uploads\/2025\/08\/Agregar-un-titulo-scaled.png 2560w, https:\/\/monterosacoffeecol.com\/wp-content\/uploads\/2025\/08\/Agregar-un-titulo-300x150.png 300w, https:\/\/monterosacoffeecol.com\/wp-content\/uploads\/2025\/08\/Agregar-un-titulo-1024x512.png 1024w, https:\/\/monterosacoffeecol.com\/wp-content\/uploads\/2025\/08\/Agregar-un-titulo-768x384.png 768w, https:\/\/monterosacoffeecol.com\/wp-content\/uploads\/2025\/08\/Agregar-un-titulo-1536x768.png 1536w, https:\/\/monterosacoffeecol.com\/wp-content\/uploads\/2025\/08\/Agregar-un-titulo-2048x1024.png 2048w, https:\/\/monterosacoffeecol.com\/wp-content\/uploads\/2025\/08\/Agregar-un-titulo-600x300.png 600w\" sizes=\"auto, (max-width: 2560px) 100vw, 2560px\" \/><\/figure>\n\n\n\n<div class=\"wp-block-stackable-divider stk-block-divider stk-block stk-181d987\" data-block-id=\"181d987\"><hr class=\"stk-block-divider__hr\"\/><\/div>\n\n\n\n<div class=\"wp-block-stackable-text stk-block-text stk-block stk-e6f6ab1\" data-block-id=\"e6f6ab1\"><p class=\"stk-block-text__text\">Desde las laderas soleadas y f\u00e9rtiles de nuestras monta\u00f1as, el <strong>Caf\u00e9 Geisha Monte Rosa<\/strong> refleja la m\u00e1xima expresi\u00f3n del caf\u00e9 colombiano. Este grano elegante, cultivado en armon\u00eda con la naturaleza, ofrece una experiencia sensorial \u00fanica: suavidad envolvente, aromas florales y delicados matices frutales que elevan cada sorbo.<\/p><\/div>\n\n\n\n<p>Su proceso <strong>lavado con fermentaci\u00f3n prolongada<\/strong> garantiza una calidad excepcional, revelando notas a limoncillo y t\u00e9 de rosas, acompa\u00f1adas de una <strong>acidez brillante y un cuerpo sedoso<\/strong> que hacen de esta taza un verdadero lujo para los sentidos.<\/p>\n\n\n\n<div class=\"wp-block-stackable-divider stk-block-divider stk-block stk-67095c0\" data-block-id=\"67095c0\"><hr class=\"stk-block-divider__hr\"\/><\/div>\n\n\n\n<div class=\"wp-block-stackable-columns alignfull stk-block-columns stk-block stk-6c751ff\" data-block-id=\"6c751ff\"><style>.stk-6c751ff {margin-top:var(--stk--preset--spacing--70, 3.38rem) !important;margin-bottom:var(--stk--preset--spacing--70, 3.38rem) !important;}.stk-6c751ff-column{flex-wrap:wrap !important;--stk-flex-grow:0 !important;}<\/style><div class=\"stk-row stk-inner-blocks stk-block-content stk-content-align stk-6c751ff-column alignwide\">\n<div class=\"wp-block-stackable-column stk-block-column stk-column stk-block stk-ce60f3c\" data-v=\"4\" data-block-id=\"ce60f3c\"><style>.stk-ce60f3c-inner-blocks{justify-content:center !important;}@media screen and (min-width:690px){.stk-ce60f3c {flex:var(--stk-flex-grow, 1) 1 calc(33.33% - var(--stk-column-gap, 0px) * 2 \/ 3 ) !important;}}<\/style><div class=\"stk-column-wrapper stk-block-column__content stk-container stk-ce60f3c-container stk--no-background stk--no-padding\"><div class=\"stk--column-flex stk-block-content stk-inner-blocks stk-ce60f3c-inner-blocks\">\n<div class=\"wp-block-stackable-image-box stk-block-image-box stk-hover-parent stk-block stk-85480e2 is-style-default\" data-block-id=\"85480e2\"><div class=\"stk-block-content stk-inner-blocks has-text-align-center stk-row stk-block-image-box__content\">\n<div class=\"wp-block-stackable-image stk-block-image stk-block stk-e474517\" data-block-id=\"e474517\"><style>.stk-e474517 .stk-img-wrapper{height:350px !important;}:where(.stk-hover-parent:hover,  .stk-hover-parent.stk--is-hovered) .stk-e474517 .stk-img-wrapper::after{background-color:#000000B3 !important;}<\/style><figure><span class=\"stk-img-wrapper stk-image--shape-stretch\"><img loading=\"lazy\" decoding=\"async\" class=\"stk-img wp-image-601\" src=\"https:\/\/monterosacoffeecol.com\/wp-content\/uploads\/2025\/08\/pexels-goumbik-942736-scaled.jpg\" width=\"150\" height=\"350\"\/><\/span><\/figure><\/div>\n\n\n\n<div class=\"wp-block-stackable-column stk-block-column stk-column stk-block stk-4601fbc\" data-v=\"4\" data-block-id=\"4601fbc\"><style>.stk-4601fbc {align-items:center !important;display:flex !important;}<\/style><div class=\"stk-column-wrapper stk-block-column__content stk-container stk-4601fbc-container stk--no-background stk--no-padding\"><div class=\"stk-block-content stk-inner-blocks stk-4601fbc-inner-blocks\">\n<div class=\"wp-block-stackable-subtitle stk-block-subtitle stk-block stk-d8db80e\" data-block-id=\"d8db80e\"><style>.stk-d8db80e {margin-bottom:8px !important;opacity:0 !important;}:where(.stk-hover-parent:hover,  .stk-hover-parent.stk--is-hovered) .stk-d8db80e{opacity:1 !important;}.stk-d8db80e .stk-block-subtitle__text{color:#FFFFFF !important;}<\/style><p class=\"stk-block-subtitle__text stk-subtitle has-text-color has-white-color\"><\/p><\/div>\n\n\n\n<div class=\"wp-block-group is-layout-constrained wp-block-group-is-layout-constrained\">\n<div class=\"wp-block-stackable-heading stk-block-heading stk-block-heading--v2 stk-block stk-759fd81\" id=\"variedad-geisha-de-400-gr-grano\" data-block-id=\"759fd81\"><style>.stk-759fd81 .stk-block-heading__text{color:#FFFFFF !important;}<\/style><h4 class=\"stk-block-heading__text has-text-color has-white-color\">Variedad Geisha de 400 Gr Grano<\/h4><\/div>\n<\/div>\n<\/div><\/div><\/div>\n<\/div><\/div>\n\n\n\n<div class=\"wp-block-buttons is-content-justification-center is-layout-flex wp-container-core-buttons-is-layout-a89b3969 wp-block-buttons-is-layout-flex\">\n<div class=\"wp-block-button\"><a class=\"wp-block-button__link wp-element-button\" href=\"https:\/\/monterosacoffeecol.com\/?product=neque-laoreet-suspendisse-interdum-consectetur\">Comprar ahora<\/a><\/div>\n<\/div>\n<\/div><\/div><\/div>\n\n\n\n<div class=\"wp-block-stackable-column stk-block-column stk-column stk-block stk-f635209\" data-v=\"4\" data-block-id=\"f635209\"><style>.stk-f635209-inner-blocks{justify-content:center !important;}@media screen and (min-width:690px){.stk-f635209 {flex:var(--stk-flex-grow, 1) 1 calc(33.33% - var(--stk-column-gap, 0px) * 2 \/ 3 ) !important;}}<\/style><div class=\"stk-column-wrapper stk-block-column__content stk-container stk-f635209-container stk--no-background stk--no-padding\"><div class=\"stk--column-flex stk-block-content stk-inner-blocks stk-f635209-inner-blocks\">\n<div class=\"wp-block-stackable-image-box stk-block-image-box stk-hover-parent stk-block stk-52c9090 is-style-default\" data-block-id=\"52c9090\"><div class=\"stk-block-content stk-inner-blocks has-text-align-center stk-row stk-block-image-box__content\">\n<div class=\"wp-block-stackable-image stk-block-image stk-block stk-7478990 is-style-default\" data-block-id=\"7478990\"><style>.stk-7478990 .stk-img-wrapper::after{background-color:#000000 !important;}<\/style><figure><span class=\"stk-img-wrapper stk-image--shape-stretch\"><img loading=\"lazy\" decoding=\"async\" class=\"stk-img wp-image-601\" src=\"https:\/\/monterosacoffeecol.com\/wp-content\/uploads\/2025\/08\/pexels-goumbik-942736-scaled.jpg\" width=\"2560\" height=\"1696\" srcset=\"https:\/\/monterosacoffeecol.com\/wp-content\/uploads\/2025\/08\/pexels-goumbik-942736-scaled.jpg 2560w, https:\/\/monterosacoffeecol.com\/wp-content\/uploads\/2025\/08\/pexels-goumbik-942736-scaled-600x398.jpg 600w, https:\/\/monterosacoffeecol.com\/wp-content\/uploads\/2025\/08\/pexels-goumbik-942736-300x199.jpg 300w, https:\/\/monterosacoffeecol.com\/wp-content\/uploads\/2025\/08\/pexels-goumbik-942736-1024x678.jpg 1024w, https:\/\/monterosacoffeecol.com\/wp-content\/uploads\/2025\/08\/pexels-goumbik-942736-768x509.jpg 768w, https:\/\/monterosacoffeecol.com\/wp-content\/uploads\/2025\/08\/pexels-goumbik-942736-1536x1017.jpg 1536w, https:\/\/monterosacoffeecol.com\/wp-content\/uploads\/2025\/08\/pexels-goumbik-942736-2048x1356.jpg 2048w\" sizes=\"auto, (max-width: 2560px) 100vw, 2560px\" \/><\/span><\/figure><\/div>\n\n\n\n<div class=\"wp-block-stackable-column stk-block-column stk-column stk-block stk-53ef7ab\" data-v=\"4\" data-block-id=\"53ef7ab\"><style>.stk-53ef7ab {align-items:center !important;display:flex !important;}<\/style><div class=\"stk-column-wrapper stk-block-column__content stk-container stk-53ef7ab-container stk--no-background stk--no-padding\"><div class=\"stk-block-content stk-inner-blocks stk-53ef7ab-inner-blocks\">\n<div class=\"wp-block-stackable-heading stk-block-heading stk-block-heading--v2 stk-block stk-668c756\" id=\"variedad-geisha-200-gr-grano\" data-block-id=\"668c756\"><style>.stk-668c756 .stk-block-heading__text{color:#FFFFFF !important;}<\/style><h4 class=\"stk-block-heading__text has-text-color has-white-color\">Variedad Geisha 200 Gr Grano<\/h4><\/div>\n<\/div><\/div><\/div>\n<\/div><\/div>\n\n\n\n<div class=\"wp-block-buttons is-content-justification-center is-layout-flex wp-container-core-buttons-is-layout-a89b3969 wp-block-buttons-is-layout-flex\">\n<div class=\"wp-block-button\"><a class=\"wp-block-button__link wp-element-button\" href=\"https:\/\/monterosacoffeecol.com\/?product=tellus-molestie-nuncnon-blandit\">Comprar ahora <\/a><\/div>\n<\/div>\n<\/div><\/div><\/div>\n\n\n\n<div class=\"wp-block-stackable-column stk-block-column stk-column stk-block stk-93809ea\" data-v=\"4\" data-block-id=\"93809ea\"><style>.stk-93809ea-inner-blocks{justify-content:center !important;}@media screen and (min-width:690px){.stk-93809ea {flex:var(--stk-flex-grow, 1) 1 calc(33.33% - var(--stk-column-gap, 0px) * 2 \/ 3 ) !important;}}<\/style><div class=\"stk-column-wrapper stk-block-column__content stk-container stk-93809ea-container stk--no-background stk--no-padding\"><div class=\"stk--column-flex stk-block-content stk-inner-blocks stk-93809ea-inner-blocks\">\n<div class=\"wp-block-stackable-image-box stk-block-image-box stk-hover-parent stk-block stk-b7782ad is-style-default\" data-block-id=\"b7782ad\"><div class=\"stk-block-content stk-inner-blocks has-text-align-left stk-row stk-block-image-box__content\">\n<div class=\"wp-block-stackable-image stk-block-image stk-block stk-a0da28e\" data-block-id=\"a0da28e\"><style>.stk-a0da28e .stk-img-wrapper::after{background-color:#000000 !important;}<\/style><figure><span class=\"stk-img-wrapper stk-image--shape-stretch\"><img loading=\"lazy\" decoding=\"async\" class=\"stk-img wp-image-601\" src=\"https:\/\/monterosacoffeecol.com\/wp-content\/uploads\/2025\/08\/pexels-goumbik-942736-scaled.jpg\" width=\"2560\" height=\"1696\" srcset=\"https:\/\/monterosacoffeecol.com\/wp-content\/uploads\/2025\/08\/pexels-goumbik-942736-scaled.jpg 2560w, https:\/\/monterosacoffeecol.com\/wp-content\/uploads\/2025\/08\/pexels-goumbik-942736-scaled-600x398.jpg 600w, https:\/\/monterosacoffeecol.com\/wp-content\/uploads\/2025\/08\/pexels-goumbik-942736-300x199.jpg 300w, https:\/\/monterosacoffeecol.com\/wp-content\/uploads\/2025\/08\/pexels-goumbik-942736-1024x678.jpg 1024w, https:\/\/monterosacoffeecol.com\/wp-content\/uploads\/2025\/08\/pexels-goumbik-942736-768x509.jpg 768w, https:\/\/monterosacoffeecol.com\/wp-content\/uploads\/2025\/08\/pexels-goumbik-942736-1536x1017.jpg 1536w, https:\/\/monterosacoffeecol.com\/wp-content\/uploads\/2025\/08\/pexels-goumbik-942736-2048x1356.jpg 2048w\" sizes=\"auto, (max-width: 2560px) 100vw, 2560px\" \/><\/span><\/figure><\/div>\n\n\n\n<div class=\"wp-block-stackable-column stk-block-column stk-column stk-block stk-9b3f0ac\" data-v=\"4\" data-block-id=\"9b3f0ac\"><style>.stk-9b3f0ac {align-items:center !important;display:flex !important;}<\/style><div class=\"stk-column-wrapper stk-block-column__content stk-container stk-9b3f0ac-container stk--no-background stk--no-padding\"><div class=\"stk-block-content stk-inner-blocks stk-9b3f0ac-inner-blocks\">\n<div class=\"wp-block-stackable-heading stk-block-heading stk-block-heading--v2 stk-block stk-666dfc7\" id=\"img-title-3-placeholder\" data-block-id=\"666dfc7\"><style>.stk-666dfc7 .stk-block-heading__text{color:#FFFFFF !important;}<\/style><h3 class=\"stk-block-heading__text has-text-color has-white-color\">Variedad Geisha 100 Gr Grano<\/h3><\/div>\n<\/div><\/div><\/div>\n<\/div><\/div>\n\n\n\n<div class=\"wp-block-buttons is-content-justification-center is-layout-flex wp-container-core-buttons-is-layout-a89b3969 wp-block-buttons-is-layout-flex\">\n<div class=\"wp-block-button\"><a class=\"wp-block-button__link wp-element-button\" href=\"https:\/\/monterosacoffeecol.com\/?product=ornare-arcu-odio-utsem-nullapharetra-diam\">Comprar ahora<\/a><\/div>\n<\/div>\n<\/div><\/div><\/div>\n\n\n\n<div class=\"wp-block-stackable-column stk-block-column stk-column stk-block stk-91b8f72\" data-v=\"4\" data-block-id=\"91b8f72\"><style>.stk-91b8f72-inner-blocks{justify-content:center !important;}@media screen and (min-width:690px){.stk-91b8f72 {flex:var(--stk-flex-grow, 1) 1 calc(33.33% - var(--stk-column-gap, 0px) * 2 \/ 3 ) !important;}}<\/style><div class=\"stk-column-wrapper stk-block-column__content stk-container stk-91b8f72-container stk--no-background stk--no-padding\"><div class=\"stk--column-flex stk-block-content stk-inner-blocks stk-91b8f72-inner-blocks\">\n<div class=\"wp-block-stackable-image-box stk-block-image-box stk-hover-parent stk-block stk-a6824c0 is-style-default\" data-block-id=\"a6824c0\"><div class=\"stk-block-content stk-inner-blocks has-text-align-left stk-row stk-block-image-box__content\">\n<div class=\"wp-block-stackable-image stk-block-image stk-block stk-e3894e1\" data-block-id=\"e3894e1\"><style>.stk-e3894e1 .stk-img-wrapper::after{background-color:#000000 !important;}<\/style><figure><span class=\"stk-img-wrapper stk-image--shape-stretch\"><img loading=\"lazy\" decoding=\"async\" class=\"stk-img wp-image-779\" src=\"https:\/\/monterosacoffeecol.com\/wp-content\/uploads\/2025\/08\/Geisha-Molido.jpg\" width=\"1280\" height=\"853\" srcset=\"https:\/\/monterosacoffeecol.com\/wp-content\/uploads\/2025\/08\/Geisha-Molido.jpg 1280w, https:\/\/monterosacoffeecol.com\/wp-content\/uploads\/2025\/08\/Geisha-Molido-300x200.jpg 300w, https:\/\/monterosacoffeecol.com\/wp-content\/uploads\/2025\/08\/Geisha-Molido-1024x682.jpg 1024w, https:\/\/monterosacoffeecol.com\/wp-content\/uploads\/2025\/08\/Geisha-Molido-768x512.jpg 768w, https:\/\/monterosacoffeecol.com\/wp-content\/uploads\/2025\/08\/Geisha-Molido-600x400.jpg 600w\" sizes=\"auto, (max-width: 1280px) 100vw, 1280px\" \/><\/span><\/figure><\/div>\n\n\n\n<div class=\"wp-block-stackable-column stk-block-column stk-column stk-block stk-31a4c17\" data-v=\"4\" data-block-id=\"31a4c17\"><style>.stk-31a4c17 {align-items:center !important;display:flex !important;}<\/style><div class=\"stk-column-wrapper stk-block-column__content stk-container stk-31a4c17-container stk--no-background stk--no-padding\"><div class=\"stk-block-content stk-inner-blocks stk-31a4c17-inner-blocks\">\n<div class=\"wp-block-stackable-heading stk-block-heading stk-block-heading--v2 stk-block stk-1ec02ac\" id=\"img-title-4-placeholder\" data-block-id=\"1ec02ac\"><style>.stk-1ec02ac .stk-block-heading__text{color:#FFFFFF !important;}<\/style><h3 class=\"stk-block-heading__text has-text-color has-white-color has-text-align-center\">Variedad Geisha de 400 Gr Molido<\/h3><\/div>\n<\/div><\/div><\/div>\n<\/div><\/div>\n\n\n\n<div class=\"wp-block-buttons is-content-justification-center is-layout-flex wp-container-core-buttons-is-layout-a89b3969 wp-block-buttons-is-layout-flex\">\n<div class=\"wp-block-button\"><a class=\"wp-block-button__link wp-element-button\" href=\"https:\/\/monterosacoffeecol.com\/?product=variedad-geisha-400-gr-molido\">Comprar ahora<\/a><\/div>\n<\/div>\n<\/div><\/div><\/div>\n\n\n\n<div class=\"wp-block-stackable-column stk-block-column stk-column stk-block stk-4c80612\" data-v=\"4\" data-block-id=\"4c80612\"><style>.stk-4c80612-inner-blocks{justify-content:center !important;}@media screen and (min-width:690px){.stk-4c80612 {flex:var(--stk-flex-grow, 1) 1 calc(33.33% - var(--stk-column-gap, 0px) * 2 \/ 3 ) !important;}}<\/style><div class=\"stk-column-wrapper stk-block-column__content stk-container stk-4c80612-container stk--no-background stk--no-padding\"><div class=\"stk--column-flex stk-block-content stk-inner-blocks stk-4c80612-inner-blocks\">\n<div class=\"wp-block-stackable-image-box stk-block-image-box stk-hover-parent stk-block stk-c66750a is-style-default\" data-block-id=\"c66750a\"><div class=\"stk-block-content stk-inner-blocks has-text-align-left stk-row stk-block-image-box__content\">\n<div class=\"wp-block-stackable-image stk-block-image stk-block stk-10e209a\" data-block-id=\"10e209a\"><style>.stk-10e209a .stk-img-wrapper::after{background-color:#000000 !important;}<\/style><figure><span class=\"stk-img-wrapper stk-image--shape-stretch\"><img loading=\"lazy\" decoding=\"async\" class=\"stk-img wp-image-779\" src=\"https:\/\/monterosacoffeecol.com\/wp-content\/uploads\/2025\/08\/Geisha-Molido.jpg\" width=\"1280\" height=\"853\" srcset=\"https:\/\/monterosacoffeecol.com\/wp-content\/uploads\/2025\/08\/Geisha-Molido.jpg 1280w, https:\/\/monterosacoffeecol.com\/wp-content\/uploads\/2025\/08\/Geisha-Molido-300x200.jpg 300w, https:\/\/monterosacoffeecol.com\/wp-content\/uploads\/2025\/08\/Geisha-Molido-1024x682.jpg 1024w, https:\/\/monterosacoffeecol.com\/wp-content\/uploads\/2025\/08\/Geisha-Molido-768x512.jpg 768w, https:\/\/monterosacoffeecol.com\/wp-content\/uploads\/2025\/08\/Geisha-Molido-600x400.jpg 600w\" sizes=\"auto, (max-width: 1280px) 100vw, 1280px\" \/><\/span><\/figure><\/div>\n\n\n\n<div class=\"wp-block-stackable-column stk-block-column stk-column stk-block stk-543ca50\" data-v=\"4\" data-block-id=\"543ca50\"><style>.stk-543ca50 {align-items:center !important;display:flex !important;}<\/style><div class=\"stk-column-wrapper stk-block-column__content stk-container stk-543ca50-container stk--no-background stk--no-padding\"><div class=\"stk-block-content stk-inner-blocks stk-543ca50-inner-blocks\">\n<div class=\"wp-block-stackable-heading stk-block-heading stk-block-heading--v2 stk-block stk-b7be1f3\" id=\"img-title-5-placeholder\" data-block-id=\"b7be1f3\"><style>.stk-b7be1f3 .stk-block-heading__text{color:#FFFFFF !important;}<\/style><h3 class=\"stk-block-heading__text has-text-color has-white-color has-text-align-center\">Variedad Geisha de 200 Gr Molido<\/h3><\/div>\n<\/div><\/div><\/div>\n<\/div><\/div>\n\n\n\n<div class=\"wp-block-buttons is-content-justification-center is-layout-flex wp-container-core-buttons-is-layout-a89b3969 wp-block-buttons-is-layout-flex\">\n<div class=\"wp-block-button\"><a class=\"wp-block-button__link wp-element-button\" href=\"https:\/\/monterosacoffeecol.com\/?product=variedad-geisha-200-gr-molido\">Comprar ahora<\/a><\/div>\n<\/div>\n<\/div><\/div><\/div>\n\n\n\n<div class=\"wp-block-stackable-column stk-block-column stk-column stk-block stk-20f249e\" data-v=\"4\" data-block-id=\"20f249e\"><style>.stk-20f249e-inner-blocks{justify-content:center !important;}@media screen and (min-width:690px){.stk-20f249e {flex:var(--stk-flex-grow, 1) 1 calc(33.33% - var(--stk-column-gap, 0px) * 2 \/ 3 ) !important;}}<\/style><div class=\"stk-column-wrapper stk-block-column__content stk-container stk-20f249e-container stk--no-background stk--no-padding\"><div class=\"stk--column-flex stk-block-content stk-inner-blocks stk-20f249e-inner-blocks\">\n<div class=\"wp-block-stackable-image-box stk-block-image-box stk-hover-parent stk-block stk-eb5c173 is-style-default\" data-block-id=\"eb5c173\"><div class=\"stk-block-content stk-inner-blocks has-text-align-left stk-row stk-block-image-box__content\">\n<div class=\"wp-block-stackable-image stk-block-image stk-block stk-9b07249\" data-block-id=\"9b07249\"><style>.stk-9b07249 .stk-img-wrapper::after{background-color:#000000 !important;}<\/style><figure><span class=\"stk-img-wrapper stk-image--shape-stretch\"><img loading=\"lazy\" decoding=\"async\" class=\"stk-img wp-image-779\" src=\"https:\/\/monterosacoffeecol.com\/wp-content\/uploads\/2025\/08\/Geisha-Molido.jpg\" width=\"1280\" height=\"853\" srcset=\"https:\/\/monterosacoffeecol.com\/wp-content\/uploads\/2025\/08\/Geisha-Molido.jpg 1280w, https:\/\/monterosacoffeecol.com\/wp-content\/uploads\/2025\/08\/Geisha-Molido-300x200.jpg 300w, https:\/\/monterosacoffeecol.com\/wp-content\/uploads\/2025\/08\/Geisha-Molido-1024x682.jpg 1024w, https:\/\/monterosacoffeecol.com\/wp-content\/uploads\/2025\/08\/Geisha-Molido-768x512.jpg 768w, https:\/\/monterosacoffeecol.com\/wp-content\/uploads\/2025\/08\/Geisha-Molido-600x400.jpg 600w\" sizes=\"auto, (max-width: 1280px) 100vw, 1280px\" \/><\/span><\/figure><\/div>\n\n\n\n<div class=\"wp-block-stackable-column stk-block-column stk-column stk-block stk-7a698f0\" data-v=\"4\" data-block-id=\"7a698f0\"><style>.stk-7a698f0 {align-items:center !important;display:flex !important;}<\/style><div class=\"stk-column-wrapper stk-block-column__content stk-container stk-7a698f0-container stk--no-background stk--no-padding\"><div class=\"stk-block-content stk-inner-blocks stk-7a698f0-inner-blocks\">\n<div class=\"wp-block-stackable-heading stk-block-heading stk-block-heading--v2 stk-block stk-c9f6f65\" id=\"img-title-6-placeholder\" data-block-id=\"c9f6f65\"><style>.stk-c9f6f65 .stk-block-heading__text{color:#FFFFFF !important;}<\/style><h3 class=\"stk-block-heading__text has-text-color has-white-color has-text-align-center\">Variedad Geisha de 100 Gr Molido<\/h3><\/div>\n<\/div><\/div><\/div>\n<\/div><\/div>\n\n\n\n<div class=\"wp-block-buttons is-content-justification-center is-layout-flex wp-container-core-buttons-is-layout-a89b3969 wp-block-buttons-is-layout-flex\">\n<div class=\"wp-block-button\"><a class=\"wp-block-button__link wp-element-button\" href=\"https:\/\/monterosacoffeecol.com\/?product=variedad-geisha-100-gr-molido\">Comprar ahora<\/a><\/div>\n<\/div>\n<\/div><\/div><\/div>\n<\/div><\/div>\n\n\n\n<div class=\"wp-block-stackable-divider stk-block-divider stk-block stk-d770c76\" data-block-id=\"d770c76\"><hr class=\"stk-block-divider__hr\"\/><\/div>\n\n\n\n<p><\/p>\n","protected":false},"excerpt":{"rendered":"<p>Desde las laderas soleadas y f\u00e9rtiles de nuestras monta\u00f1as, el Caf\u00e9 Geisha Monte Rosa refleja la m\u00e1xima expresi\u00f3n del caf\u00e9 colombiano. Este grano elegante, cultivado en armon\u00eda con la naturaleza, ofrece una experiencia sensorial \u00fanica: suavidad envolvente, aromas florales y delicados matices frutales que elevan cada sorbo. Su proceso lavado con fermentaci\u00f3n prolongada garantiza una [&hellip;]<\/p>\n","protected":false},"author":1,"featured_media":0,"parent":0,"menu_order":0,"comment_status":"closed","ping_status":"closed","template":"","meta":{"_joinchat":[],"footnotes":""},"class_list":["post-805","page","type-page","status-publish","hentry"],"blocksy_meta":[],"jetpack_sharing_enabled":true,"_links":{"self":[{"href":"https:\/\/monterosacoffeecol.com\/index.php?rest_route=\/wp\/v2\/pages\/805","targetHints":{"allow":["GET"]}}],"collection":[{"href":"https:\/\/monterosacoffeecol.com\/index.php?rest_route=\/wp\/v2\/pages"}],"about":[{"href":"https:\/\/monterosacoffeecol.com\/index.php?rest_route=\/wp\/v2\/types\/page"}],"author":[{"embeddable":true,"href":"https:\/\/monterosacoffeecol.com\/index.php?rest_route=\/wp\/v2\/users\/1"}],"replies":[{"embeddable":true,"href":"https:\/\/monterosacoffeecol.com\/index.php?rest_route=%2Fwp%2Fv2%2Fcomments&post=805"}],"version-history":[{"count":14,"href":"https:\/\/monterosacoffeecol.com\/index.php?rest_route=\/wp\/v2\/pages\/805\/revisions"}],"predecessor-version":[{"id":1051,"href":"https:\/\/monterosacoffeecol.com\/index.php?rest_route=\/wp\/v2\/pages\/805\/revisions\/1051"}],"wp:attachment":[{"href":"https:\/\/monterosacoffeecol.com\/index.php?rest_route=%2Fwp%2Fv2%2Fmedia&parent=805"}],"curies":[{"name":"wp","href":"https:\/\/api.w.org\/{rel}","templated":true}]}}