{"id":2,"date":"2025-08-21T00:16:06","date_gmt":"2025-08-20T22:16:06","guid":{"rendered":"https:\/\/monterosacoffeecol.com\/?page_id=2"},"modified":"2025-10-07T19:39:42","modified_gmt":"2025-10-08T00:39:42","slug":"pagina-ejemplo","status":"publish","type":"page","link":"https:\/\/monterosacoffeecol.com\/?page_id=2","title":{"rendered":"Moka Italiana"},"content":{"rendered":"\n<blockquote class=\"wp-block-quote is-layout-flow wp-block-quote-is-layout-flow\">\n<p><\/p>\n<\/blockquote>\n\n\n\n<div class=\"wp-block-cover alignfull is-light\"><img loading=\"lazy\" decoding=\"async\" width=\"427\" height=\"448\" class=\"wp-block-cover__image-background wp-image-1081 size-full\" alt=\"\" src=\"https:\/\/monterosacoffeecol.com\/wp-content\/uploads\/2025\/10\/53.png\" data-object-fit=\"cover\" srcset=\"https:\/\/monterosacoffeecol.com\/wp-content\/uploads\/2025\/10\/53.png 427w, https:\/\/monterosacoffeecol.com\/wp-content\/uploads\/2025\/10\/53-286x300.png 286w, https:\/\/monterosacoffeecol.com\/wp-content\/uploads\/2025\/10\/53-300x315.png 300w\" sizes=\"auto, (max-width: 427px) 100vw, 427px\" \/><span aria-hidden=\"true\" class=\"wp-block-cover__background has-background-dim\" style=\"background-color:#8d867b\"><\/span><div class=\"wp-block-cover__inner-container is-layout-flow wp-block-cover-is-layout-flow\">\n<div class=\"wp-block-group alignfull is-layout-constrained wp-block-group-is-layout-constrained\">\n<h1 class=\"wp-block-heading\"><span style=\"color: #eee7e7;\" class=\"stk-highlight\">Caf\u00e9 Monte Rosa<\/span><\/h1>\n\n\n\n<div class=\"wp-block-stackable-heading stk-block-heading stk-block-heading--v2 stk-block stk-f609ca9\" id=\"span-style-color-fffffe-class-stk-highlight-metodos-de-preparacion-span\" data-block-id=\"f609ca9\"><h2 class=\"stk-block-heading__text\"><span style=\"color: #fffffe;\" class=\"stk-highlight\">M\u00e9todos de preparaci\u00f3n<\/span><\/h2><\/div>\n\n\n\n<div class=\"wp-block-buttons is-layout-flex wp-block-buttons-is-layout-flex\">\n<div class=\"wp-block-button\"><a class=\"wp-block-button__link wp-element-button\" href=\"https:\/\/monterosacoffeecol.com\/?product_cat=variedad-bourbon-rosado\">Comprar ahora<\/a><\/div>\n\n\n\n<div class=\"wp-block-button\"><a class=\"wp-block-button__link wp-element-button\" href=\"https:\/\/monterosacoffeecol.com\/?page_id=758\">Conoce nuestros m\u00e9todos<\/a><\/div>\n<\/div>\n<\/div>\n<\/div><\/div>\n\n\n\n<div class=\"wp-block-stackable-divider stk-block-divider stk-block stk-147f1fc\" data-block-id=\"147f1fc\"><hr class=\"stk-block-divider__hr\"\/><\/div>\n\n\n\n<div class=\"wp-block-stackable-heading stk-block-heading stk-block-heading--v2 stk-block stk-4db4440\" id=\"moka-italiana-cafe-intenso-y-lleno-de-caracter\" data-block-id=\"4db4440\"><h2 class=\"stk-block-heading__text has-text-align-center\">Moka Italiana                                                                                                                               Caf\u00e9 intenso y lleno de car\u00e1cter<\/h2><\/div>\n\n\n\n<blockquote class=\"wp-block-quote has-text-align-center is-layout-flow wp-block-quote-is-layout-flow\">\n<p>El m\u00e9todo cl\u00e1sico para disfrutar un espresso casero, f\u00e1cil y lleno de sabor<\/p>\n<\/blockquote>\n\n\n\n<div class=\"wp-block-stackable-divider stk-block-divider stk-block stk-ec88408\" data-block-id=\"ec88408\"><hr class=\"stk-block-divider__hr\"\/><\/div>\n\n\n\n<p>La Moka Italiana, tambi\u00e9n conocida como cafetera de estufa, es un \u00edcono en los hogares cafeteros del mundo. Su dise\u00f1o sencillo permite preparar un caf\u00e9 intenso, con cuerpo y aroma, que recuerda al espresso pero con un toque artesanal \u00fanico<\/p>\n\n\n\n<ul class=\"wp-block-list\">\n<li>Llena la parte inferior de la Moka con agua hasta la v\u00e1lvula.<\/li>\n\n\n\n<li>Coloca el caf\u00e9 molido en el filtro (sin presionar).<\/li>\n\n\n\n<li>Arma la cafetera y ponla a fuego medio-bajo.<\/li>\n\n\n\n<li>Espera a que el agua suba y convierta el caf\u00e9 en la parte superior.<\/li>\n\n\n\n<li>Retira del fuego cuando empiece a burbujear.<\/li>\n\n\n\n<li>Sirve y disfruta caliente.<\/li>\n<\/ul>\n\n\n\n<div class=\"wp-block-stackable-separator alignfull stk-block-separator stk--no-padding stk-block stk-a1d342f\" data-block-id=\"a1d342f\"><div class=\"stk-block-separator__inner\"><svg xmlns=\"http:\/\/www.w3.org\/2000\/svg\" viewBox=\"0 0 1600 200\" class=\"stk-separator__layer-1\" preserveAspectRatio=\"none\" aria-hidden=\"true\"><path class=\"wave-1_svg__st2\" d=\"M1341.4 48.9c-182.4 0-254.2 80.4-429.4 80.4-117.8 0-209.7-67.5-393.5-67.5-142.2 0-212.6 38.8-324.6 38.8S-10 64.7-10 64.7V210h1620V102c-110.6-40.2-181-53.1-268.6-53.1z\"><\/path><\/svg><\/div><\/div>\n\n\n\n<div class=\"wp-block-stackable-heading stk-block-heading stk-block-heading--v2 stk-block stk-815344a\" id=\"heading-placeholder\" data-block-id=\"815344a\"><style>.stk-815344a .stk-block-heading__bottom-line{height:2px !important;margin-top:21px !important;margin-left:auto !important;margin-right:auto !important;}<\/style><h2 class=\"stk-block-heading__text has-text-align-center\">Descubre nuestras Mokas Italianas.<\/h2><div class=\"stk-block-heading__bottom-line\"><\/div><\/div>\n\n\n\n<div class=\"wp-block-stackable-carousel stk-block-carousel stk--is-slide stk--arrows-justify-space-between stk--arrows-align-center stk-block stk-a5e0694\" data-slides-to-show=\"3\" data-block-id=\"a5e0694\"><style>.stk-a5e0694 {--slides-to-show:3 !important;}@media screen and (max-width:689px){.stk-a5e0694 {--slides-to-show:1 !important;}}<\/style><div class=\"stk-block-carousel__content-wrapper\"><div class=\"stk-row stk-inner-blocks stk-block-content stk-block-carousel__slider-wrapper stk-content-align stk-a5e0694-column\"><div class=\"stk-block-carousel__slider\" role=\"list\" data-autoplay=\"4000\" data-label-slide-of=\"Slide %%d of %%d\" tabindex=\"0\">\n<div class=\"wp-block-stackable-column stk-block-column stk-column stk-block stk-cd5e0cf\" data-v=\"4\" data-block-id=\"cd5e0cf\"><div class=\"stk-column-wrapper stk-block-column__content stk-container stk-cd5e0cf-container stk-hover-parent\"><div class=\"stk-block-content stk-inner-blocks stk-cd5e0cf-inner-blocks\">\n<div class=\"wp-block-stackable-image stk-block-image stk-block stk-cecfc31\" data-block-id=\"cecfc31\"><figure><span class=\"stk-img-wrapper stk-image--shape-stretch\"><img loading=\"lazy\" decoding=\"async\" class=\"stk-img wp-image-1127\" src=\"https:\/\/monterosacoffeecol.com\/wp-content\/uploads\/2025\/10\/Captura-de-pantalla-2025-10-06-161118.png\" width=\"450\" height=\"627\" srcset=\"https:\/\/monterosacoffeecol.com\/wp-content\/uploads\/2025\/10\/Captura-de-pantalla-2025-10-06-161118.png 450w, https:\/\/monterosacoffeecol.com\/wp-content\/uploads\/2025\/10\/Captura-de-pantalla-2025-10-06-161118-215x300.png 215w, https:\/\/monterosacoffeecol.com\/wp-content\/uploads\/2025\/10\/Captura-de-pantalla-2025-10-06-161118-300x418.png 300w\" sizes=\"auto, (max-width: 450px) 100vw, 450px\" \/><\/span><\/figure><\/div>\n\n\n\n<div class=\"wp-block-stackable-heading stk-block-heading stk-block-heading--v2 stk-block stk-a0ca848\" id=\"title-1-placeholder\" data-block-id=\"a0ca848\"><style>.stk-a0ca848 .stk-block-heading__text{font-weight:bold !important;}<\/style><h3 class=\"stk-block-heading__text has-text-align-center\">Cafetera Italiana Cl\u00e1sica Manual Aluminio 300ml Color Plateado<\/h3><\/div>\n\n\n\n<div class=\"wp-block-buttons alignwide is-content-justification-center is-layout-flex wp-container-core-buttons-is-layout-a89b3969 wp-block-buttons-is-layout-flex\">\n<div class=\"wp-block-button\"><a class=\"wp-block-button__link wp-element-button\" href=\"https:\/\/monterosacoffeecol.com\/?product=cafetera-italiana-clasica-manual-aluminio-300ml-color-plateado\">Comprar ahora<\/a><\/div>\n<\/div>\n<\/div><\/div><\/div>\n\n\n\n<div class=\"wp-block-stackable-column stk-block-column stk-column stk-block stk-3c272e3\" data-v=\"4\" data-block-id=\"3c272e3\"><div class=\"stk-column-wrapper stk-block-column__content stk-container stk-3c272e3-container stk-hover-parent\"><div class=\"stk-block-content stk-inner-blocks stk-3c272e3-inner-blocks\">\n<div class=\"wp-block-stackable-image stk-block-image stk-block stk-2aa0fa3\" data-block-id=\"2aa0fa3\"><style>.stk-2aa0fa3 .stk-img-wrapper{width:400px !important;height:472px !important;}<\/style><figure><span class=\"stk-img-wrapper stk-image--shape-stretch\"><img loading=\"lazy\" decoding=\"async\" class=\"stk-img wp-image-1131\" src=\"https:\/\/monterosacoffeecol.com\/wp-content\/uploads\/2025\/10\/Captura-de-pantalla-2025-10-06-164626.png\" width=\"753\" height=\"537\" srcset=\"https:\/\/monterosacoffeecol.com\/wp-content\/uploads\/2025\/10\/Captura-de-pantalla-2025-10-06-164626.png 753w, https:\/\/monterosacoffeecol.com\/wp-content\/uploads\/2025\/10\/Captura-de-pantalla-2025-10-06-164626-300x214.png 300w, https:\/\/monterosacoffeecol.com\/wp-content\/uploads\/2025\/10\/Captura-de-pantalla-2025-10-06-164626-600x428.png 600w\" sizes=\"auto, (max-width: 753px) 100vw, 753px\" \/><\/span><\/figure><\/div>\n\n\n\n<div class=\"wp-block-stackable-heading stk-block-heading stk-block-heading--v2 stk-block stk-b83993a\" id=\"title-2-placeholder\" data-block-id=\"b83993a\"><style>.stk-b83993a .stk-block-heading__text{font-weight:bold !important;}<\/style><h3 class=\"stk-block-heading__text has-text-align-center\">Cafetera Italiana Cl\u00e1sica Manual Aluminio 450ml Color Negra<\/h3><\/div>\n\n\n\n<div class=\"wp-block-buttons is-content-justification-center is-layout-flex wp-container-core-buttons-is-layout-a89b3969 wp-block-buttons-is-layout-flex\">\n<div class=\"wp-block-button\"><a class=\"wp-block-button__link wp-element-button\" href=\"https:\/\/monterosacoffeecol.com\/?product=cafetera-italiana-clasica-manual-aluminio-450ml-color-negra\">Comprar ahora<\/a><\/div>\n<\/div>\n<\/div><\/div><\/div>\n\n\n\n<div class=\"wp-block-stackable-column stk-block-column stk-column stk-block stk-389d8df\" data-v=\"4\" data-block-id=\"389d8df\"><div class=\"stk-column-wrapper stk-block-column__content stk-container stk-389d8df-container stk-hover-parent\"><div class=\"stk-block-content stk-inner-blocks stk-389d8df-inner-blocks\">\n<div class=\"wp-block-stackable-image stk-block-image stk-block stk-e1a5d42\" data-block-id=\"e1a5d42\"><style>.stk-e1a5d42 .stk-img-wrapper{width:350px !important;height:483px !important;}<\/style><figure><span class=\"stk-img-wrapper stk-image--shape-stretch\"><img loading=\"lazy\" decoding=\"async\" class=\"stk-img wp-image-1142\" src=\"https:\/\/monterosacoffeecol.com\/wp-content\/uploads\/2025\/10\/Captura-de-pantalla-2025-10-07-083253.png\" width=\"637\" height=\"677\" srcset=\"https:\/\/monterosacoffeecol.com\/wp-content\/uploads\/2025\/10\/Captura-de-pantalla-2025-10-07-083253.png 637w, https:\/\/monterosacoffeecol.com\/wp-content\/uploads\/2025\/10\/Captura-de-pantalla-2025-10-07-083253-282x300.png 282w, https:\/\/monterosacoffeecol.com\/wp-content\/uploads\/2025\/10\/Captura-de-pantalla-2025-10-07-083253-300x319.png 300w, https:\/\/monterosacoffeecol.com\/wp-content\/uploads\/2025\/10\/Captura-de-pantalla-2025-10-07-083253-600x638.png 600w\" sizes=\"auto, (max-width: 637px) 100vw, 637px\" \/><\/span><\/figure><\/div>\n\n\n\n<div class=\"wp-block-stackable-heading stk-block-heading stk-block-heading--v2 stk-block stk-b3e7cb1\" id=\"cafetera-italiana-moka-acero-6-tazas\" data-block-id=\"b3e7cb1\"><h2 class=\"stk-block-heading__text\">Cafetera Italiana Moka Acero 6 Tazas<\/h2><\/div>\n\n\n\n<div class=\"wp-block-buttons is-content-justification-center is-layout-flex wp-container-core-buttons-is-layout-a89b3969 wp-block-buttons-is-layout-flex\">\n<div class=\"wp-block-button\"><a class=\"wp-block-button__link wp-element-button\" href=\"https:\/\/monterosacoffeecol.com\/?product=cafetera-italiana-moka-acero-6-tazas\">Comprar ahora<\/a><\/div>\n<\/div>\n<\/div><\/div><\/div>\n\n\n\n<div class=\"wp-block-stackable-column stk-block-column stk-column stk-block stk-afa2cc8\" data-v=\"4\" data-block-id=\"afa2cc8\"><div class=\"stk-column-wrapper stk-block-column__content stk-container stk-afa2cc8-container stk-hover-parent\"><div class=\"stk-block-content stk-inner-blocks stk-afa2cc8-inner-blocks\">\n<div class=\"wp-block-stackable-image stk-block-image stk-block stk-d2d35ac\" data-block-id=\"d2d35ac\"><style>.stk-d2d35ac .stk-img-wrapper{width:358px !important;}<\/style><figure><span class=\"stk-img-wrapper stk-image--shape-stretch\"><img loading=\"lazy\" decoding=\"async\" class=\"stk-img wp-image-1145\" src=\"https:\/\/monterosacoffeecol.com\/wp-content\/uploads\/2025\/10\/Captura-de-pantalla-2025-10-07-084953.png\" width=\"317\" height=\"458\" srcset=\"https:\/\/monterosacoffeecol.com\/wp-content\/uploads\/2025\/10\/Captura-de-pantalla-2025-10-07-084953.png 317w, https:\/\/monterosacoffeecol.com\/wp-content\/uploads\/2025\/10\/Captura-de-pantalla-2025-10-07-084953-208x300.png 208w, https:\/\/monterosacoffeecol.com\/wp-content\/uploads\/2025\/10\/Captura-de-pantalla-2025-10-07-084953-300x433.png 300w\" sizes=\"auto, (max-width: 317px) 100vw, 317px\" \/><\/span><\/figure><\/div>\n\n\n\n<div class=\"wp-block-stackable-heading stk-block-heading stk-block-heading--v2 stk-block stk-6d8658d\" id=\"title-3-placeholder\" data-block-id=\"6d8658d\"><style>.stk-6d8658d .stk-block-heading__text{font-weight:bold !important;}<\/style><h3 class=\"stk-block-heading__text has-text-align-center\">Cafetera Italiana Moka Acero 9 Tazas Duo Color<\/h3><\/div>\n\n\n\n<div class=\"wp-block-buttons is-content-justification-center is-layout-flex wp-container-core-buttons-is-layout-a89b3969 wp-block-buttons-is-layout-flex\">\n<div class=\"wp-block-button\"><a class=\"wp-block-button__link wp-element-button\" href=\"https:\/\/monterosacoffeecol.com\/?product=cafetera-italiana-moka-acero-9-tazas-duo-color\">Comprar ahora<\/a><\/div>\n<\/div>\n<\/div><\/div><\/div>\n\n\n\n<div class=\"wp-block-stackable-column stk-block-column stk-column stk-block stk-8f94d52\" data-v=\"4\" data-block-id=\"8f94d52\"><div class=\"stk-column-wrapper stk-block-column__content stk-container stk-8f94d52-container stk-hover-parent\"><div class=\"stk-block-content stk-inner-blocks stk-8f94d52-inner-blocks\">\n<div class=\"wp-block-stackable-image stk-block-image stk-block stk-e870481\" data-block-id=\"e870481\"><style>.stk-e870481 .stk-img-wrapper{width:350px !important;height:531px !important;}<\/style><figure><span class=\"stk-img-wrapper stk-image--shape-stretch\"><img loading=\"lazy\" decoding=\"async\" class=\"stk-img wp-image-1139\" src=\"https:\/\/monterosacoffeecol.com\/wp-content\/uploads\/2025\/10\/Captura-de-pantalla-2025-10-07-080138.png\" width=\"253\" height=\"277\"\/><\/span><\/figure><\/div>\n\n\n\n<div class=\"wp-block-stackable-heading stk-block-heading stk-block-heading--v2 stk-block stk-3c6cacd\" id=\"title-3-placeholder\" data-block-id=\"3c6cacd\"><style>.stk-3c6cacd .stk-block-heading__text{font-weight:bold !important;}<\/style><h3 class=\"stk-block-heading__text has-text-align-center\">Cafetera Italiana Cl\u00e1sica de Colores Manual Aluminio 450ml Mango de Madera 6 Tazas<\/h3><\/div>\n\n\n\n<div class=\"wp-block-buttons is-content-justification-center is-layout-flex wp-container-core-buttons-is-layout-a89b3969 wp-block-buttons-is-layout-flex\">\n<div class=\"wp-block-button\"><a class=\"wp-block-button__link wp-element-button\" href=\"https:\/\/monterosacoffeecol.com\/?product=cafetera-italiana-clasica-de-colores-manual-aluminio-450ml-mango-de-madera-6-tazas\">Comprar ahora<\/a><\/div>\n<\/div>\n<\/div><\/div><\/div>\n\n\n\n<div class=\"wp-block-stackable-column stk-block-column stk-column stk-block stk-4900376\" data-v=\"4\" data-block-id=\"4900376\"><div class=\"stk-column-wrapper stk-block-column__content stk-container stk-4900376-container stk-hover-parent\"><div class=\"stk-block-content stk-inner-blocks stk-4900376-inner-blocks\">\n<div class=\"wp-block-stackable-image stk-block-image stk-block stk-4250459\" data-block-id=\"4250459\"><style>.stk-4250459 .stk-img-wrapper{width:250px !important;height:529px !important;}<\/style><figure><span class=\"stk-img-wrapper stk-image--shape-stretch\"><img loading=\"lazy\" decoding=\"async\" class=\"stk-img wp-image-1138\" src=\"https:\/\/monterosacoffeecol.com\/wp-content\/uploads\/2025\/10\/Captura-de-pantalla-2025-10-07-080107.png\" width=\"252\" height=\"277\"\/><\/span><\/figure><\/div>\n\n\n\n<div class=\"wp-block-stackable-heading stk-block-heading stk-block-heading--v2 stk-block stk-21700a5\" id=\"title-3-placeholder\" data-block-id=\"21700a5\"><style>.stk-21700a5 .stk-block-heading__text{font-weight:bold !important;}<\/style><h3 class=\"stk-block-heading__text has-text-align-center\">Cafetera Italiana Cl\u00e1sica de Colores Manual Aluminio 450ml Mango de Madera 6 Tazas<\/h3><\/div>\n\n\n\n<div class=\"wp-block-buttons is-content-justification-center is-layout-flex wp-container-core-buttons-is-layout-a89b3969 wp-block-buttons-is-layout-flex\">\n<div class=\"wp-block-button\"><a class=\"wp-block-button__link wp-element-button\" href=\"https:\/\/monterosacoffeecol.com\/?product=cafetera-italiana-clasica-de-colores-manual-aluminio-450ml-mango-de-madera-6-tazas\">Comprar ahora<\/a><\/div>\n<\/div>\n<\/div><\/div><\/div>\n\n\n\n<div class=\"wp-block-stackable-column stk-block-column stk-column stk-block stk-18487e0\" data-v=\"4\" data-block-id=\"18487e0\"><div class=\"stk-column-wrapper stk-block-column__content stk-container stk-18487e0-container stk-hover-parent\"><div class=\"stk-block-content stk-inner-blocks stk-18487e0-inner-blocks\">\n<div class=\"wp-block-stackable-image stk-block-image stk-block stk-547bb08\" data-block-id=\"547bb08\"><style>.stk-547bb08 .stk-img-wrapper{width:350px !important;height:574px !important;}<\/style><figure><span class=\"stk-img-wrapper stk-image--shape-stretch\"><img loading=\"lazy\" decoding=\"async\" class=\"stk-img wp-image-1140\" src=\"https:\/\/monterosacoffeecol.com\/wp-content\/uploads\/2025\/10\/Captura-de-pantalla-2025-10-07-080155.png\" width=\"252\" height=\"278\"\/><\/span><\/figure><\/div>\n\n\n\n<div class=\"wp-block-stackable-heading stk-block-heading stk-block-heading--v2 stk-block stk-ae05204\" id=\"title-3-placeholder\" data-block-id=\"ae05204\"><style>.stk-ae05204 .stk-block-heading__text{font-weight:bold !important;}<\/style><h3 class=\"stk-block-heading__text has-text-align-center\">Cafetera Italiana Cl\u00e1sica de Colores Manual Aluminio 450ml Mango de Madera 6 Tazas<\/h3><\/div>\n\n\n\n<div class=\"wp-block-buttons is-content-justification-center is-layout-flex wp-container-core-buttons-is-layout-a89b3969 wp-block-buttons-is-layout-flex\">\n<div class=\"wp-block-button\"><a class=\"wp-block-button__link wp-element-button\" href=\"https:\/\/monterosacoffeecol.com\/?product=cafetera-italiana-clasica-de-colores-manual-aluminio-450ml-mango-de-madera-6-tazas\">Comprar ahora<\/a><\/div>\n<\/div>\n<\/div><\/div><\/div>\n\n\n\n<div class=\"wp-block-stackable-column stk-block-column stk-column stk-block stk-bec0435\" data-v=\"4\" data-block-id=\"bec0435\"><div class=\"stk-column-wrapper stk-block-column__content stk-container stk-bec0435-container stk-hover-parent\"><div class=\"stk-block-content stk-inner-blocks stk-bec0435-inner-blocks\">\n<div class=\"wp-block-stackable-image stk-block-image stk-block stk-b1a7ee1\" data-block-id=\"b1a7ee1\"><style>.stk-b1a7ee1 .stk-img-wrapper{width:350px !important;height:574px !important;}<\/style><figure><span class=\"stk-img-wrapper stk-image--shape-stretch\"><img loading=\"lazy\" decoding=\"async\" class=\"stk-img wp-image-1129\" src=\"https:\/\/monterosacoffeecol.com\/wp-content\/uploads\/2025\/10\/Captura-de-pantalla-2025-10-06-161546.png\" width=\"535\" height=\"526\" srcset=\"https:\/\/monterosacoffeecol.com\/wp-content\/uploads\/2025\/10\/Captura-de-pantalla-2025-10-06-161546.png 535w, https:\/\/monterosacoffeecol.com\/wp-content\/uploads\/2025\/10\/Captura-de-pantalla-2025-10-06-161546-300x295.png 300w\" sizes=\"auto, (max-width: 535px) 100vw, 535px\" \/><\/span><\/figure><\/div>\n\n\n\n<div class=\"wp-block-stackable-heading stk-block-heading stk-block-heading--v2 stk-block stk-3e56f3e\" id=\"title-3-placeholder\" data-block-id=\"3e56f3e\"><style>.stk-3e56f3e .stk-block-heading__text{font-weight:bold !important;}<\/style><h3 class=\"stk-block-heading__text has-text-align-center\">Cafetera Italiana Cl\u00e1sica Manual Aluminio 450ml Color Negra<\/h3><\/div>\n\n\n\n<div class=\"wp-block-buttons is-content-justification-center is-layout-flex wp-container-core-buttons-is-layout-a89b3969 wp-block-buttons-is-layout-flex\">\n<div class=\"wp-block-button\"><a class=\"wp-block-button__link wp-element-button\" href=\"https:\/\/monterosacoffeecol.com\/?product=cafetera-italiana-clasica-manual-aluminio-450ml-color-plateado\">Comprar ahora<\/a><\/div>\n<\/div>\n<\/div><\/div><\/div>\n<\/div><div class=\"stk-block-carousel__buttons\"><button class=\"stk-block-carousel__button stk-block-carousel__button__prev\" aria-label=\"Previous slide\"><svg aria-hidden=\"true\" focusable=\"false\" data-prefix=\"fas\" data-icon=\"chevron-left\" class=\"svg-inline--fa fa-chevron-left\" xmlns=\"http:\/\/www.w3.org\/2000\/svg\" viewBox=\"0 0 320 512\" width=\"32\" height=\"32\"><path d=\"M34.52 239.03L228.87 44.69c9.37-9.37 24.57-9.37 33.94 0l22.67 22.67c9.36 9.36 9.37 24.52.04 33.9L131.49 256l154.02 154.75c9.34 9.38 9.32 24.54-.04 33.9l-22.67 22.67c-9.37 9.37-24.57 9.37-33.94 0L34.52 272.97c-9.37-9.37-9.37-24.57 0-33.94z\"><\/path><\/svg><\/button><button class=\"stk-block-carousel__button stk-block-carousel__button__next\" aria-label=\"Next slide\"><svg aria-hidden=\"true\" focusable=\"false\" data-prefix=\"fas\" data-icon=\"chevron-right\" class=\"svg-inline--fa fa-chevron-right\" xmlns=\"http:\/\/www.w3.org\/2000\/svg\" viewBox=\"0 0 320 512\" width=\"32\" height=\"32\"><path d=\"M285.476 272.971L91.132 467.314c-9.373 9.373-24.569 9.373-33.941 0l-22.667-22.667c-9.357-9.357-9.375-24.522-.04-33.901L188.505 256 34.484 101.255c-9.335-9.379-9.317-24.544.04-33.901l22.667-22.667c9.373-9.373 24.569-9.373 33.941 0L285.475 239.03c9.373 9.372 9.373 24.568.001 33.941z\"><\/path><\/svg><\/button><\/div><\/div><div class=\"stk-block-carousel__dots\" role=\"list\" data-label=\"Slide %%d\"><\/div><\/div><\/div>\n","protected":false},"excerpt":{"rendered":"<p>Moka Italiana Caf\u00e9 intenso y lleno de car\u00e1cter El m\u00e9todo cl\u00e1sico para disfrutar un espresso casero, f\u00e1cil y lleno de sabor La Moka Italiana, tambi\u00e9n conocida como cafetera de estufa, es un \u00edcono en los hogares cafeteros del mundo. Su dise\u00f1o sencillo permite preparar un caf\u00e9 intenso, con cuerpo y aroma, que recuerda al espresso [&hellip;]<\/p>\n","protected":false},"author":1,"featured_media":0,"parent":0,"menu_order":0,"comment_status":"closed","ping_status":"open","template":"","meta":{"_joinchat":[],"footnotes":""},"class_list":["post-2","page","type-page","status-publish","hentry"],"blocksy_meta":[],"jetpack_sharing_enabled":true,"_links":{"self":[{"href":"https:\/\/monterosacoffeecol.com\/index.php?rest_route=\/wp\/v2\/pages\/2","targetHints":{"allow":["GET"]}}],"collection":[{"href":"https:\/\/monterosacoffeecol.com\/index.php?rest_route=\/wp\/v2\/pages"}],"about":[{"href":"https:\/\/monterosacoffeecol.com\/index.php?rest_route=\/wp\/v2\/types\/page"}],"author":[{"embeddable":true,"href":"https:\/\/monterosacoffeecol.com\/index.php?rest_route=\/wp\/v2\/users\/1"}],"replies":[{"embeddable":true,"href":"https:\/\/monterosacoffeecol.com\/index.php?rest_route=%2Fwp%2Fv2%2Fcomments&post=2"}],"version-history":[{"count":5,"href":"https:\/\/monterosacoffeecol.com\/index.php?rest_route=\/wp\/v2\/pages\/2\/revisions"}],"predecessor-version":[{"id":1252,"href":"https:\/\/monterosacoffeecol.com\/index.php?rest_route=\/wp\/v2\/pages\/2\/revisions\/1252"}],"wp:attachment":[{"href":"https:\/\/monterosacoffeecol.com\/index.php?rest_route=%2Fwp%2Fv2%2Fmedia&parent=2"}],"curies":[{"name":"wp","href":"https:\/\/api.w.org\/{rel}","templated":true}]}}